{"id":8364,"date":"2023-01-26T18:09:36","date_gmt":"2023-01-26T17:09:36","guid":{"rendered":"https:\/\/butikhome.pl\/index.php\/produkt\/figi-slimea-bezowe\/"},"modified":"2023-04-14T12:42:33","modified_gmt":"2023-04-14T10:42:33","slug":"figi-slimea-bezowe","status":"publish","type":"product","link":"https:\/\/butikhome.pl\/index.php\/produkt\/figi-slimea-bezowe\/","title":{"rendered":"Figi Slimea Be\u017cowe"},"content":{"rendered":"<p><span>Oto figi, kt\u00f3re kusz\u0105 pi\u0119kn\u0105, a\u017curow\u0105 koronk\u0105 pn\u0105c\u0105 si\u0119 zar\u00f3wno wzd\u0142u\u017c linii ud, jak i po po\u015bladkach. Fason nieco wy\u017cszy, modeluj\u0105cy sylwetk\u0119 &#8211; bielizna lekko uciskaj\u0105c cia\u0142o wyszczupla brzuszek i modeluje lini\u0119 ud. Koronka zdecydowanie zachwyca spojrzenie i podkre\u015bla po\u015bladki. Bielizna do zada\u0144 specjalnych jeszcze nigdy chyba nie by\u0142a tak sexy! Sk\u0142ad: 58% poliamid, 42% elastan. <\/span><\/p>\n<table border=1 cellspacing=0 cellpadding=3>\n<tr>\n<td valign=top width=141>\n<p><span>Rozmiar<\/span><\/p>\n<\/td>\n<td valign=top width=141>\n<p><span>S<\/span><\/p>\n<\/td>\n<td valign=top width=142>\n<p><span>M<\/span><\/p>\n<\/td>\n<td valign=top width=142>\n<p><span>L<\/span><\/p>\n<\/td>\n<td valign=top width=142>\n<p><span>XL<\/span><\/p>\n<\/td>\n<td valign=top width=142>\n<p><span>XXL<\/span><\/p>\n<\/td>\n<\/tr>\n<tr>\n<td valign=top width=141>\n<p><span>Obw\u00f3d bioder<\/span><\/p>\n<\/td>\n<td valign=top width=141>\n<p><span>85-88 cm<\/span><\/p>\n<\/td>\n<td valign=top width=142>\n<p><span>89-92 cm<\/span><\/p>\n<\/td>\n<td valign=top width=142>\n<p><span>93-96 cm<\/span><\/p>\n<\/td>\n<td valign=top width=142>\n<p><span>97-100 cm<\/span><\/p>\n<\/td>\n<td valign=top width=142>\n<p><span>101-104 cm<\/span><\/p>\n<\/td>\n<\/tr>\n<\/table>\n<p><span>\u00a0<\/span><\/p>\n","protected":false},"excerpt":{"rendered":"<p>Oto figi, kt\u00f3re kusz\u0105 pi\u0119kn\u0105, a\u017curow\u0105 koronk\u0105 pn\u0105c\u0105 si\u0119 zar\u00f3wno wzd\u0142u\u017c linii ud, jak i po po\u015bladkach. Fason nieco wy\u017cszy, modeluj\u0105cy sylwetk\u0119 &#8211; bielizna lekko uciskaj\u0105c cia\u0142o wyszczupla brzuszek i modeluje lini\u0119 ud. Koronka zdecydowanie zachwyca spojrzenie i podkre\u015bla po\u015bladki. Bielizna do zada\u0144 specjalnych jeszcze nigdy chyba nie by\u0142a tak sexy! Sk\u0142ad: 58% poliamid, 42% &hellip; <\/p>\n","protected":false},"featured_media":8562,"comment_status":"open","ping_status":"closed","template":"","meta":[],"product_brand":[],"product_cat":[48,24,41,40,39,42,43],"product_tag":[],"class_list":{"0":"post-8364","1":"product","2":"type-product","3":"status-publish","4":"has-post-thumbnail","6":"product_cat-majtki-podkategoria-do-bielizny","7":"product_cat-produkty","8":"product_cat-l","9":"product_cat-m","10":"product_cat-s","11":"product_cat-xl","12":"product_cat-2xl","14":"first","15":"instock","16":"taxable","17":"shipping-taxable","18":"purchasable","19":"product-type-simple"},"_links":{"self":[{"href":"https:\/\/butikhome.pl\/index.php\/wp-json\/wp\/v2\/product\/8364","targetHints":{"allow":["GET"]}}],"collection":[{"href":"https:\/\/butikhome.pl\/index.php\/wp-json\/wp\/v2\/product"}],"about":[{"href":"https:\/\/butikhome.pl\/index.php\/wp-json\/wp\/v2\/types\/product"}],"replies":[{"embeddable":true,"href":"https:\/\/butikhome.pl\/index.php\/wp-json\/wp\/v2\/comments?post=8364"}],"wp:featuredmedia":[{"embeddable":true,"href":"https:\/\/butikhome.pl\/index.php\/wp-json\/wp\/v2\/media\/8562"}],"wp:attachment":[{"href":"https:\/\/butikhome.pl\/index.php\/wp-json\/wp\/v2\/media?parent=8364"}],"wp:term":[{"taxonomy":"product_brand","embeddable":true,"href":"https:\/\/butikhome.pl\/index.php\/wp-json\/wp\/v2\/product_brand?post=8364"},{"taxonomy":"product_cat","embeddable":true,"href":"https:\/\/butikhome.pl\/index.php\/wp-json\/wp\/v2\/product_cat?post=8364"},{"taxonomy":"product_tag","embeddable":true,"href":"https:\/\/butikhome.pl\/index.php\/wp-json\/wp\/v2\/product_tag?post=8364"}],"curies":[{"name":"wp","href":"https:\/\/api.w.org\/{rel}","templated":true}]}}