{"id":8369,"date":"2023-01-26T18:09:37","date_gmt":"2023-01-26T17:09:37","guid":{"rendered":"https:\/\/butikhome.pl\/index.php\/produkt\/figi-slimea-biale\/"},"modified":"2023-04-14T12:42:10","modified_gmt":"2023-04-14T10:42:10","slug":"figi-slimea-biale","status":"publish","type":"product","link":"https:\/\/butikhome.pl\/index.php\/produkt\/figi-slimea-biale\/","title":{"rendered":"Figi Slimea Bia\u0142e"},"content":{"rendered":"<p>Oto figi, kt\u00f3re kusz\u0105 pi\u0119kn\u0105, a\u017curow\u0105 koronk\u0105 pn\u0105c\u0105 si\u0119 zar\u00f3wno wzd\u0142u\u017c linii ud, jak i po po\u015bladkach. Fason nieco wy\u017cszy, modeluj\u0105cy sylwetk\u0119 &#8211; bielizna lekko uciskaj\u0105c cia\u0142o wyszczupla brzuszek i modeluje lini\u0119 ud. Koronka zdecydowanie zachwyca spojrzenie i podkre\u015bla po\u015bladki. Bielizna do zada\u0144 specjalnych jeszcze nigdy chyba nie by\u0142a tak sexy! Sk\u0142ad: 58% poliamid, 42% elastan.<\/p>\n<p>&nbsp;<\/p>\n<table border=\"1\" cellspacing=\"0\" cellpadding=\"3\">\n<tbody>\n<tr>\n<td valign=\"top\" width=\"141\">Rozmiar<\/td>\n<td valign=\"top\" width=\"141\">S<\/td>\n<td valign=\"top\" width=\"142\">M<\/td>\n<td valign=\"top\" width=\"142\">L<\/td>\n<td valign=\"top\" width=\"142\">XL<\/td>\n<td valign=\"top\" width=\"142\">XXL<\/td>\n<\/tr>\n<tr>\n<td valign=\"top\" width=\"141\">Obw\u00f3d bioder<\/td>\n<td valign=\"top\" width=\"141\">85-88 cm<\/td>\n<td valign=\"top\" width=\"142\">89-92 cm<\/td>\n<td valign=\"top\" width=\"142\">93-96 cm<\/td>\n<td valign=\"top\" width=\"142\">97-100 cm<\/td>\n<td valign=\"top\" width=\"142\">101-104 cm<\/td>\n<\/tr>\n<\/tbody>\n<\/table>\n<p>&nbsp;<\/p>\n","protected":false},"excerpt":{"rendered":"<p>Oto figi, kt\u00f3re kusz\u0105 pi\u0119kn\u0105, a\u017curow\u0105 koronk\u0105 pn\u0105c\u0105 si\u0119 zar\u00f3wno wzd\u0142u\u017c linii ud, jak i po po\u015bladkach. Fason nieco wy\u017cszy, modeluj\u0105cy sylwetk\u0119 &#8211; bielizna lekko uciskaj\u0105c cia\u0142o wyszczupla brzuszek i modeluje lini\u0119 ud. Koronka zdecydowanie zachwyca spojrzenie i podkre\u015bla po\u015bladki. Bielizna do zada\u0144 specjalnych jeszcze nigdy chyba nie by\u0142a tak sexy! Sk\u0142ad: 58% poliamid, 42% &hellip; <\/p>\n","protected":false},"featured_media":8556,"comment_status":"open","ping_status":"closed","template":"","meta":[],"product_brand":[],"product_cat":[48,24,41,40,39,42,37,43],"product_tag":[],"class_list":{"0":"post-8369","1":"product","2":"type-product","3":"status-publish","4":"has-post-thumbnail","6":"product_cat-majtki-podkategoria-do-bielizny","7":"product_cat-produkty","8":"product_cat-l","9":"product_cat-m","10":"product_cat-s","11":"product_cat-xl","12":"product_cat-xs","13":"product_cat-2xl","15":"first","16":"instock","17":"taxable","18":"shipping-taxable","19":"purchasable","20":"product-type-simple"},"_links":{"self":[{"href":"https:\/\/butikhome.pl\/index.php\/wp-json\/wp\/v2\/product\/8369","targetHints":{"allow":["GET"]}}],"collection":[{"href":"https:\/\/butikhome.pl\/index.php\/wp-json\/wp\/v2\/product"}],"about":[{"href":"https:\/\/butikhome.pl\/index.php\/wp-json\/wp\/v2\/types\/product"}],"replies":[{"embeddable":true,"href":"https:\/\/butikhome.pl\/index.php\/wp-json\/wp\/v2\/comments?post=8369"}],"wp:featuredmedia":[{"embeddable":true,"href":"https:\/\/butikhome.pl\/index.php\/wp-json\/wp\/v2\/media\/8556"}],"wp:attachment":[{"href":"https:\/\/butikhome.pl\/index.php\/wp-json\/wp\/v2\/media?parent=8369"}],"wp:term":[{"taxonomy":"product_brand","embeddable":true,"href":"https:\/\/butikhome.pl\/index.php\/wp-json\/wp\/v2\/product_brand?post=8369"},{"taxonomy":"product_cat","embeddable":true,"href":"https:\/\/butikhome.pl\/index.php\/wp-json\/wp\/v2\/product_cat?post=8369"},{"taxonomy":"product_tag","embeddable":true,"href":"https:\/\/butikhome.pl\/index.php\/wp-json\/wp\/v2\/product_tag?post=8369"}],"curies":[{"name":"wp","href":"https:\/\/api.w.org\/{rel}","templated":true}]}}