{"id":8415,"date":"2023-01-26T18:09:45","date_gmt":"2023-01-26T17:09:45","guid":{"rendered":"https:\/\/butikhome.pl\/index.php\/produkt\/figi-supressa-czarne\/"},"modified":"2023-04-14T12:40:33","modified_gmt":"2023-04-14T10:40:33","slug":"figi-supressa-czarne","status":"publish","type":"product","link":"https:\/\/butikhome.pl\/index.php\/produkt\/figi-supressa-czarne\/","title":{"rendered":"Figi Supressa Czarne"},"content":{"rendered":"<p>Rewelacyjne, wysokie figi modeluj\u0105ce strefy brzucha. Z silikonow\u0105 tasiemk\u0105, kt\u00f3ra zabezpiecza figi przed ich opadaniem i zsuwaniem si\u0119 z cia\u0142a. Ci\u0119te laserowo. W\u0142a\u015bciwie niezb\u0119dne, gdy szykuje si\u0119 wielkie wyj\u015bcie&#8230; Sk\u0142ad: 90% bawe\u0142na, 10% elastan.<\/p>\n<p>&nbsp;<\/p>\n","protected":false},"excerpt":{"rendered":"<p>Rewelacyjne, wysokie figi modeluj\u0105ce strefy brzucha. Z silikonow\u0105 tasiemk\u0105, kt\u00f3ra zabezpiecza figi przed ich opadaniem i zsuwaniem si\u0119 z cia\u0142a. Ci\u0119te laserowo. W\u0142a\u015bciwie niezb\u0119dne, gdy szykuje si\u0119 wielkie wyj\u015bcie&#8230; Sk\u0142ad: 90% bawe\u0142na, 10% elastan. &nbsp;<\/p>\n","protected":false},"featured_media":9052,"comment_status":"open","ping_status":"closed","template":"","meta":[],"product_brand":[],"product_cat":[48,24,41,40,39,42],"product_tag":[581,60,611,612,161],"class_list":{"0":"post-8415","1":"product","2":"type-product","3":"status-publish","4":"has-post-thumbnail","6":"product_cat-majtki-podkategoria-do-bielizny","7":"product_cat-produkty","8":"product_cat-l","9":"product_cat-m","10":"product_cat-s","11":"product_cat-xl","12":"product_tag-bawelna","13":"product_tag-ciete-laserowo","14":"product_tag-modeluja-strefe-brzucha","15":"product_tag-silikonowa-tasiemka","16":"product_tag-wysokie-figi","18":"first","19":"instock","20":"taxable","21":"shipping-taxable","22":"purchasable","23":"product-type-simple"},"_links":{"self":[{"href":"https:\/\/butikhome.pl\/index.php\/wp-json\/wp\/v2\/product\/8415","targetHints":{"allow":["GET"]}}],"collection":[{"href":"https:\/\/butikhome.pl\/index.php\/wp-json\/wp\/v2\/product"}],"about":[{"href":"https:\/\/butikhome.pl\/index.php\/wp-json\/wp\/v2\/types\/product"}],"replies":[{"embeddable":true,"href":"https:\/\/butikhome.pl\/index.php\/wp-json\/wp\/v2\/comments?post=8415"}],"wp:featuredmedia":[{"embeddable":true,"href":"https:\/\/butikhome.pl\/index.php\/wp-json\/wp\/v2\/media\/9052"}],"wp:attachment":[{"href":"https:\/\/butikhome.pl\/index.php\/wp-json\/wp\/v2\/media?parent=8415"}],"wp:term":[{"taxonomy":"product_brand","embeddable":true,"href":"https:\/\/butikhome.pl\/index.php\/wp-json\/wp\/v2\/product_brand?post=8415"},{"taxonomy":"product_cat","embeddable":true,"href":"https:\/\/butikhome.pl\/index.php\/wp-json\/wp\/v2\/product_cat?post=8415"},{"taxonomy":"product_tag","embeddable":true,"href":"https:\/\/butikhome.pl\/index.php\/wp-json\/wp\/v2\/product_tag?post=8415"}],"curies":[{"name":"wp","href":"https:\/\/api.w.org\/{rel}","templated":true}]}}