{"id":8439,"date":"2023-01-26T18:09:49","date_gmt":"2023-01-26T17:09:49","guid":{"rendered":"https:\/\/butikhome.pl\/index.php\/produkt\/figi-suprimetta-czarne\/"},"modified":"2023-04-14T12:39:36","modified_gmt":"2023-04-14T10:39:36","slug":"figi-suprimetta-czarne","status":"publish","type":"product","link":"https:\/\/butikhome.pl\/index.php\/produkt\/figi-suprimetta-czarne\/","title":{"rendered":"Figi Suprimetta Czarne"},"content":{"rendered":"<p><span>G\u0142adkie, modeluj\u0105ce sylwetk\u0119, wysokie figi z elementem prze\u015bwitu. Wyposa\u017cone w delikatne, silikonowe wzmocnienie w g\u00f3rnej cz\u0119\u015bci, dzi\u0119ki kt\u00f3remu figi nie zsuwaj\u0105 si\u0119 z cia\u0142a. Fajnym pomys\u0142em s\u0105 prze\u015bwity po bokach bioder (i na po\u015bladkach) &#8211; prze\u0142amuj\u0105 utarte standardy, pokazuj\u0105, \u017ce bielizna, kt\u00f3ra potrafi wysmukli\u0107 i poprawi\u0107 lini\u0119 cia\u0142a mo\u017ce by\u0107 tak\u017ce kobieca, delikatna i nieco sexy. Polecamy! Sk\u0142ad: 58% poliamid, 42% elastan.<\/span><\/p>\n<p><span>\u00a0<\/span><\/p>\n<table border=1 cellspacing=0 cellpadding=3>\n<tr>\n<td valign=top width=141>\n<p><span>Rozmiar<\/span><\/p>\n<\/td>\n<td valign=top width=141>\n<p><span>S<\/span><\/p>\n<\/td>\n<td valign=top width=142>\n<p><span>M<\/span><\/p>\n<\/td>\n<td valign=top width=142>\n<p><span>L<\/span><\/p>\n<\/td>\n<td valign=top width=142>\n<p><span>XL<\/span><\/p>\n<\/td>\n<td valign=top width=142>\n<p><span>XXL<\/span><\/p>\n<\/td>\n<\/tr>\n<tr>\n<td valign=top width=141>\n<p><span>Obw\u00f3d bioder<\/span><\/p>\n<\/td>\n<td valign=top width=141>\n<p><span>85-88 cm<\/span><\/p>\n<\/td>\n<td valign=top width=142>\n<p><span>89-92 cm<\/span><\/p>\n<\/td>\n<td valign=top width=142>\n<p><span>93-96 cm<\/span><\/p>\n<\/td>\n<td valign=top width=142>\n<p><span>97-100 cm<\/span><\/p>\n<\/td>\n<td valign=top width=142>\n<p><span>101-104 cm<\/span><\/p>\n<\/td>\n<\/tr>\n<\/table>\n<p><span>\u00a0<\/span><\/p>\n","protected":false},"excerpt":{"rendered":"<p>G\u0142adkie, modeluj\u0105ce sylwetk\u0119, wysokie figi z elementem prze\u015bwitu. Wyposa\u017cone w delikatne, silikonowe wzmocnienie w g\u00f3rnej cz\u0119\u015bci, dzi\u0119ki kt\u00f3remu figi nie zsuwaj\u0105 si\u0119 z cia\u0142a. Fajnym pomys\u0142em s\u0105 prze\u015bwity po bokach bioder (i na po\u015bladkach) &#8211; prze\u0142amuj\u0105 utarte standardy, pokazuj\u0105, \u017ce bielizna, kt\u00f3ra potrafi wysmukli\u0107 i poprawi\u0107 lini\u0119 cia\u0142a mo\u017ce by\u0107 tak\u017ce kobieca, delikatna i nieco &hellip; <\/p>\n","protected":false},"featured_media":8520,"comment_status":"open","ping_status":"closed","template":"","meta":[],"product_brand":[],"product_cat":[48,24,41],"product_tag":[],"class_list":{"0":"post-8439","1":"product","2":"type-product","3":"status-publish","4":"has-post-thumbnail","6":"product_cat-majtki-podkategoria-do-bielizny","7":"product_cat-produkty","8":"product_cat-l","10":"first","11":"instock","12":"taxable","13":"shipping-taxable","14":"purchasable","15":"product-type-simple"},"_links":{"self":[{"href":"https:\/\/butikhome.pl\/index.php\/wp-json\/wp\/v2\/product\/8439","targetHints":{"allow":["GET"]}}],"collection":[{"href":"https:\/\/butikhome.pl\/index.php\/wp-json\/wp\/v2\/product"}],"about":[{"href":"https:\/\/butikhome.pl\/index.php\/wp-json\/wp\/v2\/types\/product"}],"replies":[{"embeddable":true,"href":"https:\/\/butikhome.pl\/index.php\/wp-json\/wp\/v2\/comments?post=8439"}],"wp:featuredmedia":[{"embeddable":true,"href":"https:\/\/butikhome.pl\/index.php\/wp-json\/wp\/v2\/media\/8520"}],"wp:attachment":[{"href":"https:\/\/butikhome.pl\/index.php\/wp-json\/wp\/v2\/media?parent=8439"}],"wp:term":[{"taxonomy":"product_brand","embeddable":true,"href":"https:\/\/butikhome.pl\/index.php\/wp-json\/wp\/v2\/product_brand?post=8439"},{"taxonomy":"product_cat","embeddable":true,"href":"https:\/\/butikhome.pl\/index.php\/wp-json\/wp\/v2\/product_cat?post=8439"},{"taxonomy":"product_tag","embeddable":true,"href":"https:\/\/butikhome.pl\/index.php\/wp-json\/wp\/v2\/product_tag?post=8439"}],"curies":[{"name":"wp","href":"https:\/\/api.w.org\/{rel}","templated":true}]}}