{"id":8444,"date":"2023-01-26T18:09:50","date_gmt":"2023-01-26T17:09:50","guid":{"rendered":"https:\/\/butikhome.pl\/index.php\/produkt\/figi-tahoo-comforta-bezowe\/"},"modified":"2023-04-14T12:39:28","modified_gmt":"2023-04-14T10:39:28","slug":"figi-tahoo-comforta-bezowe","status":"publish","type":"product","link":"https:\/\/butikhome.pl\/index.php\/produkt\/figi-tahoo-comforta-bezowe\/","title":{"rendered":"Figi Tahoo Comforta Be\u017cowe"},"content":{"rendered":"<p><span>Ultra mi\u0119kkie, g\u0142adkie, bardzo przyjemne w dotyku figi damskie, wyko\u0144czone w pasie p\u0142ask\u0105, satynowan\u0105 gumk\u0105. Pe\u0142en komfort i pi\u0119kny wygl\u0105d dla Ciebie. Sk\u0142ad: 95% mikromodal (wiskoza), 5% elastan.<\/span><\/p>\n<p><span>\u00a0<\/span><\/p>\n","protected":false},"excerpt":{"rendered":"<p>Ultra mi\u0119kkie, g\u0142adkie, bardzo przyjemne w dotyku figi damskie, wyko\u0144czone w pasie p\u0142ask\u0105, satynowan\u0105 gumk\u0105. Pe\u0142en komfort i pi\u0119kny wygl\u0105d dla Ciebie. Sk\u0142ad: 95% mikromodal (wiskoza), 5% elastan. \u00a0<\/p>\n","protected":false},"featured_media":8532,"comment_status":"open","ping_status":"closed","template":"","meta":[],"product_brand":[],"product_cat":[48,24],"product_tag":[],"class_list":{"0":"post-8444","1":"product","2":"type-product","3":"status-publish","4":"has-post-thumbnail","6":"product_cat-majtki-podkategoria-do-bielizny","7":"product_cat-produkty","9":"first","10":"instock","11":"taxable","12":"shipping-taxable","13":"purchasable","14":"product-type-simple"},"_links":{"self":[{"href":"https:\/\/butikhome.pl\/index.php\/wp-json\/wp\/v2\/product\/8444","targetHints":{"allow":["GET"]}}],"collection":[{"href":"https:\/\/butikhome.pl\/index.php\/wp-json\/wp\/v2\/product"}],"about":[{"href":"https:\/\/butikhome.pl\/index.php\/wp-json\/wp\/v2\/types\/product"}],"replies":[{"embeddable":true,"href":"https:\/\/butikhome.pl\/index.php\/wp-json\/wp\/v2\/comments?post=8444"}],"wp:featuredmedia":[{"embeddable":true,"href":"https:\/\/butikhome.pl\/index.php\/wp-json\/wp\/v2\/media\/8532"}],"wp:attachment":[{"href":"https:\/\/butikhome.pl\/index.php\/wp-json\/wp\/v2\/media?parent=8444"}],"wp:term":[{"taxonomy":"product_brand","embeddable":true,"href":"https:\/\/butikhome.pl\/index.php\/wp-json\/wp\/v2\/product_brand?post=8444"},{"taxonomy":"product_cat","embeddable":true,"href":"https:\/\/butikhome.pl\/index.php\/wp-json\/wp\/v2\/product_cat?post=8444"},{"taxonomy":"product_tag","embeddable":true,"href":"https:\/\/butikhome.pl\/index.php\/wp-json\/wp\/v2\/product_tag?post=8444"}],"curies":[{"name":"wp","href":"https:\/\/api.w.org\/{rel}","templated":true}]}}