{"id":8462,"date":"2023-01-26T18:09:52","date_gmt":"2023-01-26T17:09:52","guid":{"rendered":"https:\/\/butikhome.pl\/index.php\/produkt\/figi-tahoo-maxi-bezowe\/"},"modified":"2023-04-14T12:38:11","modified_gmt":"2023-04-14T10:38:11","slug":"figi-tahoo-maxi-bezowe","status":"publish","type":"product","link":"https:\/\/butikhome.pl\/index.php\/produkt\/figi-tahoo-maxi-bezowe\/","title":{"rendered":"Figi Tahoo Maxi + Be\u017cowe"},"content":{"rendered":"<p>Bestseller! Absolutnie g\u0142adkie figi damskie z antybakteryjn\u0105 wk\u0142adk\u0105, kt\u00f3re idealnie dopasowuj\u0105 si\u0119 do cia\u0142a. Kr\u00f3j wy\u017cszy, do okolic p\u0119pka. Sk\u0142ad: 90% bawe\u0142na, 10% elastan.<\/p>\n<p>&nbsp;<\/p>\n<table border=\"1\" cellspacing=\"0\" cellpadding=\"3\">\n<tbody>\n<tr>\n<td valign=\"top\" width=\"141\">Rozmiar<\/td>\n<td valign=\"top\" width=\"141\">S<\/td>\n<td valign=\"top\" width=\"142\">M<\/td>\n<td valign=\"top\" width=\"142\">L<\/td>\n<td valign=\"top\" width=\"142\">XL<\/td>\n<td valign=\"top\" width=\"142\">XXL<\/td>\n<\/tr>\n<tr>\n<td valign=\"top\" width=\"141\">Obw\u00f3d bioder<\/td>\n<td valign=\"top\" width=\"141\">85-88 cm<\/td>\n<td valign=\"top\" width=\"142\">89-92 cm<\/td>\n<td valign=\"top\" width=\"142\">93-96 cm<\/td>\n<td valign=\"top\" width=\"142\">97-100 cm<\/td>\n<td valign=\"top\" width=\"142\">101-104 cm<\/td>\n<\/tr>\n<\/tbody>\n<\/table>\n<p>&nbsp;<\/p>\n","protected":false},"excerpt":{"rendered":"<p>Bestseller! Absolutnie g\u0142adkie figi damskie z antybakteryjn\u0105 wk\u0142adk\u0105, kt\u00f3re idealnie dopasowuj\u0105 si\u0119 do cia\u0142a. Kr\u00f3j wy\u017cszy, do okolic p\u0119pka. Sk\u0142ad: 90% bawe\u0142na, 10% elastan. &nbsp; Rozmiar S M L XL XXL Obw\u00f3d bioder 85-88 cm 89-92 cm 93-96 cm 97-100 cm 101-104 cm &nbsp;<\/p>\n","protected":false},"featured_media":9058,"comment_status":"open","ping_status":"closed","template":"","meta":[],"product_brand":[],"product_cat":[48,24,43,44],"product_tag":[616,614,67,617,197,532],"class_list":{"0":"post-8462","1":"product","2":"type-product","3":"status-publish","4":"has-post-thumbnail","6":"product_cat-majtki-podkategoria-do-bielizny","7":"product_cat-produkty","8":"product_cat-2xl","9":"product_cat-3xl","10":"product_tag-antybakteryjna-wkladka","11":"product_tag-bawelna-z-dodatkiem-elastanu","12":"product_tag-bezowe","13":"product_tag-dopasowuja-sie-do-ciala","14":"product_tag-gladkie-figi","15":"product_tag-kroj-wyzszy","17":"first","18":"instock","19":"sale","20":"taxable","21":"shipping-taxable","22":"purchasable","23":"product-type-simple"},"_links":{"self":[{"href":"https:\/\/butikhome.pl\/index.php\/wp-json\/wp\/v2\/product\/8462","targetHints":{"allow":["GET"]}}],"collection":[{"href":"https:\/\/butikhome.pl\/index.php\/wp-json\/wp\/v2\/product"}],"about":[{"href":"https:\/\/butikhome.pl\/index.php\/wp-json\/wp\/v2\/types\/product"}],"replies":[{"embeddable":true,"href":"https:\/\/butikhome.pl\/index.php\/wp-json\/wp\/v2\/comments?post=8462"}],"wp:featuredmedia":[{"embeddable":true,"href":"https:\/\/butikhome.pl\/index.php\/wp-json\/wp\/v2\/media\/9058"}],"wp:attachment":[{"href":"https:\/\/butikhome.pl\/index.php\/wp-json\/wp\/v2\/media?parent=8462"}],"wp:term":[{"taxonomy":"product_brand","embeddable":true,"href":"https:\/\/butikhome.pl\/index.php\/wp-json\/wp\/v2\/product_brand?post=8462"},{"taxonomy":"product_cat","embeddable":true,"href":"https:\/\/butikhome.pl\/index.php\/wp-json\/wp\/v2\/product_cat?post=8462"},{"taxonomy":"product_tag","embeddable":true,"href":"https:\/\/butikhome.pl\/index.php\/wp-json\/wp\/v2\/product_tag?post=8462"}],"curies":[{"name":"wp","href":"https:\/\/api.w.org\/{rel}","templated":true}]}}