{"id":8464,"date":"2023-01-26T18:09:52","date_gmt":"2023-01-26T17:09:52","guid":{"rendered":"https:\/\/butikhome.pl\/index.php\/produkt\/figi-tahoo-maxi-biale\/"},"modified":"2023-04-14T12:37:54","modified_gmt":"2023-04-14T10:37:54","slug":"figi-tahoo-maxi-biale","status":"publish","type":"product","link":"https:\/\/butikhome.pl\/index.php\/produkt\/figi-tahoo-maxi-biale\/","title":{"rendered":"Figi Tahoo Maxi + Bia\u0142e"},"content":{"rendered":"<p>Figi Tahoo Maxi, czyli bielizna nieco pe\u0142niejsza, o wy\u017cszym stanie dochodz\u0105cym a\u017c do okolic p\u0119pka. Zaprojektowana z naturalnych tkaniny takiej jak bawe\u0142na (90%) z dodatkiem elastanu. Elastyczne, komfortowe i wygodne. Sk\u0142ad: 90% bawe\u0142na, 10% elastan.<\/p>\n<p>&nbsp;<\/p>\n<table border=\"1\" cellspacing=\"0\" cellpadding=\"3\">\n<tbody>\n<tr>\n<td valign=\"top\">Rozmiar<\/td>\n<td valign=\"top\">S<\/td>\n<td valign=\"top\">M<\/td>\n<td valign=\"top\">L<\/td>\n<td valign=\"top\">XL<\/td>\n<td valign=\"top\">XXL<\/td>\n<\/tr>\n<tr>\n<td valign=\"top\">Obw\u00f3d bioder<\/td>\n<td valign=\"top\">85-88 cm<\/td>\n<td valign=\"top\">89-92 cm<\/td>\n<td valign=\"top\">93-96 cm<\/td>\n<td valign=\"top\">97-100 cm<\/td>\n<td valign=\"top\">101-104 cm<\/td>\n<\/tr>\n<\/tbody>\n<\/table>\n<p>&nbsp;<\/p>\n","protected":false},"excerpt":{"rendered":"<p>Figi Tahoo Maxi, czyli bielizna nieco pe\u0142niejsza, o wy\u017cszym stanie dochodz\u0105cym a\u017c do okolic p\u0119pka. Zaprojektowana z naturalnych tkaniny takiej jak bawe\u0142na (90%) z dodatkiem elastanu. Elastyczne, komfortowe i wygodne. Sk\u0142ad: 90% bawe\u0142na, 10% elastan. &nbsp; Rozmiar S M L XL XXL Obw\u00f3d bioder 85-88 cm 89-92 cm 93-96 cm 97-100 cm 101-104 cm &nbsp;<\/p>\n","protected":false},"featured_media":9056,"comment_status":"open","ping_status":"closed","template":"","meta":[],"product_brand":[],"product_cat":[48,24,43,44],"product_tag":[614,613,618,50,619,615,120,65],"class_list":{"0":"post-8464","1":"product","2":"type-product","3":"status-publish","4":"has-post-thumbnail","6":"product_cat-majtki-podkategoria-do-bielizny","7":"product_cat-produkty","8":"product_cat-2xl","9":"product_cat-3xl","10":"product_tag-bawelna-z-dodatkiem-elastanu","11":"product_tag-bielizna-pelniejsza","12":"product_tag-elastycne","13":"product_tag-figi","14":"product_tag-konfortowe","15":"product_tag-tahoo-maxi","16":"product_tag-wygodne","17":"product_tag-wyzszy-stan","19":"first","20":"instock","21":"taxable","22":"shipping-taxable","23":"purchasable","24":"product-type-simple"},"_links":{"self":[{"href":"https:\/\/butikhome.pl\/index.php\/wp-json\/wp\/v2\/product\/8464","targetHints":{"allow":["GET"]}}],"collection":[{"href":"https:\/\/butikhome.pl\/index.php\/wp-json\/wp\/v2\/product"}],"about":[{"href":"https:\/\/butikhome.pl\/index.php\/wp-json\/wp\/v2\/types\/product"}],"replies":[{"embeddable":true,"href":"https:\/\/butikhome.pl\/index.php\/wp-json\/wp\/v2\/comments?post=8464"}],"wp:featuredmedia":[{"embeddable":true,"href":"https:\/\/butikhome.pl\/index.php\/wp-json\/wp\/v2\/media\/9056"}],"wp:attachment":[{"href":"https:\/\/butikhome.pl\/index.php\/wp-json\/wp\/v2\/media?parent=8464"}],"wp:term":[{"taxonomy":"product_brand","embeddable":true,"href":"https:\/\/butikhome.pl\/index.php\/wp-json\/wp\/v2\/product_brand?post=8464"},{"taxonomy":"product_cat","embeddable":true,"href":"https:\/\/butikhome.pl\/index.php\/wp-json\/wp\/v2\/product_cat?post=8464"},{"taxonomy":"product_tag","embeddable":true,"href":"https:\/\/butikhome.pl\/index.php\/wp-json\/wp\/v2\/product_tag?post=8464"}],"curies":[{"name":"wp","href":"https:\/\/api.w.org\/{rel}","templated":true}]}}