{"id":8476,"date":"2023-01-26T18:09:55","date_gmt":"2023-01-26T17:09:55","guid":{"rendered":"https:\/\/butikhome.pl\/index.php\/produkt\/figi-tahoo-maxi-czarne-2\/"},"modified":"2023-04-14T12:37:06","modified_gmt":"2023-04-14T10:37:06","slug":"figi-tahoo-maxi-czarne-2","status":"publish","type":"product","link":"https:\/\/butikhome.pl\/index.php\/produkt\/figi-tahoo-maxi-czarne-2\/","title":{"rendered":"Figi Tahoo Maxi Czarne"},"content":{"rendered":"<p>Figi Tahoo Maxi, czyli bielizna nieco pe\u0142niejsza, o wy\u017cszym stanie dochodz\u0105cym a\u017c do okolic p\u0119pka. Zaprojektowana z naturalnych tkaniny takiej jak bawe\u0142na (90%) z dodatkiem elastanu. Elastyczne, komfortowe i wygodne. Sk\u0142ad: 90% bawe\u0142na, 10% elastan.<\/p>\n<p>&nbsp;<\/p>\n","protected":false},"excerpt":{"rendered":"<p>Figi Tahoo Maxi, czyli bielizna nieco pe\u0142niejsza, o wy\u017cszym stanie dochodz\u0105cym a\u017c do okolic p\u0119pka. Zaprojektowana z naturalnych tkaniny takiej jak bawe\u0142na (90%) z dodatkiem elastanu. Elastyczne, komfortowe i wygodne. Sk\u0142ad: 90% bawe\u0142na, 10% elastan. &nbsp;<\/p>\n","protected":false},"featured_media":9054,"comment_status":"open","ping_status":"closed","template":"","meta":[],"product_brand":[],"product_cat":[48,24,41,40,39,42],"product_tag":[614,613,370,50,402,120,65],"class_list":{"0":"post-8476","1":"product","2":"type-product","3":"status-publish","4":"has-post-thumbnail","6":"product_cat-majtki-podkategoria-do-bielizny","7":"product_cat-produkty","8":"product_cat-l","9":"product_cat-m","10":"product_cat-s","11":"product_cat-xl","12":"product_tag-bawelna-z-dodatkiem-elastanu","13":"product_tag-bielizna-pelniejsza","14":"product_tag-elastyczne","15":"product_tag-figi","16":"product_tag-komfortowe","17":"product_tag-wygodne","18":"product_tag-wyzszy-stan","20":"first","21":"instock","22":"sale","23":"taxable","24":"shipping-taxable","25":"purchasable","26":"product-type-simple"},"_links":{"self":[{"href":"https:\/\/butikhome.pl\/index.php\/wp-json\/wp\/v2\/product\/8476","targetHints":{"allow":["GET"]}}],"collection":[{"href":"https:\/\/butikhome.pl\/index.php\/wp-json\/wp\/v2\/product"}],"about":[{"href":"https:\/\/butikhome.pl\/index.php\/wp-json\/wp\/v2\/types\/product"}],"replies":[{"embeddable":true,"href":"https:\/\/butikhome.pl\/index.php\/wp-json\/wp\/v2\/comments?post=8476"}],"wp:featuredmedia":[{"embeddable":true,"href":"https:\/\/butikhome.pl\/index.php\/wp-json\/wp\/v2\/media\/9054"}],"wp:attachment":[{"href":"https:\/\/butikhome.pl\/index.php\/wp-json\/wp\/v2\/media?parent=8476"}],"wp:term":[{"taxonomy":"product_brand","embeddable":true,"href":"https:\/\/butikhome.pl\/index.php\/wp-json\/wp\/v2\/product_brand?post=8476"},{"taxonomy":"product_cat","embeddable":true,"href":"https:\/\/butikhome.pl\/index.php\/wp-json\/wp\/v2\/product_cat?post=8476"},{"taxonomy":"product_tag","embeddable":true,"href":"https:\/\/butikhome.pl\/index.php\/wp-json\/wp\/v2\/product_tag?post=8476"}],"curies":[{"name":"wp","href":"https:\/\/api.w.org\/{rel}","templated":true}]}}