{"id":8481,"date":"2023-01-26T18:09:56","date_gmt":"2023-01-26T17:09:56","guid":{"rendered":"https:\/\/butikhome.pl\/?post_type=product&#038;p=8481"},"modified":"2023-04-14T12:36:45","modified_gmt":"2023-04-14T10:36:45","slug":"figi-tahoo-midi-bezowe-4","status":"publish","type":"product","link":"https:\/\/butikhome.pl\/index.php\/produkt\/figi-tahoo-midi-bezowe-4\/","title":{"rendered":"Figi Tahoo Midi + Be\u017cowe"},"content":{"rendered":"<section class=\"ws-product-description__section\">\n<div class=\"ws-product-description__section__item\">\n<p>Tahoo to klasyczna linia bielizny, idealna na co dzie\u0144. Uszyta z bawe\u0142ny wysokiej jako\u015bci, jest g\u0142adka, mi\u0119kka i daje poczucie nieopisanego komfortu i wygody. W tej wersji figi o kroju midi, jedne z najlepszych. Sk\u0142ad: 90% bawe\u0142na, 10% elastan.<\/p>\n<\/div>\n<\/section>\n<section class=\"ws-product-description__section\">\n<div class=\"ws-product-description__section__item\">,,,,,,,,,,<\/p>\n<table>\n<thead>\n<tr>\n<th>L<\/th>\n<th>M<\/th>\n<th>S<\/th>\n<th>XL<\/th>\n<th>XXL<\/th>\n<th>Rozmiar<\/th>\n<\/tr>\n<\/thead>\n<tbody>\n<tr>\n<td>93-96 cm<\/td>\n<td>89-92 cm<\/td>\n<td>85-88 cm<\/td>\n<td>97-100 cm<\/td>\n<td>101-104 cm<\/td>\n<td>Obw\u00f3d bioder<\/td>\n<\/tr>\n<\/tbody>\n<\/table>\n<\/div>\n<\/section>\n","protected":false},"excerpt":{"rendered":"<p>Tahoo to klasyczna linia bielizny, idealna na co dzie\u0144. Uszyta z bawe\u0142ny wysokiej jako\u015bci, jest g\u0142adka, mi\u0119kka i daje poczucie nieopisanego komfortu i wygody. W tej wersji figi o kroju midi, jedne z najlepszych. Sk\u0142ad: 90% bawe\u0142na, 10% elastan. ,,,,,,,,,, L M S XL XXL Rozmiar 93-96 cm 89-92 cm 85-88 cm 97-100 cm 101-104 &hellip; <\/p>\n","protected":false},"featured_media":8505,"comment_status":"open","ping_status":"closed","template":"","meta":[],"product_brand":[],"product_cat":[29,48,24,44],"product_tag":[],"class_list":{"0":"post-8481","1":"product","2":"type-product","3":"status-publish","4":"has-post-thumbnail","6":"product_cat-bielizna","7":"product_cat-majtki-podkategoria-do-bielizny","8":"product_cat-produkty","9":"product_cat-3xl","11":"first","12":"instock","13":"taxable","14":"shipping-taxable","15":"purchasable","16":"product-type-simple"},"_links":{"self":[{"href":"https:\/\/butikhome.pl\/index.php\/wp-json\/wp\/v2\/product\/8481","targetHints":{"allow":["GET"]}}],"collection":[{"href":"https:\/\/butikhome.pl\/index.php\/wp-json\/wp\/v2\/product"}],"about":[{"href":"https:\/\/butikhome.pl\/index.php\/wp-json\/wp\/v2\/types\/product"}],"replies":[{"embeddable":true,"href":"https:\/\/butikhome.pl\/index.php\/wp-json\/wp\/v2\/comments?post=8481"}],"wp:featuredmedia":[{"embeddable":true,"href":"https:\/\/butikhome.pl\/index.php\/wp-json\/wp\/v2\/media\/8505"}],"wp:attachment":[{"href":"https:\/\/butikhome.pl\/index.php\/wp-json\/wp\/v2\/media?parent=8481"}],"wp:term":[{"taxonomy":"product_brand","embeddable":true,"href":"https:\/\/butikhome.pl\/index.php\/wp-json\/wp\/v2\/product_brand?post=8481"},{"taxonomy":"product_cat","embeddable":true,"href":"https:\/\/butikhome.pl\/index.php\/wp-json\/wp\/v2\/product_cat?post=8481"},{"taxonomy":"product_tag","embeddable":true,"href":"https:\/\/butikhome.pl\/index.php\/wp-json\/wp\/v2\/product_tag?post=8481"}],"curies":[{"name":"wp","href":"https:\/\/api.w.org\/{rel}","templated":true}]}}