{"id":8483,"date":"2023-01-26T18:09:56","date_gmt":"2023-01-26T17:09:56","guid":{"rendered":"https:\/\/butikhome.pl\/?post_type=product&#038;p=8483"},"modified":"2023-04-14T12:36:27","modified_gmt":"2023-04-14T10:36:27","slug":"figi-wolbar-tahoo-midi-2","status":"publish","type":"product","link":"https:\/\/butikhome.pl\/index.php\/produkt\/figi-wolbar-tahoo-midi-2\/","title":{"rendered":"Figi Wolbar Tahoo Midi"},"content":{"rendered":"<p>Figi damskie o klasycznym kroju, zabudowane. Wykonane z wysokiej jako\u015bci bawe\u0142ny z dodatkiem lycry. W \u015brodku posiadaj\u0105 antybakteryjn\u0105 wk\u0142adk\u0119 z frotki. Idealnie dopasowuj\u0105 si\u0119 do cia\u0142a zapewniaj\u0105c komfort noszenia.<\/p>\n","protected":false},"excerpt":{"rendered":"<p>Figi damskie o klasycznym kroju, zabudowane. Wykonane z wysokiej jako\u015bci bawe\u0142ny z dodatkiem lycry. W \u015brodku posiadaj\u0105 antybakteryjn\u0105 wk\u0142adk\u0119 z frotki. Idealnie dopasowuj\u0105 si\u0119 do cia\u0142a zapewniaj\u0105c komfort noszenia.<\/p>\n","protected":false},"featured_media":8504,"comment_status":"open","ping_status":"closed","template":"","meta":[],"product_brand":[],"product_cat":[29,48,24,42],"product_tag":[],"class_list":{"0":"post-8483","1":"product","2":"type-product","3":"status-publish","4":"has-post-thumbnail","6":"product_cat-bielizna","7":"product_cat-majtki-podkategoria-do-bielizny","8":"product_cat-produkty","9":"product_cat-xl","11":"first","12":"instock","13":"taxable","14":"shipping-taxable","15":"purchasable","16":"product-type-simple"},"_links":{"self":[{"href":"https:\/\/butikhome.pl\/index.php\/wp-json\/wp\/v2\/product\/8483","targetHints":{"allow":["GET"]}}],"collection":[{"href":"https:\/\/butikhome.pl\/index.php\/wp-json\/wp\/v2\/product"}],"about":[{"href":"https:\/\/butikhome.pl\/index.php\/wp-json\/wp\/v2\/types\/product"}],"replies":[{"embeddable":true,"href":"https:\/\/butikhome.pl\/index.php\/wp-json\/wp\/v2\/comments?post=8483"}],"wp:featuredmedia":[{"embeddable":true,"href":"https:\/\/butikhome.pl\/index.php\/wp-json\/wp\/v2\/media\/8504"}],"wp:attachment":[{"href":"https:\/\/butikhome.pl\/index.php\/wp-json\/wp\/v2\/media?parent=8483"}],"wp:term":[{"taxonomy":"product_brand","embeddable":true,"href":"https:\/\/butikhome.pl\/index.php\/wp-json\/wp\/v2\/product_brand?post=8483"},{"taxonomy":"product_cat","embeddable":true,"href":"https:\/\/butikhome.pl\/index.php\/wp-json\/wp\/v2\/product_cat?post=8483"},{"taxonomy":"product_tag","embeddable":true,"href":"https:\/\/butikhome.pl\/index.php\/wp-json\/wp\/v2\/product_tag?post=8483"}],"curies":[{"name":"wp","href":"https:\/\/api.w.org\/{rel}","templated":true}]}}