{"id":8489,"date":"2023-01-26T18:09:57","date_gmt":"2023-01-26T17:09:57","guid":{"rendered":"https:\/\/butikhome.pl\/?post_type=product&#038;p=8489"},"modified":"2023-04-14T12:34:55","modified_gmt":"2023-04-14T10:34:55","slug":"figi-tahoo-midi-bezowe-3","status":"publish","type":"product","link":"https:\/\/butikhome.pl\/index.php\/produkt\/figi-tahoo-midi-bezowe-3\/","title":{"rendered":"Figi Tahoo Midi Be\u017cowe"},"content":{"rendered":"<p>Tahoo to klasyczna linia bielizny, idealna na co dzie\u0144. Uszyta z bawe\u0142ny wysokiej jako\u015bci, jest g\u0142adka, mi\u0119kka i daje poczucie nieopisanego komfortu i wygody. W tej wersji figi o kroju midi, jedne z najlepszych. Sk\u0142ad: 90% bawe\u0142na, 10% elastan.<\/p>\n","protected":false},"excerpt":{"rendered":"<p>Tahoo to klasyczna linia bielizny, idealna na co dzie\u0144. Uszyta z bawe\u0142ny wysokiej jako\u015bci, jest g\u0142adka, mi\u0119kka i daje poczucie nieopisanego komfortu i wygody. W tej wersji figi o kroju midi, jedne z najlepszych. Sk\u0142ad: 90% bawe\u0142na, 10% elastan.<\/p>\n","protected":false},"featured_media":8505,"comment_status":"open","ping_status":"closed","template":"","meta":[],"product_brand":[],"product_cat":[29,48,24,41],"product_tag":[],"class_list":{"0":"post-8489","1":"product","2":"type-product","3":"status-publish","4":"has-post-thumbnail","6":"product_cat-bielizna","7":"product_cat-majtki-podkategoria-do-bielizny","8":"product_cat-produkty","9":"product_cat-l","11":"first","12":"instock","13":"taxable","14":"shipping-taxable","15":"purchasable","16":"product-type-simple"},"_links":{"self":[{"href":"https:\/\/butikhome.pl\/index.php\/wp-json\/wp\/v2\/product\/8489","targetHints":{"allow":["GET"]}}],"collection":[{"href":"https:\/\/butikhome.pl\/index.php\/wp-json\/wp\/v2\/product"}],"about":[{"href":"https:\/\/butikhome.pl\/index.php\/wp-json\/wp\/v2\/types\/product"}],"replies":[{"embeddable":true,"href":"https:\/\/butikhome.pl\/index.php\/wp-json\/wp\/v2\/comments?post=8489"}],"wp:featuredmedia":[{"embeddable":true,"href":"https:\/\/butikhome.pl\/index.php\/wp-json\/wp\/v2\/media\/8505"}],"wp:attachment":[{"href":"https:\/\/butikhome.pl\/index.php\/wp-json\/wp\/v2\/media?parent=8489"}],"wp:term":[{"taxonomy":"product_brand","embeddable":true,"href":"https:\/\/butikhome.pl\/index.php\/wp-json\/wp\/v2\/product_brand?post=8489"},{"taxonomy":"product_cat","embeddable":true,"href":"https:\/\/butikhome.pl\/index.php\/wp-json\/wp\/v2\/product_cat?post=8489"},{"taxonomy":"product_tag","embeddable":true,"href":"https:\/\/butikhome.pl\/index.php\/wp-json\/wp\/v2\/product_tag?post=8489"}],"curies":[{"name":"wp","href":"https:\/\/api.w.org\/{rel}","templated":true}]}}