{"id":8492,"date":"2023-01-26T18:09:57","date_gmt":"2023-01-26T17:09:57","guid":{"rendered":"https:\/\/butikhome.pl\/?post_type=product&#038;p=8492"},"modified":"2023-04-14T12:34:29","modified_gmt":"2023-04-14T10:34:29","slug":"figi-tahoo-midi-biale-3","status":"publish","type":"product","link":"https:\/\/butikhome.pl\/index.php\/produkt\/figi-tahoo-midi-biale-3\/","title":{"rendered":"Figi Tahoo Midi Bia\u0142e"},"content":{"rendered":"<p>Tahoo to klasyczna linia bielizny, idealna na co dzie\u0144. Uszyta z bawe\u0142ny wysokiej jako\u015bci, jest g\u0142adka, mi\u0119kka i daje poczucie nieopisanego komfortu i wygody. W tej wersji figi o kroju midi, jedne z najlepszych. Sk\u0142ad: 90% bawe\u0142na, 10% elastan.<\/p>\n<p>&nbsp;<\/p>\n<p>&nbsp;<\/p>\n<table border=\"1\" cellspacing=\"0\" cellpadding=\"3\">\n<tbody>\n<tr>\n<td valign=\"top\" width=\"141\">Rozmiar<\/td>\n<td valign=\"top\" width=\"141\">S<\/td>\n<td valign=\"top\" width=\"142\">M<\/td>\n<td valign=\"top\" width=\"142\">L<\/td>\n<td valign=\"top\" width=\"142\">XL<\/td>\n<td valign=\"top\" width=\"142\">XXL<\/td>\n<\/tr>\n<tr>\n<td valign=\"top\" width=\"141\">Obw\u00f3d bioder<\/td>\n<td valign=\"top\" width=\"141\">85-88 cm<\/td>\n<td valign=\"top\" width=\"142\">89-92 cm<\/td>\n<td valign=\"top\" width=\"142\">93-96 cm<\/td>\n<td valign=\"top\" width=\"142\">97-100 cm<\/td>\n<td valign=\"top\" width=\"142\">101-104 cm<\/td>\n<\/tr>\n<\/tbody>\n<\/table>\n","protected":false},"excerpt":{"rendered":"<p>Tahoo to klasyczna linia bielizny, idealna na co dzie\u0144. Uszyta z bawe\u0142ny wysokiej jako\u015bci, jest g\u0142adka, mi\u0119kka i daje poczucie nieopisanego komfortu i wygody. W tej wersji figi o kroju midi, jedne z najlepszych. Sk\u0142ad: 90% bawe\u0142na, 10% elastan. &nbsp; &nbsp; Rozmiar S M L XL XXL Obw\u00f3d bioder 85-88 cm 89-92 cm 93-96 cm &hellip; <\/p>\n","protected":false},"featured_media":8515,"comment_status":"open","ping_status":"closed","template":"","meta":[],"product_brand":[],"product_cat":[29,48,24,39],"product_tag":[],"class_list":{"0":"post-8492","1":"product","2":"type-product","3":"status-publish","4":"has-post-thumbnail","6":"product_cat-bielizna","7":"product_cat-majtki-podkategoria-do-bielizny","8":"product_cat-produkty","9":"product_cat-s","11":"first","12":"instock","13":"taxable","14":"shipping-taxable","15":"purchasable","16":"product-type-simple"},"_links":{"self":[{"href":"https:\/\/butikhome.pl\/index.php\/wp-json\/wp\/v2\/product\/8492","targetHints":{"allow":["GET"]}}],"collection":[{"href":"https:\/\/butikhome.pl\/index.php\/wp-json\/wp\/v2\/product"}],"about":[{"href":"https:\/\/butikhome.pl\/index.php\/wp-json\/wp\/v2\/types\/product"}],"replies":[{"embeddable":true,"href":"https:\/\/butikhome.pl\/index.php\/wp-json\/wp\/v2\/comments?post=8492"}],"wp:featuredmedia":[{"embeddable":true,"href":"https:\/\/butikhome.pl\/index.php\/wp-json\/wp\/v2\/media\/8515"}],"wp:attachment":[{"href":"https:\/\/butikhome.pl\/index.php\/wp-json\/wp\/v2\/media?parent=8492"}],"wp:term":[{"taxonomy":"product_brand","embeddable":true,"href":"https:\/\/butikhome.pl\/index.php\/wp-json\/wp\/v2\/product_brand?post=8492"},{"taxonomy":"product_cat","embeddable":true,"href":"https:\/\/butikhome.pl\/index.php\/wp-json\/wp\/v2\/product_cat?post=8492"},{"taxonomy":"product_tag","embeddable":true,"href":"https:\/\/butikhome.pl\/index.php\/wp-json\/wp\/v2\/product_tag?post=8492"}],"curies":[{"name":"wp","href":"https:\/\/api.w.org\/{rel}","templated":true}]}}