{"id":8494,"date":"2023-01-26T18:09:57","date_gmt":"2023-01-26T17:09:57","guid":{"rendered":"https:\/\/butikhome.pl\/index.php\/produkt\/figi-tahoo-midi-czarne-2\/"},"modified":"2023-04-14T12:34:20","modified_gmt":"2023-04-14T10:34:20","slug":"figi-tahoo-midi-czarne-2","status":"publish","type":"product","link":"https:\/\/butikhome.pl\/index.php\/produkt\/figi-tahoo-midi-czarne-2\/","title":{"rendered":"Figi Tahoo Midi Czarne"},"content":{"rendered":"<p><span>Tahoo to klasyczna linia bielizny, idealna na co dzie\u0144. Uszyta z bawe\u0142ny wysokiej jako\u015bci, jest g\u0142adka, mi\u0119kka i daje poczucie nieopisanego komfortu i wygody. W tej wersji figi o kroju midi, jedne z najlepszych. Sk\u0142ad: 90% bawe\u0142na, 10% elastan.<\/span><\/p>\n<p><span>\u00a0<\/span><\/p>\n","protected":false},"excerpt":{"rendered":"<p>Tahoo to klasyczna linia bielizny, idealna na co dzie\u0144. Uszyta z bawe\u0142ny wysokiej jako\u015bci, jest g\u0142adka, mi\u0119kka i daje poczucie nieopisanego komfortu i wygody. W tej wersji figi o kroju midi, jedne z najlepszych. Sk\u0142ad: 90% bawe\u0142na, 10% elastan. \u00a0<\/p>\n","protected":false},"featured_media":8504,"comment_status":"open","ping_status":"closed","template":"","meta":[],"product_brand":[],"product_cat":[29,48,24,41,40,39,42],"product_tag":[],"class_list":{"0":"post-8494","1":"product","2":"type-product","3":"status-publish","4":"has-post-thumbnail","6":"product_cat-bielizna","7":"product_cat-majtki-podkategoria-do-bielizny","8":"product_cat-produkty","9":"product_cat-l","10":"product_cat-m","11":"product_cat-s","12":"product_cat-xl","14":"first","15":"instock","16":"taxable","17":"shipping-taxable","18":"purchasable","19":"product-type-simple"},"_links":{"self":[{"href":"https:\/\/butikhome.pl\/index.php\/wp-json\/wp\/v2\/product\/8494","targetHints":{"allow":["GET"]}}],"collection":[{"href":"https:\/\/butikhome.pl\/index.php\/wp-json\/wp\/v2\/product"}],"about":[{"href":"https:\/\/butikhome.pl\/index.php\/wp-json\/wp\/v2\/types\/product"}],"replies":[{"embeddable":true,"href":"https:\/\/butikhome.pl\/index.php\/wp-json\/wp\/v2\/comments?post=8494"}],"wp:featuredmedia":[{"embeddable":true,"href":"https:\/\/butikhome.pl\/index.php\/wp-json\/wp\/v2\/media\/8504"}],"wp:attachment":[{"href":"https:\/\/butikhome.pl\/index.php\/wp-json\/wp\/v2\/media?parent=8494"}],"wp:term":[{"taxonomy":"product_brand","embeddable":true,"href":"https:\/\/butikhome.pl\/index.php\/wp-json\/wp\/v2\/product_brand?post=8494"},{"taxonomy":"product_cat","embeddable":true,"href":"https:\/\/butikhome.pl\/index.php\/wp-json\/wp\/v2\/product_cat?post=8494"},{"taxonomy":"product_tag","embeddable":true,"href":"https:\/\/butikhome.pl\/index.php\/wp-json\/wp\/v2\/product_tag?post=8494"}],"curies":[{"name":"wp","href":"https:\/\/api.w.org\/{rel}","templated":true}]}}