{"id":9119,"date":"2023-03-29T15:59:29","date_gmt":"2023-03-29T13:59:29","guid":{"rendered":"https:\/\/butikhome.pl\/index.php\/produkt\/koszulka-bosco-18731-00x-biala\/"},"modified":"2023-07-12T13:20:00","modified_gmt":"2023-07-12T11:20:00","slug":"koszulka-bosco-18731-00x-biala","status":"publish","type":"product","link":"https:\/\/butikhome.pl\/index.php\/produkt\/koszulka-bosco-18731-00x-biala\/","title":{"rendered":"Koszulka Bosco 18731 00x Bia\u0142a"},"content":{"rendered":"<p>Uniwersalna koszulka m\u0119ska, kt\u00f3r\u0105 powinno si\u0119 mie\u0107 w swojej szafie. Bawe\u0142niana, z dodatkiem elastanu, pasuje niemal do wszystkiego. Je\u015bli  szukasz perfekcyjnego kroju i wygody&#8230;oto co\u015b dla Ciebie! Przewiewna i zupe\u0142nie g\u0142adka. Kr\u00f3tki r\u0119kawek to kolejna zaleta. Sk\u0142ad: 95% bawe\u0142na, 5% elastan.<\/p>\n","protected":false},"excerpt":{"rendered":"<p>Uniwersalna koszulka m\u0119ska, kt\u00f3r\u0105 powinno si\u0119 mie\u0107 w swojej szafie. Bawe\u0142niana, z dodatkiem elastanu, pasuje niemal do wszystkiego. Je\u015bli szukasz perfekcyjnego kroju i wygody&#8230;oto co\u015b dla Ciebie! Przewiewna i zupe\u0142nie g\u0142adka. Kr\u00f3tki r\u0119kawek to kolejna zaleta. Sk\u0142ad: 95% bawe\u0142na, 5% elastan.<\/p>\n","protected":false},"featured_media":15818,"comment_status":"open","ping_status":"closed","template":"","meta":[],"product_brand":[],"product_cat":[1817,24,41,40,42,43],"product_tag":[1310,2418,2416,2336,705,2401,2425,2400,2423,2277,441,2408,2421,2403,2414,2420,152,2282,2266,2422],"class_list":{"0":"post-9119","1":"product","2":"type-product","3":"status-publish","4":"has-post-thumbnail","6":"product_cat-koszulki-m","7":"product_cat-produkty","8":"product_cat-l","9":"product_cat-m","10":"product_cat-xl","11":"product_cat-2xl","12":"product_tag-bawelna-z-elastanem","13":"product_tag-biala","14":"product_tag-bialy-m","15":"product_tag-firma-henderson","16":"product_tag-idealne-na-codzien","17":"product_tag-klasyczny-kroj-koszulki-meskiej","18":"product_tag-koszulka-bosco-18731-00x-biala","19":"product_tag-koszulka-meska","20":"product_tag-krotki-rekawek","21":"product_tag-l","22":"product_tag-miekka-bawelniana-dzianina","23":"product_tag-na-silownie","24":"product_tag-przewiewna","25":"product_tag-skora-oddycha","26":"product_tag-sportowy-fason","27":"product_tag-uniwersalna-koszulka-meska","28":"product_tag-wygodna","29":"product_tag-xl","30":"product_tag-xxl","31":"product_tag-zupelnie-gladka","33":"first","34":"instock","35":"taxable","36":"shipping-taxable","37":"purchasable","38":"product-type-simple"},"_links":{"self":[{"href":"https:\/\/butikhome.pl\/index.php\/wp-json\/wp\/v2\/product\/9119","targetHints":{"allow":["GET"]}}],"collection":[{"href":"https:\/\/butikhome.pl\/index.php\/wp-json\/wp\/v2\/product"}],"about":[{"href":"https:\/\/butikhome.pl\/index.php\/wp-json\/wp\/v2\/types\/product"}],"replies":[{"embeddable":true,"href":"https:\/\/butikhome.pl\/index.php\/wp-json\/wp\/v2\/comments?post=9119"}],"wp:featuredmedia":[{"embeddable":true,"href":"https:\/\/butikhome.pl\/index.php\/wp-json\/wp\/v2\/media\/15818"}],"wp:attachment":[{"href":"https:\/\/butikhome.pl\/index.php\/wp-json\/wp\/v2\/media?parent=9119"}],"wp:term":[{"taxonomy":"product_brand","embeddable":true,"href":"https:\/\/butikhome.pl\/index.php\/wp-json\/wp\/v2\/product_brand?post=9119"},{"taxonomy":"product_cat","embeddable":true,"href":"https:\/\/butikhome.pl\/index.php\/wp-json\/wp\/v2\/product_cat?post=9119"},{"taxonomy":"product_tag","embeddable":true,"href":"https:\/\/butikhome.pl\/index.php\/wp-json\/wp\/v2\/product_tag?post=9119"}],"curies":[{"name":"wp","href":"https:\/\/api.w.org\/{rel}","templated":true}]}}