{"id":9123,"date":"2023-03-29T15:59:29","date_gmt":"2023-03-29T13:59:29","guid":{"rendered":"https:\/\/butikhome.pl\/index.php\/produkt\/koszulka-bosco-18731-59x-granatowa\/"},"modified":"2023-07-12T13:16:44","modified_gmt":"2023-07-12T11:16:44","slug":"koszulka-bosco-18731-59x-granatowa","status":"publish","type":"product","link":"https:\/\/butikhome.pl\/index.php\/produkt\/koszulka-bosco-18731-59x-granatowa\/","title":{"rendered":"Koszulka Bosco 18731 59x Granatowa"},"content":{"rendered":"<p>Uniwersalna koszulka m\u0119ska, kt\u00f3r\u0105 powinno si\u0119 mie\u0107 w swojej szafie. Bawe\u0142niana, z dodatkiem elastanu, pasuje niemal do wszystkiego. Je\u015bli  szukasz perfekcyjnego kroju i wygody&#8230;oto co\u015b dla Ciebie! Przewiewna i zupe\u0142nie g\u0142adka. Kr\u00f3tki r\u0119kawek to kolejna zaleta. Sk\u0142ad: 95% bawe\u0142na, 5% elastan.<\/p>\n","protected":false},"excerpt":{"rendered":"<p>Uniwersalna koszulka m\u0119ska, kt\u00f3r\u0105 powinno si\u0119 mie\u0107 w swojej szafie. Bawe\u0142niana, z dodatkiem elastanu, pasuje niemal do wszystkiego. Je\u015bli szukasz perfekcyjnego kroju i wygody&#8230;oto co\u015b dla Ciebie! Przewiewna i zupe\u0142nie g\u0142adka. Kr\u00f3tki r\u0119kawek to kolejna zaleta. Sk\u0142ad: 95% bawe\u0142na, 5% elastan.<\/p>\n","protected":false},"featured_media":15817,"comment_status":"open","ping_status":"closed","template":"","meta":[],"product_brand":[],"product_cat":[1817,24,41,40,43],"product_tag":[1310,2336,2334,2292,705,2401,2424,2400,2423,2277,441,2408,2421,2403,2414,2420,152,2282,2422],"class_list":{"0":"post-9123","1":"product","2":"type-product","3":"status-publish","4":"has-post-thumbnail","6":"product_cat-koszulki-m","7":"product_cat-produkty","8":"product_cat-l","9":"product_cat-m","10":"product_cat-2xl","11":"product_tag-bawelna-z-elastanem","12":"product_tag-firma-henderson","13":"product_tag-granatowa","14":"product_tag-granatowy-m","15":"product_tag-idealne-na-codzien","16":"product_tag-klasyczny-kroj-koszulki-meskiej","17":"product_tag-koszulka-bosco-18731-59x-granatowa","18":"product_tag-koszulka-meska","19":"product_tag-krotki-rekawek","20":"product_tag-l","21":"product_tag-miekka-bawelniana-dzianina","22":"product_tag-na-silownie","23":"product_tag-przewiewna","24":"product_tag-skora-oddycha","25":"product_tag-sportowy-fason","26":"product_tag-uniwersalna-koszulka-meska","27":"product_tag-wygodna","28":"product_tag-xl","29":"product_tag-zupelnie-gladka","31":"first","32":"instock","33":"taxable","34":"shipping-taxable","35":"purchasable","36":"product-type-simple"},"_links":{"self":[{"href":"https:\/\/butikhome.pl\/index.php\/wp-json\/wp\/v2\/product\/9123","targetHints":{"allow":["GET"]}}],"collection":[{"href":"https:\/\/butikhome.pl\/index.php\/wp-json\/wp\/v2\/product"}],"about":[{"href":"https:\/\/butikhome.pl\/index.php\/wp-json\/wp\/v2\/types\/product"}],"replies":[{"embeddable":true,"href":"https:\/\/butikhome.pl\/index.php\/wp-json\/wp\/v2\/comments?post=9123"}],"wp:featuredmedia":[{"embeddable":true,"href":"https:\/\/butikhome.pl\/index.php\/wp-json\/wp\/v2\/media\/15817"}],"wp:attachment":[{"href":"https:\/\/butikhome.pl\/index.php\/wp-json\/wp\/v2\/media?parent=9123"}],"wp:term":[{"taxonomy":"product_brand","embeddable":true,"href":"https:\/\/butikhome.pl\/index.php\/wp-json\/wp\/v2\/product_brand?post=9123"},{"taxonomy":"product_cat","embeddable":true,"href":"https:\/\/butikhome.pl\/index.php\/wp-json\/wp\/v2\/product_cat?post=9123"},{"taxonomy":"product_tag","embeddable":true,"href":"https:\/\/butikhome.pl\/index.php\/wp-json\/wp\/v2\/product_tag?post=9123"}],"curies":[{"name":"wp","href":"https:\/\/api.w.org\/{rel}","templated":true}]}}