{"id":9139,"date":"2023-03-29T15:59:33","date_gmt":"2023-03-29T13:59:33","guid":{"rendered":"https:\/\/butikhome.pl\/index.php\/produkt\/koszulka-bras-18732-99x-czarna\/"},"modified":"2023-07-12T12:41:52","modified_gmt":"2023-07-12T10:41:52","slug":"koszulka-bras-18732-99x-czarna","status":"publish","type":"product","link":"https:\/\/butikhome.pl\/index.php\/produkt\/koszulka-bras-18732-99x-czarna\/","title":{"rendered":"Koszulka Bras 18732 99x Czarna"},"content":{"rendered":"<p>Sportowy fason i zarazem doskona\u0142y kr\u00f3j na upalne dni lata. Bras to koszulka na szerszych rami\u0105czkach, kt\u00f3ra efektownie opina cia\u0142o. Doskona\u0142a tak\u017ce na si\u0142owni\u0119. \u015awietnie sprawdzi si\u0119 r\u00f3wnie\u017c pod koszul\u0105. G\u0142adka i zaprojektowana z przewiewnej bawe\u0142ny z dodatkiem wygodnego elastanu. Sk\u0142ad: 95% bawe\u0142na, 5% elastan.<\/p>\n","protected":false},"excerpt":{"rendered":"<p>Sportowy fason i zarazem doskona\u0142y kr\u00f3j na upalne dni lata. Bras to koszulka na szerszych rami\u0105czkach, kt\u00f3ra efektownie opina cia\u0142o. Doskona\u0142a tak\u017ce na si\u0142owni\u0119. \u015awietnie sprawdzi si\u0119 r\u00f3wnie\u017c pod koszul\u0105. G\u0142adka i zaprojektowana z przewiewnej bawe\u0142ny z dodatkiem wygodnego elastanu. Sk\u0142ad: 95% bawe\u0142na, 5% elastan.<\/p>\n","protected":false},"featured_media":15813,"comment_status":"open","ping_status":"closed","template":"","meta":[],"product_brand":[],"product_cat":[29,1817,24,41,40,42,43],"product_tag":[1310,2404,2323,2270,2336,2409,705,2401,2413,2400,2277,441,2408,2403,2414,2411,1697,2282,2266,2402],"class_list":{"0":"post-9139","1":"product","2":"type-product","3":"status-publish","4":"has-post-thumbnail","6":"product_cat-bielizna","7":"product_cat-koszulki-m","8":"product_cat-produkty","9":"product_cat-l","10":"product_cat-m","11":"product_cat-xl","12":"product_cat-2xl","13":"product_tag-bawelna-z-elastanem","14":"product_tag-baza-pod-sweterek","15":"product_tag-czarna","16":"product_tag-czarny-m","17":"product_tag-firma-henderson","18":"product_tag-idealna-pod-koszule","19":"product_tag-idealne-na-codzien","20":"product_tag-klasyczny-kroj-koszulki-meskiej","21":"product_tag-koszulka-bras-18732-99x-czarna","22":"product_tag-koszulka-meska","23":"product_tag-l","24":"product_tag-miekka-bawelniana-dzianina","25":"product_tag-na-silownie","26":"product_tag-skora-oddycha","27":"product_tag-sportowy-fason","28":"product_tag-szara","29":"product_tag-szersze-ramiaczka","30":"product_tag-xl","31":"product_tag-xxl","32":"product_tag-z-bambusa-i-bawelny","34":"first","35":"instock","36":"taxable","37":"shipping-taxable","38":"purchasable","39":"product-type-simple"},"_links":{"self":[{"href":"https:\/\/butikhome.pl\/index.php\/wp-json\/wp\/v2\/product\/9139","targetHints":{"allow":["GET"]}}],"collection":[{"href":"https:\/\/butikhome.pl\/index.php\/wp-json\/wp\/v2\/product"}],"about":[{"href":"https:\/\/butikhome.pl\/index.php\/wp-json\/wp\/v2\/types\/product"}],"replies":[{"embeddable":true,"href":"https:\/\/butikhome.pl\/index.php\/wp-json\/wp\/v2\/comments?post=9139"}],"wp:featuredmedia":[{"embeddable":true,"href":"https:\/\/butikhome.pl\/index.php\/wp-json\/wp\/v2\/media\/15813"}],"wp:attachment":[{"href":"https:\/\/butikhome.pl\/index.php\/wp-json\/wp\/v2\/media?parent=9139"}],"wp:term":[{"taxonomy":"product_brand","embeddable":true,"href":"https:\/\/butikhome.pl\/index.php\/wp-json\/wp\/v2\/product_brand?post=9139"},{"taxonomy":"product_cat","embeddable":true,"href":"https:\/\/butikhome.pl\/index.php\/wp-json\/wp\/v2\/product_cat?post=9139"},{"taxonomy":"product_tag","embeddable":true,"href":"https:\/\/butikhome.pl\/index.php\/wp-json\/wp\/v2\/product_tag?post=9139"}],"curies":[{"name":"wp","href":"https:\/\/api.w.org\/{rel}","templated":true}]}}