{"id":9144,"date":"2023-03-29T15:59:34","date_gmt":"2023-03-29T13:59:34","guid":{"rendered":"https:\/\/butikhome.pl\/index.php\/produkt\/koszulka-grant-34323-99x-czarny\/"},"modified":"2023-07-12T12:03:25","modified_gmt":"2023-07-12T10:03:25","slug":"koszulka-grant-34323-99x-czarny","status":"publish","type":"product","link":"https:\/\/butikhome.pl\/index.php\/produkt\/koszulka-grant-34323-99x-czarny\/","title":{"rendered":"Koszulka Grant 34323-99X Czarny"},"content":{"rendered":"<p>Klasyczna koszulka m\u0119ska na szerszych rami\u0105czkach, wykonana na bazie naturalnych w\u0142\u00f3kien: bawe\u0142ny i bambusa. \u015awietnie si\u0119 nosi, pozwala oddycha\u0107 sk\u00f3rze. Mo\u017ce stanowi\u0107 baz\u0119 pod sweterek albo integraln\u0105 cz\u0119\u015b\u0107 w wersji z np. jeansami. Mi\u0119kka i elastyczna. Sk\u0142ad: 70% bambus, 25% bawe\u0142na, 5% elastan.<\/p>\n","protected":false},"excerpt":{"rendered":"<p>Klasyczna koszulka m\u0119ska na szerszych rami\u0105czkach, wykonana na bazie naturalnych w\u0142\u00f3kien: bawe\u0142ny i bambusa. \u015awietnie si\u0119 nosi, pozwala oddycha\u0107 sk\u00f3rze. Mo\u017ce stanowi\u0107 baz\u0119 pod sweterek albo integraln\u0105 cz\u0119\u015b\u0107 w wersji z np. jeansami. Mi\u0119kka i elastyczna. Sk\u0142ad: 70% bambus, 25% bawe\u0142na, 5% elastan.<\/p>\n","protected":false},"featured_media":15810,"comment_status":"open","ping_status":"closed","template":"","meta":[],"product_brand":[],"product_cat":[29,1817,24,43],"product_tag":[2404,1089,2398,2336,705,2401,2399,2400,441,2403,1697,2402],"class_list":{"0":"post-9144","1":"product","2":"type-product","3":"status-publish","4":"has-post-thumbnail","6":"product_cat-bielizna","7":"product_cat-koszulki-m","8":"product_cat-produkty","9":"product_cat-2xl","10":"product_tag-baza-pod-sweterek","11":"product_tag-czarny","12":"product_tag-czarny-xxl","13":"product_tag-firma-henderson","14":"product_tag-idealne-na-codzien","15":"product_tag-klasyczny-kroj-koszulki-meskiej","16":"product_tag-koszulka-grant-34323-99x-czarny","17":"product_tag-koszulka-meska","18":"product_tag-miekka-bawelniana-dzianina","19":"product_tag-skora-oddycha","20":"product_tag-szersze-ramiaczka","21":"product_tag-z-bambusa-i-bawelny","23":"first","24":"instock","25":"taxable","26":"shipping-taxable","27":"purchasable","28":"product-type-simple"},"_links":{"self":[{"href":"https:\/\/butikhome.pl\/index.php\/wp-json\/wp\/v2\/product\/9144","targetHints":{"allow":["GET"]}}],"collection":[{"href":"https:\/\/butikhome.pl\/index.php\/wp-json\/wp\/v2\/product"}],"about":[{"href":"https:\/\/butikhome.pl\/index.php\/wp-json\/wp\/v2\/types\/product"}],"replies":[{"embeddable":true,"href":"https:\/\/butikhome.pl\/index.php\/wp-json\/wp\/v2\/comments?post=9144"}],"wp:featuredmedia":[{"embeddable":true,"href":"https:\/\/butikhome.pl\/index.php\/wp-json\/wp\/v2\/media\/15810"}],"wp:attachment":[{"href":"https:\/\/butikhome.pl\/index.php\/wp-json\/wp\/v2\/media?parent=9144"}],"wp:term":[{"taxonomy":"product_brand","embeddable":true,"href":"https:\/\/butikhome.pl\/index.php\/wp-json\/wp\/v2\/product_brand?post=9144"},{"taxonomy":"product_cat","embeddable":true,"href":"https:\/\/butikhome.pl\/index.php\/wp-json\/wp\/v2\/product_cat?post=9144"},{"taxonomy":"product_tag","embeddable":true,"href":"https:\/\/butikhome.pl\/index.php\/wp-json\/wp\/v2\/product_tag?post=9144"}],"curies":[{"name":"wp","href":"https:\/\/api.w.org\/{rel}","templated":true}]}}