{"id":9156,"date":"2023-03-29T15:59:38","date_gmt":"2023-03-29T13:59:38","guid":{"rendered":"https:\/\/butikhome.pl\/index.php\/produkt\/pizama-badge-40040-99x-czarny-khaki\/"},"modified":"2023-07-12T11:37:31","modified_gmt":"2023-07-12T09:37:31","slug":"pizama-badge-40040-99x-czarny-khaki","status":"publish","type":"product","link":"https:\/\/butikhome.pl\/index.php\/produkt\/pizama-badge-40040-99x-czarny-khaki\/","title":{"rendered":"Pi\u017cama Badge 40040-99X Czarny-Khaki"},"content":{"rendered":"<p>    -Bluzka z d\u0142ugim r\u0119kawem<br \/>\n    -Idealna tak\u017ce na prezent<br \/>\n    -Koszulka z nadrukiem<br \/>\n    -Lu\u017any, komfortowy kr\u00f3j<br \/>\n    -Model dost\u0119pny w wielu kolorach lub wzorach<br \/>\n    -Nogawki wyko\u0144czone \u015bci\u0105gaczem<br \/>\n    -Pakowany w pude\u0142ko<br \/>\n    -Przyjemna w dotyku, mi\u0119kka dzianina\/tkanina<br \/>\n    -R\u0119kawy wyko\u0144czone \u015bci\u0105gaczem<br \/>\n    -Spodnie d\u0142ugie<br \/>\n    -Troczki w talii<br \/>\n    -Bawe\u0142na: 100%<\/p>\n","protected":false},"excerpt":{"rendered":"<p>-Bluzka z d\u0142ugim r\u0119kawem -Idealna tak\u017ce na prezent -Koszulka z nadrukiem -Lu\u017any, komfortowy kr\u00f3j -Model dost\u0119pny w wielu kolorach lub wzorach -Nogawki wyko\u0144czone \u015bci\u0105gaczem -Pakowany w pude\u0142ko -Przyjemna w dotyku, mi\u0119kka dzianina\/tkanina -R\u0119kawy wyko\u0144czone \u015bci\u0105gaczem -Spodnie d\u0142ugie -Troczki w talii -Bawe\u0142na: 100%<\/p>\n","protected":false},"featured_media":15808,"comment_status":"open","ping_status":"closed","template":"","meta":[],"product_brand":[],"product_cat":[2332,24,42,43],"product_tag":[2392,2386,2395,2357,2362,2387,2359,2388,1297,2394,1679,2389,2390,2361,2391,301,2282,2266],"class_list":{"0":"post-9156","1":"product","2":"type-product","3":"status-publish","4":"has-post-thumbnail","6":"product_cat-pizama-meska","7":"product_cat-produkty","8":"product_cat-xl","9":"product_cat-2xl","10":"product_tag-bawelna-100","11":"product_tag-bluzka-z-dlugim-rekawem","12":"product_tag-czarny-khaki-xl","13":"product_tag-dekolt-polokragly","14":"product_tag-firmy-henderson","15":"product_tag-koszulka-z-nadrukiem","16":"product_tag-luzny-komfortowy-kroj","17":"product_tag-nogawki-wykonczone-sciagaczem","18":"product_tag-pakowane-w-pudelko","19":"product_tag-pizama-badge-40040-99x-czarny-khaki","20":"product_tag-przyjemna-w-dotyku-miekka-dzianina-tkanina","21":"product_tag-rekawy-wykonczone-sciagaczem","22":"product_tag-spodnie-dlugie","23":"product_tag-szeroka-gumka-w-pasie","24":"product_tag-troczki-w-talii","25":"product_tag-wysoka-jakosc","26":"product_tag-xl","27":"product_tag-xxl","29":"first","30":"instock","31":"taxable","32":"shipping-taxable","33":"purchasable","34":"product-type-simple"},"_links":{"self":[{"href":"https:\/\/butikhome.pl\/index.php\/wp-json\/wp\/v2\/product\/9156","targetHints":{"allow":["GET"]}}],"collection":[{"href":"https:\/\/butikhome.pl\/index.php\/wp-json\/wp\/v2\/product"}],"about":[{"href":"https:\/\/butikhome.pl\/index.php\/wp-json\/wp\/v2\/types\/product"}],"replies":[{"embeddable":true,"href":"https:\/\/butikhome.pl\/index.php\/wp-json\/wp\/v2\/comments?post=9156"}],"wp:featuredmedia":[{"embeddable":true,"href":"https:\/\/butikhome.pl\/index.php\/wp-json\/wp\/v2\/media\/15808"}],"wp:attachment":[{"href":"https:\/\/butikhome.pl\/index.php\/wp-json\/wp\/v2\/media?parent=9156"}],"wp:term":[{"taxonomy":"product_brand","embeddable":true,"href":"https:\/\/butikhome.pl\/index.php\/wp-json\/wp\/v2\/product_brand?post=9156"},{"taxonomy":"product_cat","embeddable":true,"href":"https:\/\/butikhome.pl\/index.php\/wp-json\/wp\/v2\/product_cat?post=9156"},{"taxonomy":"product_tag","embeddable":true,"href":"https:\/\/butikhome.pl\/index.php\/wp-json\/wp\/v2\/product_tag?post=9156"}],"curies":[{"name":"wp","href":"https:\/\/api.w.org\/{rel}","templated":true}]}}