{"id":9177,"date":"2023-03-29T15:59:41","date_gmt":"2023-03-29T13:59:41","guid":{"rendered":"https:\/\/butikhome.pl\/index.php\/produkt\/pizama-bolt-40033-33x-czerwony-melanz-czarny\/"},"modified":"2023-07-11T15:53:39","modified_gmt":"2023-07-11T13:53:39","slug":"pizama-bolt-40033-33x-czerwony-melanz-czarny","status":"publish","type":"product","link":"https:\/\/butikhome.pl\/index.php\/produkt\/pizama-bolt-40033-33x-czerwony-melanz-czarny\/","title":{"rendered":"Pi\u017cama Bolt 40033-33X Czerwony Melan\u017c-Czarny"},"content":{"rendered":"<p>    -Bluzka z d\u0142ugim r\u0119kawem<br \/>\n    -Dekolt p\u00f3\u0142okr\u0105g\u0142y<br \/>\n    -Koszulka z nadrukiem<br \/>\n    -Lu\u017any, wygodny kr\u00f3j spodni<br \/>\n    -Nogawki wyko\u0144czone \u015bci\u0105gaczem<br \/>\n    -Pakowany w pude\u0142ko<br \/>\n    -Przyjemna w dotyku, mi\u0119kka dzianina\/tkanina<br \/>\n    -R\u0119kawy wyko\u0144czone \u015bci\u0105gaczem<br \/>\n    -Spodnie d\u0142ugie<br \/>\n    -Troczki w talii<br \/>\n    -Bawe\u0142na: 100%<\/p>\n","protected":false},"excerpt":{"rendered":"<p>-Bluzka z d\u0142ugim r\u0119kawem -Dekolt p\u00f3\u0142okr\u0105g\u0142y -Koszulka z nadrukiem -Lu\u017any, wygodny kr\u00f3j spodni -Nogawki wyko\u0144czone \u015bci\u0105gaczem -Pakowany w pude\u0142ko -Przyjemna w dotyku, mi\u0119kka dzianina\/tkanina -R\u0119kawy wyko\u0144czone \u015bci\u0105gaczem -Spodnie d\u0142ugie -Troczki w talii -Bawe\u0142na: 100%<\/p>\n","protected":false},"featured_media":15807,"comment_status":"open","ping_status":"closed","template":"","meta":[],"product_brand":[],"product_cat":[2332,24,41,40,42,43],"product_tag":[2392,2386,2385,2357,2362,2387,2359,2388,1297,2393,1679,2389,2390,2361,2391,301,2282,2266],"class_list":{"0":"post-9177","1":"product","2":"type-product","3":"status-publish","4":"has-post-thumbnail","6":"product_cat-pizama-meska","7":"product_cat-produkty","8":"product_cat-l","9":"product_cat-m","10":"product_cat-xl","11":"product_cat-2xl","12":"product_tag-bawelna-100","13":"product_tag-bluzka-z-dlugim-rekawem","14":"product_tag-czerwony-melanz-czarny-m","15":"product_tag-dekolt-polokragly","16":"product_tag-firmy-henderson","17":"product_tag-koszulka-z-nadrukiem","18":"product_tag-luzny-komfortowy-kroj","19":"product_tag-nogawki-wykonczone-sciagaczem","20":"product_tag-pakowane-w-pudelko","21":"product_tag-pizama-bolt-40033-33x-czerwony-melanz-czarny","22":"product_tag-przyjemna-w-dotyku-miekka-dzianina-tkanina","23":"product_tag-rekawy-wykonczone-sciagaczem","24":"product_tag-spodnie-dlugie","25":"product_tag-szeroka-gumka-w-pasie","26":"product_tag-troczki-w-talii","27":"product_tag-wysoka-jakosc","28":"product_tag-xl","29":"product_tag-xxl","31":"first","32":"instock","33":"taxable","34":"shipping-taxable","35":"purchasable","36":"product-type-simple"},"_links":{"self":[{"href":"https:\/\/butikhome.pl\/index.php\/wp-json\/wp\/v2\/product\/9177","targetHints":{"allow":["GET"]}}],"collection":[{"href":"https:\/\/butikhome.pl\/index.php\/wp-json\/wp\/v2\/product"}],"about":[{"href":"https:\/\/butikhome.pl\/index.php\/wp-json\/wp\/v2\/types\/product"}],"replies":[{"embeddable":true,"href":"https:\/\/butikhome.pl\/index.php\/wp-json\/wp\/v2\/comments?post=9177"}],"wp:featuredmedia":[{"embeddable":true,"href":"https:\/\/butikhome.pl\/index.php\/wp-json\/wp\/v2\/media\/15807"}],"wp:attachment":[{"href":"https:\/\/butikhome.pl\/index.php\/wp-json\/wp\/v2\/media?parent=9177"}],"wp:term":[{"taxonomy":"product_brand","embeddable":true,"href":"https:\/\/butikhome.pl\/index.php\/wp-json\/wp\/v2\/product_brand?post=9177"},{"taxonomy":"product_cat","embeddable":true,"href":"https:\/\/butikhome.pl\/index.php\/wp-json\/wp\/v2\/product_cat?post=9177"},{"taxonomy":"product_tag","embeddable":true,"href":"https:\/\/butikhome.pl\/index.php\/wp-json\/wp\/v2\/product_tag?post=9177"}],"curies":[{"name":"wp","href":"https:\/\/api.w.org\/{rel}","templated":true}]}}