{"id":9222,"date":"2023-03-29T15:59:49","date_gmt":"2023-03-29T13:59:49","guid":{"rendered":"https:\/\/butikhome.pl\/index.php\/produkt\/pizama-dune-38879-33x-czerwono-granatowa\/"},"modified":"2023-07-11T15:44:46","modified_gmt":"2023-07-11T13:44:46","slug":"pizama-dune-38879-33x-czerwono-granatowa","status":"publish","type":"product","link":"https:\/\/butikhome.pl\/index.php\/produkt\/pizama-dune-38879-33x-czerwono-granatowa\/","title":{"rendered":"Pi\u017cama Dune 38879-33X Czerwono-Granatowa"},"content":{"rendered":"<p>Czerwono-granatowa pi\u017cama m\u0119ska z lekko dopasowan\u0105 koszulk\u0105 zapinan\u0105 pod szyj\u0105 na guziki i bardzo modnymi spodniami do kolan. Spodnie g\u0142adkie, z widoczn\u0105, drukowan\u0105 gum\u0105 w pasie. Je\u015bli i Ty stawiasz na ciekawy, modny wygl\u0105d a przy tym zale\u017cy Ci na niezb\u0119dnej wygodzie &#8211; oto idealna propozycja dla Ciebie. Sk\u0142ad: g\u00f3ra 80% bawe\u0142na, 20% poliester, d\u00f3\u0142 100% bawe\u0142na.<\/p>\n","protected":false},"excerpt":{"rendered":"<p>Czerwono-granatowa pi\u017cama m\u0119ska z lekko dopasowan\u0105 koszulk\u0105 zapinan\u0105 pod szyj\u0105 na guziki i bardzo modnymi spodniami do kolan. Spodnie g\u0142adkie, z widoczn\u0105, drukowan\u0105 gum\u0105 w pasie. Je\u015bli i Ty stawiasz na ciekawy, modny wygl\u0105d a przy tym zale\u017cy Ci na niezb\u0119dnej wygodzie &#8211; oto idealna propozycja dla Ciebie. Sk\u0142ad: g\u00f3ra 80% bawe\u0142na, 20% poliester, d\u00f3\u0142 &hellip; <\/p>\n","protected":false},"featured_media":15805,"comment_status":"open","ping_status":"closed","template":"","meta":[],"product_brand":[],"product_cat":[2332,24,41,40,42,43],"product_tag":[2382,2379,2357,2362,2358,2348,2277,2384,2359,1297,2381,1679,2380,2383,2361,301,2282,2266,2360],"class_list":{"0":"post-9222","1":"product","2":"type-product","3":"status-publish","4":"has-post-thumbnail","6":"product_cat-pizama-meska","7":"product_cat-produkty","8":"product_cat-l","9":"product_cat-m","10":"product_cat-xl","11":"product_cat-2xl","12":"product_tag-czerwono-granatowa","13":"product_tag-czerwono-granatowy-m","14":"product_tag-dekolt-polokragly","15":"product_tag-firmy-henderson","16":"product_tag-kosulka-z-nadrukiem","17":"product_tag-krotkie-spodenki-i-krotki-rekawek","18":"product_tag-l","19":"product_tag-lekko-dopasowana-koszulka","20":"product_tag-luzny-komfortowy-kroj","21":"product_tag-pakowane-w-pudelko","22":"product_tag-pizama-dune-38879-33x-czerwono-granatowa","23":"product_tag-przyjemna-w-dotyku-miekka-dzianina-tkanina","24":"product_tag-rozpinana-pod-szyja","25":"product_tag-spodnie-do-kolan","26":"product_tag-szeroka-gumka-w-pasie","27":"product_tag-wysoka-jakosc","28":"product_tag-xl","29":"product_tag-xxl","30":"product_tag-z-kieszeniami","32":"first","33":"instock","34":"taxable","35":"shipping-taxable","36":"purchasable","37":"product-type-simple"},"_links":{"self":[{"href":"https:\/\/butikhome.pl\/index.php\/wp-json\/wp\/v2\/product\/9222","targetHints":{"allow":["GET"]}}],"collection":[{"href":"https:\/\/butikhome.pl\/index.php\/wp-json\/wp\/v2\/product"}],"about":[{"href":"https:\/\/butikhome.pl\/index.php\/wp-json\/wp\/v2\/types\/product"}],"replies":[{"embeddable":true,"href":"https:\/\/butikhome.pl\/index.php\/wp-json\/wp\/v2\/comments?post=9222"}],"wp:featuredmedia":[{"embeddable":true,"href":"https:\/\/butikhome.pl\/index.php\/wp-json\/wp\/v2\/media\/15805"}],"wp:attachment":[{"href":"https:\/\/butikhome.pl\/index.php\/wp-json\/wp\/v2\/media?parent=9222"}],"wp:term":[{"taxonomy":"product_brand","embeddable":true,"href":"https:\/\/butikhome.pl\/index.php\/wp-json\/wp\/v2\/product_brand?post=9222"},{"taxonomy":"product_cat","embeddable":true,"href":"https:\/\/butikhome.pl\/index.php\/wp-json\/wp\/v2\/product_cat?post=9222"},{"taxonomy":"product_tag","embeddable":true,"href":"https:\/\/butikhome.pl\/index.php\/wp-json\/wp\/v2\/product_tag?post=9222"}],"curies":[{"name":"wp","href":"https:\/\/api.w.org\/{rel}","templated":true}]}}