{"id":9244,"date":"2023-03-29T15:59:52","date_gmt":"2023-03-29T13:59:52","guid":{"rendered":"https:\/\/butikhome.pl\/index.php\/produkt\/pizama-fearless-40685-24x-brzoskwiniowo-granatowa\/"},"modified":"2023-07-10T15:58:50","modified_gmt":"2023-07-10T13:58:50","slug":"pizama-fearless-40685-24x-brzoskwiniowo-granatowa","status":"publish","type":"product","link":"https:\/\/butikhome.pl\/index.php\/produkt\/pizama-fearless-40685-24x-brzoskwiniowo-granatowa\/","title":{"rendered":"Pi\u017cama Fearless 40685-24X Brzoskwiniowo-Granatowa"},"content":{"rendered":"<p>    -Bluzka z d\u0142ugim r\u0119kawem<br \/>\n    -Dekolt p\u00f3\u0142okr\u0105g\u0142y<br \/>\n    -Koszulka z nadrukiem<br \/>\n    -Lu\u017any, komfortowy kr\u00f3j<br \/>\n    -Model z kieszeniami<br \/>\n    -Pakowany w pude\u0142ko<br \/>\n    -Przyjemna w dotyku, mi\u0119kka dzianina\/tkanina<br \/>\n    -Wysoka jako\u015b\u0107<br \/>\n    -Bawe\u0142na: 100%<\/p>\n","protected":false},"excerpt":{"rendered":"<p>-Bluzka z d\u0142ugim r\u0119kawem -Dekolt p\u00f3\u0142okr\u0105g\u0142y -Koszulka z nadrukiem -Lu\u017any, komfortowy kr\u00f3j -Model z kieszeniami -Pakowany w pude\u0142ko -Przyjemna w dotyku, mi\u0119kka dzianina\/tkanina -Wysoka jako\u015b\u0107 -Bawe\u0142na: 100%<\/p>\n","protected":false},"featured_media":15802,"comment_status":"open","ping_status":"closed","template":"","meta":[],"product_brand":[],"product_cat":[2332,24,41,40,42,43],"product_tag":[2363,2377,2357,2362,2358,2348,2277,2359,1297,2378,1679,2361,301,2282,2266,2360],"class_list":{"0":"post-9244","1":"product","2":"type-product","3":"status-publish","4":"has-post-thumbnail","6":"product_cat-pizama-meska","7":"product_cat-produkty","8":"product_cat-l","9":"product_cat-m","10":"product_cat-xl","11":"product_cat-2xl","12":"product_tag-100-bawelny","13":"product_tag-brzoskwiniowo-granatowy-m","14":"product_tag-dekolt-polokragly","15":"product_tag-firmy-henderson","16":"product_tag-kosulka-z-nadrukiem","17":"product_tag-krotkie-spodenki-i-krotki-rekawek","18":"product_tag-l","19":"product_tag-luzny-komfortowy-kroj","20":"product_tag-pakowane-w-pudelko","21":"product_tag-pizama-fearless-40685-24x-brzoskwiniowo-granatowa","22":"product_tag-przyjemna-w-dotyku-miekka-dzianina-tkanina","23":"product_tag-szeroka-gumka-w-pasie","24":"product_tag-wysoka-jakosc","25":"product_tag-xl","26":"product_tag-xxl","27":"product_tag-z-kieszeniami","29":"first","30":"instock","31":"taxable","32":"shipping-taxable","33":"purchasable","34":"product-type-simple"},"_links":{"self":[{"href":"https:\/\/butikhome.pl\/index.php\/wp-json\/wp\/v2\/product\/9244","targetHints":{"allow":["GET"]}}],"collection":[{"href":"https:\/\/butikhome.pl\/index.php\/wp-json\/wp\/v2\/product"}],"about":[{"href":"https:\/\/butikhome.pl\/index.php\/wp-json\/wp\/v2\/types\/product"}],"replies":[{"embeddable":true,"href":"https:\/\/butikhome.pl\/index.php\/wp-json\/wp\/v2\/comments?post=9244"}],"wp:featuredmedia":[{"embeddable":true,"href":"https:\/\/butikhome.pl\/index.php\/wp-json\/wp\/v2\/media\/15802"}],"wp:attachment":[{"href":"https:\/\/butikhome.pl\/index.php\/wp-json\/wp\/v2\/media?parent=9244"}],"wp:term":[{"taxonomy":"product_brand","embeddable":true,"href":"https:\/\/butikhome.pl\/index.php\/wp-json\/wp\/v2\/product_brand?post=9244"},{"taxonomy":"product_cat","embeddable":true,"href":"https:\/\/butikhome.pl\/index.php\/wp-json\/wp\/v2\/product_cat?post=9244"},{"taxonomy":"product_tag","embeddable":true,"href":"https:\/\/butikhome.pl\/index.php\/wp-json\/wp\/v2\/product_tag?post=9244"}],"curies":[{"name":"wp","href":"https:\/\/api.w.org\/{rel}","templated":true}]}}