{"id":9252,"date":"2023-03-29T15:59:55","date_gmt":"2023-03-29T13:59:55","guid":{"rendered":"https:\/\/butikhome.pl\/index.php\/produkt\/pizama-flair-40676-09x-melanz-granatowy\/"},"modified":"2023-07-10T15:42:17","modified_gmt":"2023-07-10T13:42:17","slug":"pizama-flair-40676-09x-melanz-granatowy","status":"publish","type":"product","link":"https:\/\/butikhome.pl\/index.php\/produkt\/pizama-flair-40676-09x-melanz-granatowy\/","title":{"rendered":"Pi\u017cama Flair 40676-09X Melan\u017c Granatowy"},"content":{"rendered":"<p>    -Bluzka z kr\u00f3tkim r\u0119kawem<br \/>\n    -Dekolt p\u00f3\u0142okr\u0105g\u0142y<br \/>\n    -Koszulka z nadrukiem<br \/>\n    -Lu\u017any, komfortowy kr\u00f3j<br \/>\n    -Pakowany w pude\u0142ko<br \/>\n    -Przyjemna w dotyku, mi\u0119kka dzianina\/tkanina<br \/>\n    -Spodnie bez kieszeni<br \/>\n    -D\u00f3\u0142 &#8211; Bawe\u0142na: 100%<br \/>\n    -G\u00f3ra &#8211; Bawe\u0142na: 90%<br \/>\n    -G\u00f3ra &#8211; Wiskoza: 10%<\/p>\n","protected":false},"excerpt":{"rendered":"<p>-Bluzka z kr\u00f3tkim r\u0119kawem -Dekolt p\u00f3\u0142okr\u0105g\u0142y -Koszulka z nadrukiem -Lu\u017any, komfortowy kr\u00f3j -Pakowany w pude\u0142ko -Przyjemna w dotyku, mi\u0119kka dzianina\/tkanina -Spodnie bez kieszeni -D\u00f3\u0142 &#8211; Bawe\u0142na: 100% -G\u00f3ra &#8211; Bawe\u0142na: 90% -G\u00f3ra &#8211; Wiskoza: 10%<\/p>\n","protected":false},"featured_media":15799,"comment_status":"open","ping_status":"closed","template":"","meta":[],"product_brand":[],"product_cat":[29,2332,24,41,42,43],"product_tag":[2363,2357,2362,2358,2348,2277,2359,2375,1297,2376,1679,2361,301,2282,2266,2360],"class_list":{"0":"post-9252","1":"product","2":"type-product","3":"status-publish","4":"has-post-thumbnail","6":"product_cat-bielizna","7":"product_cat-pizama-meska","8":"product_cat-produkty","9":"product_cat-l","10":"product_cat-xl","11":"product_cat-2xl","12":"product_tag-100-bawelny","13":"product_tag-dekolt-polokragly","14":"product_tag-firmy-henderson","15":"product_tag-kosulka-z-nadrukiem","16":"product_tag-krotkie-spodenki-i-krotki-rekawek","17":"product_tag-l","18":"product_tag-luzny-komfortowy-kroj","19":"product_tag-melanz-granatowy-m","20":"product_tag-pakowane-w-pudelko","21":"product_tag-pizama-flair-40676-09x-melanz-granatowy","22":"product_tag-przyjemna-w-dotyku-miekka-dzianina-tkanina","23":"product_tag-szeroka-gumka-w-pasie","24":"product_tag-wysoka-jakosc","25":"product_tag-xl","26":"product_tag-xxl","27":"product_tag-z-kieszeniami","29":"first","30":"instock","31":"taxable","32":"shipping-taxable","33":"purchasable","34":"product-type-simple"},"_links":{"self":[{"href":"https:\/\/butikhome.pl\/index.php\/wp-json\/wp\/v2\/product\/9252","targetHints":{"allow":["GET"]}}],"collection":[{"href":"https:\/\/butikhome.pl\/index.php\/wp-json\/wp\/v2\/product"}],"about":[{"href":"https:\/\/butikhome.pl\/index.php\/wp-json\/wp\/v2\/types\/product"}],"replies":[{"embeddable":true,"href":"https:\/\/butikhome.pl\/index.php\/wp-json\/wp\/v2\/comments?post=9252"}],"wp:featuredmedia":[{"embeddable":true,"href":"https:\/\/butikhome.pl\/index.php\/wp-json\/wp\/v2\/media\/15799"}],"wp:attachment":[{"href":"https:\/\/butikhome.pl\/index.php\/wp-json\/wp\/v2\/media?parent=9252"}],"wp:term":[{"taxonomy":"product_brand","embeddable":true,"href":"https:\/\/butikhome.pl\/index.php\/wp-json\/wp\/v2\/product_brand?post=9252"},{"taxonomy":"product_cat","embeddable":true,"href":"https:\/\/butikhome.pl\/index.php\/wp-json\/wp\/v2\/product_cat?post=9252"},{"taxonomy":"product_tag","embeddable":true,"href":"https:\/\/butikhome.pl\/index.php\/wp-json\/wp\/v2\/product_tag?post=9252"}],"curies":[{"name":"wp","href":"https:\/\/api.w.org\/{rel}","templated":true}]}}