{"id":9260,"date":"2023-03-29T15:59:56","date_gmt":"2023-03-29T13:59:56","guid":{"rendered":"https:\/\/butikhome.pl\/index.php\/produkt\/pizama-fleet-40675-59x-granatowy-melanz\/"},"modified":"2023-07-10T15:13:00","modified_gmt":"2023-07-10T13:13:00","slug":"pizama-fleet-40675-59x-granatowy-melanz","status":"publish","type":"product","link":"https:\/\/butikhome.pl\/index.php\/produkt\/pizama-fleet-40675-59x-granatowy-melanz\/","title":{"rendered":"Pi\u017cama Fleet 40675-59X Granatowy Melan\u017c"},"content":{"rendered":"<p>    -Bluzka z kr\u00f3tkim r\u0119kawem<br \/>\n    -Dekolt p\u00f3\u0142okr\u0105g\u0142y<br \/>\n    -Koszulka z nadrukiem<br \/>\n    -Lu\u017any, komfortowy kr\u00f3j<br \/>\n    -Model dost\u0119pny w wielu kolorach lub wzorach<br \/>\n    -Model z kieszeniami<br \/>\n    -Pakowany w pude\u0142ko<br \/>\n    -Przyjemna w dotyku, mi\u0119kka dzianina\/tkanina<br \/>\n    -Szeroka guma w pasie<br \/>\n    -W pasie guma z nadrukiem<br \/>\n    -Wysoka jako\u015b\u0107<br \/>\n    -Bawe\u0142na: 60%<br \/>\n    -Poliester: 40%<\/p>\n","protected":false},"excerpt":{"rendered":"<p>-Bluzka z kr\u00f3tkim r\u0119kawem -Dekolt p\u00f3\u0142okr\u0105g\u0142y -Koszulka z nadrukiem -Lu\u017any, komfortowy kr\u00f3j -Model dost\u0119pny w wielu kolorach lub wzorach -Model z kieszeniami -Pakowany w pude\u0142ko -Przyjemna w dotyku, mi\u0119kka dzianina\/tkanina -Szeroka guma w pasie -W pasie guma z nadrukiem -Wysoka jako\u015b\u0107 -Bawe\u0142na: 60% -Poliester: 40%<\/p>\n","protected":false},"featured_media":15793,"comment_status":"open","ping_status":"closed","template":"","meta":[],"product_brand":[],"product_cat":[29,2332,24,41,40,42,43],"product_tag":[2363,2357,2362,2365,2364,2358,2348,2277,2359,1297,2366,1679,2361,301,2282,2266,2360],"class_list":{"0":"post-9260","1":"product","2":"type-product","3":"status-publish","4":"has-post-thumbnail","6":"product_cat-bielizna","7":"product_cat-pizama-meska","8":"product_cat-produkty","9":"product_cat-l","10":"product_cat-m","11":"product_cat-xl","12":"product_cat-2xl","13":"product_tag-100-bawelny","14":"product_tag-dekolt-polokragly","15":"product_tag-firmy-henderson","16":"product_tag-granatowy-melanz","17":"product_tag-granatowy-melanz-m","18":"product_tag-kosulka-z-nadrukiem","19":"product_tag-krotkie-spodenki-i-krotki-rekawek","20":"product_tag-l","21":"product_tag-luzny-komfortowy-kroj","22":"product_tag-pakowane-w-pudelko","23":"product_tag-pizama-fleet-40675-59x-granatowy-melanz","24":"product_tag-przyjemna-w-dotyku-miekka-dzianina-tkanina","25":"product_tag-szeroka-gumka-w-pasie","26":"product_tag-wysoka-jakosc","27":"product_tag-xl","28":"product_tag-xxl","29":"product_tag-z-kieszeniami","31":"first","32":"instock","33":"taxable","34":"shipping-taxable","35":"purchasable","36":"product-type-simple"},"_links":{"self":[{"href":"https:\/\/butikhome.pl\/index.php\/wp-json\/wp\/v2\/product\/9260","targetHints":{"allow":["GET"]}}],"collection":[{"href":"https:\/\/butikhome.pl\/index.php\/wp-json\/wp\/v2\/product"}],"about":[{"href":"https:\/\/butikhome.pl\/index.php\/wp-json\/wp\/v2\/types\/product"}],"replies":[{"embeddable":true,"href":"https:\/\/butikhome.pl\/index.php\/wp-json\/wp\/v2\/comments?post=9260"}],"wp:featuredmedia":[{"embeddable":true,"href":"https:\/\/butikhome.pl\/index.php\/wp-json\/wp\/v2\/media\/15793"}],"wp:attachment":[{"href":"https:\/\/butikhome.pl\/index.php\/wp-json\/wp\/v2\/media?parent=9260"}],"wp:term":[{"taxonomy":"product_brand","embeddable":true,"href":"https:\/\/butikhome.pl\/index.php\/wp-json\/wp\/v2\/product_brand?post=9260"},{"taxonomy":"product_cat","embeddable":true,"href":"https:\/\/butikhome.pl\/index.php\/wp-json\/wp\/v2\/product_cat?post=9260"},{"taxonomy":"product_tag","embeddable":true,"href":"https:\/\/butikhome.pl\/index.php\/wp-json\/wp\/v2\/product_tag?post=9260"}],"curies":[{"name":"wp","href":"https:\/\/api.w.org\/{rel}","templated":true}]}}