{"id":9323,"date":"2023-03-29T16:00:08","date_gmt":"2023-03-29T14:00:08","guid":{"rendered":"https:\/\/butikhome.pl\/index.php\/produkt\/pizama-needle-39730-65x-zielono-granatowa\/"},"modified":"2023-07-21T12:20:55","modified_gmt":"2023-07-21T10:20:55","slug":"pizama-needle-39730-65x-zielono-granatowa","status":"publish","type":"product","link":"https:\/\/butikhome.pl\/index.php\/produkt\/pizama-needle-39730-65x-zielono-granatowa\/","title":{"rendered":"Pi\u017cama Needle 39730-65X Zielono-Granatowa"},"content":{"rendered":"<ul>\n<li>Bluzka z kr\u00f3tkim r\u0119kawem<\/li>\n<li>Dekolt p\u00f3\u0142okr\u0105g\u0142y<\/li>\n<li>Idealna tak\u017ce na prezent<\/li>\n<li>Kr\u00f3tkie spodenki<\/li>\n<li>Lu\u017any, komfortowy kr\u00f3j<\/li>\n<li>Lu\u017any, wygodny kr\u00f3j spodni<\/li>\n<li>Materia\u0142 z nadrukiem<\/li>\n<li>Modna kolorystyka<\/li>\n<li>Pakowany w pude\u0142ko<\/li>\n<li>Przyjemna w dotyku, mi\u0119kka dzianina\/tkanina<\/li>\n<li>Wysoka jako\u015b\u0107<\/li>\n<li>Bawe\u0142na: 100%<\/li>\n<\/ul>\n","protected":false},"excerpt":{"rendered":"<p>Bluzka z kr\u00f3tkim r\u0119kawem Dekolt p\u00f3\u0142okr\u0105g\u0142y Idealna tak\u017ce na prezent Kr\u00f3tkie spodenki Lu\u017any, komfortowy kr\u00f3j Lu\u017any, wygodny kr\u00f3j spodni Materia\u0142 z nadrukiem Modna kolorystyka Pakowany w pude\u0142ko Przyjemna w dotyku, mi\u0119kka dzianina\/tkanina Wysoka jako\u015b\u0107 Bawe\u0142na: 100%<\/p>\n","protected":false},"featured_media":15853,"comment_status":"open","ping_status":"closed","template":"","meta":[],"product_brand":[],"product_cat":[2332,24,43],"product_tag":[2392,2484,2357,2506,1781,2475,2359,2509,1390,2335,2507,1679,2508,301],"class_list":{"0":"post-9323","1":"product","2":"type-product","3":"status-publish","4":"has-post-thumbnail","6":"product_cat-pizama-meska","7":"product_cat-produkty","8":"product_cat-2xl","9":"product_tag-bawelna-100","10":"product_tag-bluzka-z-krotkim-rekawem","11":"product_tag-dekolt-polokragly","12":"product_tag-granatowo-zielony-xxl","13":"product_tag-idealna-na-prezent","14":"product_tag-krotkie-spodenki","15":"product_tag-luzny-komfortowy-kroj","16":"product_tag-material-z-nadrukiem","17":"product_tag-pakowany-w-pudelko","18":"product_tag-pizama-meska","19":"product_tag-pizama-needle-39730-65x-zielono-granatowa","20":"product_tag-przyjemna-w-dotyku-miekka-dzianina-tkanina","21":"product_tag-wygodny-kroj-spodni","22":"product_tag-wysoka-jakosc","24":"first","25":"instock","26":"taxable","27":"shipping-taxable","28":"purchasable","29":"product-type-simple"},"_links":{"self":[{"href":"https:\/\/butikhome.pl\/index.php\/wp-json\/wp\/v2\/product\/9323","targetHints":{"allow":["GET"]}}],"collection":[{"href":"https:\/\/butikhome.pl\/index.php\/wp-json\/wp\/v2\/product"}],"about":[{"href":"https:\/\/butikhome.pl\/index.php\/wp-json\/wp\/v2\/types\/product"}],"replies":[{"embeddable":true,"href":"https:\/\/butikhome.pl\/index.php\/wp-json\/wp\/v2\/comments?post=9323"}],"wp:featuredmedia":[{"embeddable":true,"href":"https:\/\/butikhome.pl\/index.php\/wp-json\/wp\/v2\/media\/15853"}],"wp:attachment":[{"href":"https:\/\/butikhome.pl\/index.php\/wp-json\/wp\/v2\/media?parent=9323"}],"wp:term":[{"taxonomy":"product_brand","embeddable":true,"href":"https:\/\/butikhome.pl\/index.php\/wp-json\/wp\/v2\/product_brand?post=9323"},{"taxonomy":"product_cat","embeddable":true,"href":"https:\/\/butikhome.pl\/index.php\/wp-json\/wp\/v2\/product_cat?post=9323"},{"taxonomy":"product_tag","embeddable":true,"href":"https:\/\/butikhome.pl\/index.php\/wp-json\/wp\/v2\/product_tag?post=9323"}],"curies":[{"name":"wp","href":"https:\/\/api.w.org\/{rel}","templated":true}]}}