{"id":9325,"date":"2023-03-29T16:00:09","date_gmt":"2023-03-29T14:00:09","guid":{"rendered":"https:\/\/butikhome.pl\/index.php\/produkt\/pizama-next-39721-90x-szaro-granatowa\/"},"modified":"2023-07-19T14:54:00","modified_gmt":"2023-07-19T12:54:00","slug":"pizama-next-39721-90x-szaro-granatowa","status":"publish","type":"product","link":"https:\/\/butikhome.pl\/index.php\/produkt\/pizama-next-39721-90x-szaro-granatowa\/","title":{"rendered":"Pi\u017cama Next 39721-90X Szaro-Granatowa"},"content":{"rendered":"<p>    -Bluzka z kr\u00f3tkim r\u0119kawem<br \/>\n    -Bluzka z napisem<br \/>\n    -Dekolt p\u00f3\u0142okr\u0105g\u0142y<br \/>\n    -Lu\u017any, komfortowy kr\u00f3j<br \/>\n    -Nogawki wyko\u0144czone \u015bci\u0105gaczem<br \/>\n    -Pakowany w pude\u0142ko<br \/>\n    -Przyjemna w dotyku, mi\u0119kka dzianina\/tkanina<br \/>\n    -Spodnie d\u0142ugie<br \/>\n    -Troczki w talii<br \/>\n    -D\u00f3\u0142 &#8211; Bawe\u0142na: 100%<br \/>\n    -G\u00f3ra &#8211; Bawe\u0142na: 85%<br \/>\n    -G\u00f3ra &#8211; Wiskoza: 15%<\/p>\n","protected":false},"excerpt":{"rendered":"<p>-Bluzka z kr\u00f3tkim r\u0119kawem -Bluzka z napisem -Dekolt p\u00f3\u0142okr\u0105g\u0142y -Lu\u017any, komfortowy kr\u00f3j -Nogawki wyko\u0144czone \u015bci\u0105gaczem -Pakowany w pude\u0142ko -Przyjemna w dotyku, mi\u0119kka dzianina\/tkanina -Spodnie d\u0142ugie -Troczki w talii -D\u00f3\u0142 &#8211; Bawe\u0142na: 100% -G\u00f3ra &#8211; Bawe\u0142na: 85% -G\u00f3ra &#8211; Wiskoza: 15%<\/p>\n","protected":false},"featured_media":15845,"comment_status":"open","ping_status":"closed","template":"","meta":[],"product_brand":[],"product_cat":[2332,24,43],"product_tag":[2484,2485,2357,2458,2336,1781,2359,2388,1390,2482,1679,2483,2481,2391],"class_list":{"0":"post-9325","1":"product","2":"type-product","3":"status-publish","4":"has-post-thumbnail","6":"product_cat-pizama-meska","7":"product_cat-produkty","8":"product_cat-2xl","9":"product_tag-bluzka-z-krotkim-rekawem","10":"product_tag-bluzka-z-napisem","11":"product_tag-dekolt-polokragly","12":"product_tag-dlugie-spodnie","13":"product_tag-firma-henderson","14":"product_tag-idealna-na-prezent","15":"product_tag-luzny-komfortowy-kroj","16":"product_tag-nogawki-wykonczone-sciagaczem","17":"product_tag-pakowany-w-pudelko","18":"product_tag-pizama-next-39721-90x-szaro-granatowa","19":"product_tag-przyjemna-w-dotyku-miekka-dzianina-tkanina","20":"product_tag-szaro-granatowa","21":"product_tag-szaro-granatowy-xxl","22":"product_tag-troczki-w-talii","24":"first","25":"instock","26":"taxable","27":"shipping-taxable","28":"purchasable","29":"product-type-simple"},"_links":{"self":[{"href":"https:\/\/butikhome.pl\/index.php\/wp-json\/wp\/v2\/product\/9325","targetHints":{"allow":["GET"]}}],"collection":[{"href":"https:\/\/butikhome.pl\/index.php\/wp-json\/wp\/v2\/product"}],"about":[{"href":"https:\/\/butikhome.pl\/index.php\/wp-json\/wp\/v2\/types\/product"}],"replies":[{"embeddable":true,"href":"https:\/\/butikhome.pl\/index.php\/wp-json\/wp\/v2\/comments?post=9325"}],"wp:featuredmedia":[{"embeddable":true,"href":"https:\/\/butikhome.pl\/index.php\/wp-json\/wp\/v2\/media\/15845"}],"wp:attachment":[{"href":"https:\/\/butikhome.pl\/index.php\/wp-json\/wp\/v2\/media?parent=9325"}],"wp:term":[{"taxonomy":"product_brand","embeddable":true,"href":"https:\/\/butikhome.pl\/index.php\/wp-json\/wp\/v2\/product_brand?post=9325"},{"taxonomy":"product_cat","embeddable":true,"href":"https:\/\/butikhome.pl\/index.php\/wp-json\/wp\/v2\/product_cat?post=9325"},{"taxonomy":"product_tag","embeddable":true,"href":"https:\/\/butikhome.pl\/index.php\/wp-json\/wp\/v2\/product_tag?post=9325"}],"curies":[{"name":"wp","href":"https:\/\/api.w.org\/{rel}","templated":true}]}}