{"id":9327,"date":"2023-03-29T16:00:09","date_gmt":"2023-03-29T14:00:09","guid":{"rendered":"https:\/\/butikhome.pl\/index.php\/produkt\/pizama-nova-39731-69x-turkusowo-szara\/"},"modified":"2023-07-19T15:24:32","modified_gmt":"2023-07-19T13:24:32","slug":"pizama-nova-39731-69x-turkusowo-szara","status":"publish","type":"product","link":"https:\/\/butikhome.pl\/index.php\/produkt\/pizama-nova-39731-69x-turkusowo-szara\/","title":{"rendered":"Pi\u017cama Nova 39731-69X Turkusowo-Szara"},"content":{"rendered":"<p>-Bluzka z kr\u00f3tkim r\u0119kawem<br \/>\n-Bluzka z napisem<br \/>\n-Dekolt p\u00f3\u0142okr\u0105g\u0142y<br \/>\n-Kr\u00f3tkie spodenki<br \/>\n-Lu\u017any, komfortowy kr\u00f3j<br \/>\n-Lu\u017any, wygodny kr\u00f3j spodni<br \/>\n-Pakowany w pude\u0142ko<br \/>\n-Przyjemna w dotyku, mi\u0119kka dzianina\/tkanina<br \/>\n-D\u00f3\u0142 &#8211; Bawe\u0142na: 85%<br \/>\n-D\u00f3\u0142 &#8211; Wiskoza: 15%<br \/>\n-G\u00f3ra &#8211; Bawe\u0142na: 100%<\/p>\n","protected":false},"excerpt":{"rendered":"<p>-Bluzka z kr\u00f3tkim r\u0119kawem -Bluzka z napisem -Dekolt p\u00f3\u0142okr\u0105g\u0142y -Kr\u00f3tkie spodenki -Lu\u017any, komfortowy kr\u00f3j -Lu\u017any, wygodny kr\u00f3j spodni -Pakowany w pude\u0142ko -Przyjemna w dotyku, mi\u0119kka dzianina\/tkanina -D\u00f3\u0142 &#8211; Bawe\u0142na: 85% -D\u00f3\u0142 &#8211; Wiskoza: 15% -G\u00f3ra &#8211; Bawe\u0142na: 100%<\/p>\n","protected":false},"featured_media":15846,"comment_status":"open","ping_status":"closed","template":"","meta":[],"product_brand":[],"product_cat":[2332,24,41,42],"product_tag":[2484,2485,2357,2362,2447,2348,1390,2486,1679,2487],"class_list":{"0":"post-9327","1":"product","2":"type-product","3":"status-publish","4":"has-post-thumbnail","6":"product_cat-pizama-meska","7":"product_cat-produkty","8":"product_cat-l","9":"product_cat-xl","10":"product_tag-bluzka-z-krotkim-rekawem","11":"product_tag-bluzka-z-napisem","12":"product_tag-dekolt-polokragly","13":"product_tag-firmy-henderson","14":"product_tag-komfortowy-luzny-kroj","15":"product_tag-krotkie-spodenki-i-krotki-rekawek","16":"product_tag-pakowany-w-pudelko","17":"product_tag-pizama-nova-39731-69x-turkusowo-szara","18":"product_tag-przyjemna-w-dotyku-miekka-dzianina-tkanina","19":"product_tag-turkusowo-szara","21":"first","22":"instock","23":"taxable","24":"shipping-taxable","25":"purchasable","26":"product-type-simple"},"_links":{"self":[{"href":"https:\/\/butikhome.pl\/index.php\/wp-json\/wp\/v2\/product\/9327","targetHints":{"allow":["GET"]}}],"collection":[{"href":"https:\/\/butikhome.pl\/index.php\/wp-json\/wp\/v2\/product"}],"about":[{"href":"https:\/\/butikhome.pl\/index.php\/wp-json\/wp\/v2\/types\/product"}],"replies":[{"embeddable":true,"href":"https:\/\/butikhome.pl\/index.php\/wp-json\/wp\/v2\/comments?post=9327"}],"wp:featuredmedia":[{"embeddable":true,"href":"https:\/\/butikhome.pl\/index.php\/wp-json\/wp\/v2\/media\/15846"}],"wp:attachment":[{"href":"https:\/\/butikhome.pl\/index.php\/wp-json\/wp\/v2\/media?parent=9327"}],"wp:term":[{"taxonomy":"product_brand","embeddable":true,"href":"https:\/\/butikhome.pl\/index.php\/wp-json\/wp\/v2\/product_brand?post=9327"},{"taxonomy":"product_cat","embeddable":true,"href":"https:\/\/butikhome.pl\/index.php\/wp-json\/wp\/v2\/product_cat?post=9327"},{"taxonomy":"product_tag","embeddable":true,"href":"https:\/\/butikhome.pl\/index.php\/wp-json\/wp\/v2\/product_tag?post=9327"}],"curies":[{"name":"wp","href":"https:\/\/api.w.org\/{rel}","templated":true}]}}