{"id":9329,"date":"2023-03-29T16:00:09","date_gmt":"2023-03-29T14:00:09","guid":{"rendered":"https:\/\/butikhome.pl\/index.php\/produkt\/pizama-nova-39731-90x-szaro-granatowa\/"},"modified":"2023-07-20T15:27:03","modified_gmt":"2023-07-20T13:27:03","slug":"pizama-nova-39731-90x-szaro-granatowa","status":"publish","type":"product","link":"https:\/\/butikhome.pl\/index.php\/produkt\/pizama-nova-39731-90x-szaro-granatowa\/","title":{"rendered":"Pi\u017cama Nova 39731-90X Szaro-Granatowa"},"content":{"rendered":"<ul>\n<li>Bluzka z kr\u00f3tkim r\u0119kawem<\/li>\n<li>Bluzka z napisem<\/li>\n<li>Dekolt p\u00f3\u0142okr\u0105g\u0142y<\/li>\n<li>Idealna tak\u017ce na prezent<\/li>\n<li>Kr\u00f3tkie spodenki<\/li>\n<li>Lu\u017any, komfortowy kr\u00f3j<\/li>\n<li>Lu\u017any, wygodny kr\u00f3j spodni<\/li>\n<li>Modna kolorystyka<\/li>\n<li>Pakowany w pude\u0142ko<\/li>\n<li>Wysoka jako\u015b\u0107<\/li>\n<li>D\u00f3\u0142 &#8211; Bawe\u0142na: 100%<\/li>\n<li>G\u00f3ra &#8211; Bawe\u0142na: 85%<\/li>\n<li>G\u00f3ra &#8211; Wiskoza: 15%<\/li>\n<\/ul>\n","protected":false},"excerpt":{"rendered":"<p>Bluzka z kr\u00f3tkim r\u0119kawem Bluzka z napisem Dekolt p\u00f3\u0142okr\u0105g\u0142y Idealna tak\u017ce na prezent Kr\u00f3tkie spodenki Lu\u017any, komfortowy kr\u00f3j Lu\u017any, wygodny kr\u00f3j spodni Modna kolorystyka Pakowany w pude\u0142ko Wysoka jako\u015b\u0107 D\u00f3\u0142 &#8211; Bawe\u0142na: 100% G\u00f3ra &#8211; Bawe\u0142na: 85% G\u00f3ra &#8211; Wiskoza: 15%<\/p>\n","protected":false},"featured_media":15849,"comment_status":"open","ping_status":"closed","template":"","meta":[],"product_brand":[],"product_cat":[2332,24,40,42,43],"product_tag":[2484,2485,2357,2362,2447,2348,1390,2488,1679,2483,2489,2282,2266],"class_list":{"0":"post-9329","1":"product","2":"type-product","3":"status-publish","4":"has-post-thumbnail","6":"product_cat-pizama-meska","7":"product_cat-produkty","8":"product_cat-m","9":"product_cat-xl","10":"product_cat-2xl","11":"product_tag-bluzka-z-krotkim-rekawem","12":"product_tag-bluzka-z-napisem","13":"product_tag-dekolt-polokragly","14":"product_tag-firmy-henderson","15":"product_tag-komfortowy-luzny-kroj","16":"product_tag-krotkie-spodenki-i-krotki-rekawek","17":"product_tag-pakowany-w-pudelko","18":"product_tag-pizama-nova-39731-90x-szaro-granatowa","19":"product_tag-przyjemna-w-dotyku-miekka-dzianina-tkanina","20":"product_tag-szaro-granatowa","21":"product_tag-szaro-granatowy-m","22":"product_tag-xl","23":"product_tag-xxl","25":"first","26":"instock","27":"taxable","28":"shipping-taxable","29":"purchasable","30":"product-type-simple"},"_links":{"self":[{"href":"https:\/\/butikhome.pl\/index.php\/wp-json\/wp\/v2\/product\/9329","targetHints":{"allow":["GET"]}}],"collection":[{"href":"https:\/\/butikhome.pl\/index.php\/wp-json\/wp\/v2\/product"}],"about":[{"href":"https:\/\/butikhome.pl\/index.php\/wp-json\/wp\/v2\/types\/product"}],"replies":[{"embeddable":true,"href":"https:\/\/butikhome.pl\/index.php\/wp-json\/wp\/v2\/comments?post=9329"}],"wp:featuredmedia":[{"embeddable":true,"href":"https:\/\/butikhome.pl\/index.php\/wp-json\/wp\/v2\/media\/15849"}],"wp:attachment":[{"href":"https:\/\/butikhome.pl\/index.php\/wp-json\/wp\/v2\/media?parent=9329"}],"wp:term":[{"taxonomy":"product_brand","embeddable":true,"href":"https:\/\/butikhome.pl\/index.php\/wp-json\/wp\/v2\/product_brand?post=9329"},{"taxonomy":"product_cat","embeddable":true,"href":"https:\/\/butikhome.pl\/index.php\/wp-json\/wp\/v2\/product_cat?post=9329"},{"taxonomy":"product_tag","embeddable":true,"href":"https:\/\/butikhome.pl\/index.php\/wp-json\/wp\/v2\/product_tag?post=9329"}],"curies":[{"name":"wp","href":"https:\/\/api.w.org\/{rel}","templated":true}]}}