{"id":9332,"date":"2023-03-29T16:00:10","date_gmt":"2023-03-29T14:00:10","guid":{"rendered":"https:\/\/butikhome.pl\/index.php\/produkt\/pizama-noward-39732-06x-zielono-granatowa\/"},"modified":"2023-07-10T15:30:34","modified_gmt":"2023-07-10T13:30:34","slug":"pizama-noward-39732-06x-zielono-granatowa","status":"publish","type":"product","link":"https:\/\/butikhome.pl\/index.php\/produkt\/pizama-noward-39732-06x-zielono-granatowa\/","title":{"rendered":"Pi\u017cama Noward 39732-06X Zielono-Granatowa"},"content":{"rendered":"<p>    -Bluzka z kr\u00f3tkim r\u0119kawem<br \/>\n    -Koszulka z nadrukiem<br \/>\n    -Kr\u00f3tkie spodenki<br \/>\n    -Lu\u017any, komfortowy kr\u00f3j<br \/>\n    -Lu\u017any, wygodny kr\u00f3j spodni<br \/>\n    -Modna kolorystyka<br \/>\n    -Pakowany w pude\u0142ko<br \/>\n    -Troczki w talii<br \/>\n    -Wysoka jako\u015b\u0107<br \/>\n    -Bawe\u0142na: 100%<\/p>\n","protected":false},"excerpt":{"rendered":"<p>-Bluzka z kr\u00f3tkim r\u0119kawem -Koszulka z nadrukiem -Kr\u00f3tkie spodenki -Lu\u017any, komfortowy kr\u00f3j -Lu\u017any, wygodny kr\u00f3j spodni -Modna kolorystyka -Pakowany w pude\u0142ko -Troczki w talii -Wysoka jako\u015b\u0107 -Bawe\u0142na: 100%<\/p>\n","protected":false},"featured_media":15797,"comment_status":"open","ping_status":"closed","template":"","meta":[],"product_brand":[],"product_cat":[29,2332,24,41,40,43],"product_tag":[2363,2357,2362,2358,2348,2277,2359,1297,2367,1679,2361,301,2282,2266,2360,2368,2369],"class_list":{"0":"post-9332","1":"product","2":"type-product","3":"status-publish","4":"has-post-thumbnail","6":"product_cat-bielizna","7":"product_cat-pizama-meska","8":"product_cat-produkty","9":"product_cat-l","10":"product_cat-m","11":"product_cat-2xl","12":"product_tag-100-bawelny","13":"product_tag-dekolt-polokragly","14":"product_tag-firmy-henderson","15":"product_tag-kosulka-z-nadrukiem","16":"product_tag-krotkie-spodenki-i-krotki-rekawek","17":"product_tag-l","18":"product_tag-luzny-komfortowy-kroj","19":"product_tag-pakowane-w-pudelko","20":"product_tag-pizama-noward-39732-06x-zielono-granatowa","21":"product_tag-przyjemna-w-dotyku-miekka-dzianina-tkanina","22":"product_tag-szeroka-gumka-w-pasie","23":"product_tag-wysoka-jakosc","24":"product_tag-xl","25":"product_tag-xxl","26":"product_tag-z-kieszeniami","27":"product_tag-zielono-granatowa","28":"product_tag-zielono-granatowy-m","30":"first","31":"instock","32":"taxable","33":"shipping-taxable","34":"purchasable","35":"product-type-simple"},"_links":{"self":[{"href":"https:\/\/butikhome.pl\/index.php\/wp-json\/wp\/v2\/product\/9332","targetHints":{"allow":["GET"]}}],"collection":[{"href":"https:\/\/butikhome.pl\/index.php\/wp-json\/wp\/v2\/product"}],"about":[{"href":"https:\/\/butikhome.pl\/index.php\/wp-json\/wp\/v2\/types\/product"}],"replies":[{"embeddable":true,"href":"https:\/\/butikhome.pl\/index.php\/wp-json\/wp\/v2\/comments?post=9332"}],"wp:featuredmedia":[{"embeddable":true,"href":"https:\/\/butikhome.pl\/index.php\/wp-json\/wp\/v2\/media\/15797"}],"wp:attachment":[{"href":"https:\/\/butikhome.pl\/index.php\/wp-json\/wp\/v2\/media?parent=9332"}],"wp:term":[{"taxonomy":"product_brand","embeddable":true,"href":"https:\/\/butikhome.pl\/index.php\/wp-json\/wp\/v2\/product_brand?post=9332"},{"taxonomy":"product_cat","embeddable":true,"href":"https:\/\/butikhome.pl\/index.php\/wp-json\/wp\/v2\/product_cat?post=9332"},{"taxonomy":"product_tag","embeddable":true,"href":"https:\/\/butikhome.pl\/index.php\/wp-json\/wp\/v2\/product_tag?post=9332"}],"curies":[{"name":"wp","href":"https:\/\/api.w.org\/{rel}","templated":true}]}}