{"id":9342,"date":"2023-03-29T16:00:13","date_gmt":"2023-03-29T14:00:13","guid":{"rendered":"https:\/\/butikhome.pl\/index.php\/produkt\/pizama-onward-38377-59x-granatowo-czarna\/"},"modified":"2023-07-10T15:36:46","modified_gmt":"2023-07-10T13:36:46","slug":"pizama-onward-38377-59x-granatowo-czarna","status":"publish","type":"product","link":"https:\/\/butikhome.pl\/index.php\/produkt\/pizama-onward-38377-59x-granatowo-czarna\/","title":{"rendered":"Pi\u017cama Onward 38377-59X Granatowo-Czarna"},"content":{"rendered":"<p>\u015awietna, m\u0119ska pi\u017cama z nowej kolekcji marki Henderson. W zestawie wygodny t-shirt i d\u0142ugie, g\u0142adkie spodnie. Bluzka z gumowanym nadrukiem Henderson Core, z efektem 3D (nadruk wyczuwalny w dotyku). Stylowa i zdecydowanie z charakterem, mo\u017ce pos\u0142u\u017cy\u0107 Ci r\u00f3wnie\u017c jako homewear. Spodnie na gumce, z troczkami w pasie do wi\u0105zania, nogawki zako\u0144czone \u015bci\u0105gaczami. Sk\u0142ad: koszulka 80% bawe\u0142na, 20% poliester, spodnie 100% bawe\u0142na.<\/p>\n","protected":false},"excerpt":{"rendered":"<p>\u015awietna, m\u0119ska pi\u017cama z nowej kolekcji marki Henderson. W zestawie wygodny t-shirt i d\u0142ugie, g\u0142adkie spodnie. Bluzka z gumowanym nadrukiem Henderson Core, z efektem 3D (nadruk wyczuwalny w dotyku). Stylowa i zdecydowanie z charakterem, mo\u017ce pos\u0142u\u017cy\u0107 Ci r\u00f3wnie\u017c jako homewear. Spodnie na gumce, z troczkami w pasie do wi\u0105zania, nogawki zako\u0144czone \u015bci\u0105gaczami. Sk\u0142ad: koszulka 80% &hellip; <\/p>\n","protected":false},"featured_media":15798,"comment_status":"open","ping_status":"closed","template":"","meta":[],"product_brand":[],"product_cat":[24],"product_tag":[2363,2357,2372,2362,2370,2374,2358,2373,2359,1297,2371,1679,2361,301,2360],"class_list":{"0":"post-9342","1":"product","2":"type-product","3":"status-publish","4":"has-post-thumbnail","6":"product_cat-produkty","7":"product_tag-100-bawelny","8":"product_tag-dekolt-polokragly","9":"product_tag-dlugie-spodne-na-gumce-i-troczkami","10":"product_tag-firmy-henderson","11":"product_tag-granatowo-czarny-xl","12":"product_tag-idealne-po-domu","13":"product_tag-kosulka-z-nadrukiem","14":"product_tag-koszulka-z-krotkim-rekawem","15":"product_tag-luzny-komfortowy-kroj","16":"product_tag-pakowane-w-pudelko","17":"product_tag-pizama-onward-38377-59x-granatowo-czarna","18":"product_tag-przyjemna-w-dotyku-miekka-dzianina-tkanina","19":"product_tag-szeroka-gumka-w-pasie","20":"product_tag-wysoka-jakosc","21":"product_tag-z-kieszeniami","23":"first","24":"instock","25":"taxable","26":"shipping-taxable","27":"purchasable","28":"product-type-simple"},"_links":{"self":[{"href":"https:\/\/butikhome.pl\/index.php\/wp-json\/wp\/v2\/product\/9342","targetHints":{"allow":["GET"]}}],"collection":[{"href":"https:\/\/butikhome.pl\/index.php\/wp-json\/wp\/v2\/product"}],"about":[{"href":"https:\/\/butikhome.pl\/index.php\/wp-json\/wp\/v2\/types\/product"}],"replies":[{"embeddable":true,"href":"https:\/\/butikhome.pl\/index.php\/wp-json\/wp\/v2\/comments?post=9342"}],"wp:featuredmedia":[{"embeddable":true,"href":"https:\/\/butikhome.pl\/index.php\/wp-json\/wp\/v2\/media\/15798"}],"wp:attachment":[{"href":"https:\/\/butikhome.pl\/index.php\/wp-json\/wp\/v2\/media?parent=9342"}],"wp:term":[{"taxonomy":"product_brand","embeddable":true,"href":"https:\/\/butikhome.pl\/index.php\/wp-json\/wp\/v2\/product_brand?post=9342"},{"taxonomy":"product_cat","embeddable":true,"href":"https:\/\/butikhome.pl\/index.php\/wp-json\/wp\/v2\/product_cat?post=9342"},{"taxonomy":"product_tag","embeddable":true,"href":"https:\/\/butikhome.pl\/index.php\/wp-json\/wp\/v2\/product_tag?post=9342"}],"curies":[{"name":"wp","href":"https:\/\/api.w.org\/{rel}","templated":true}]}}