{"id":9344,"date":"2023-03-29T16:00:14","date_gmt":"2023-03-29T14:00:14","guid":{"rendered":"https:\/\/butikhome.pl\/index.php\/produkt\/pizama-oxford-38285-59x-granatowo-czerwona\/"},"modified":"2023-07-07T15:41:43","modified_gmt":"2023-07-07T13:41:43","slug":"pizama-oxford-38285-59x-granatowo-czerwona","status":"publish","type":"product","link":"https:\/\/butikhome.pl\/index.php\/produkt\/pizama-oxford-38285-59x-granatowo-czerwona\/","title":{"rendered":"Pi\u017cama Oxford 38285-59X Granatowo-Czerwona"},"content":{"rendered":"<p>Granatowo-czerwona, m\u0119ska pi\u017cama z nowej kolekcji marki Henderson. Bluzka z gumowanym nadrukiem Henderson Core, z efektem 3D (nadruk wyczuwalny w dotyku) &#8211; stylowa i zdecydowanie z charakterem, mo\u017ce pos\u0142u\u017cy\u0107 Ci r\u00f3wnie\u017c jako homewear. Spodnie na gumce uzupe\u0142nione troczkami do wi\u0105zania. Sk\u0142ad: koszulka 80% bawe\u0142na, 20% poliester, spodnie 100% bawe\u0142na.<\/p>\n","protected":false},"excerpt":{"rendered":"<p>Granatowo-czerwona, m\u0119ska pi\u017cama z nowej kolekcji marki Henderson. Bluzka z gumowanym nadrukiem Henderson Core, z efektem 3D (nadruk wyczuwalny w dotyku) &#8211; stylowa i zdecydowanie z charakterem, mo\u017ce pos\u0142u\u017cy\u0107 Ci r\u00f3wnie\u017c jako homewear. Spodnie na gumce uzupe\u0142nione troczkami do wi\u0105zania. Sk\u0142ad: koszulka 80% bawe\u0142na, 20% poliester, spodnie 100% bawe\u0142na.<\/p>\n","protected":false},"featured_media":15788,"comment_status":"open","ping_status":"closed","template":"","meta":[],"product_brand":[],"product_cat":[2332,24,41,40,42,43],"product_tag":[581,2336,2346,2344,2349,2352,2351,2348,2277,2347,2345,2350,2353,301,2282,2266],"class_list":{"0":"post-9344","1":"product","2":"type-product","3":"status-publish","4":"has-post-thumbnail","6":"product_cat-pizama-meska","7":"product_cat-produkty","8":"product_cat-l","9":"product_cat-m","10":"product_cat-xl","11":"product_cat-2xl","12":"product_tag-bawelna","13":"product_tag-firma-henderson","14":"product_tag-granatowo-czerwona","15":"product_tag-granatowo-czerwony-m","16":"product_tag-gumowy-nadruk-henderson-core","17":"product_tag-homewear","18":"product_tag-idealna-po-domu","19":"product_tag-krotkie-spodenki-i-krotki-rekawek","20":"product_tag-l","21":"product_tag-meska-pizama","22":"product_tag-pizama-oxford-38285-59x-granatowo-czerwona","23":"product_tag-pizama-z-charakterem","24":"product_tag-spodenki-na-gumce-i-troczkami-do-wiazania","25":"product_tag-wysoka-jakosc","26":"product_tag-xl","27":"product_tag-xxl","29":"first","30":"instock","31":"taxable","32":"shipping-taxable","33":"purchasable","34":"product-type-simple"},"_links":{"self":[{"href":"https:\/\/butikhome.pl\/index.php\/wp-json\/wp\/v2\/product\/9344","targetHints":{"allow":["GET"]}}],"collection":[{"href":"https:\/\/butikhome.pl\/index.php\/wp-json\/wp\/v2\/product"}],"about":[{"href":"https:\/\/butikhome.pl\/index.php\/wp-json\/wp\/v2\/types\/product"}],"replies":[{"embeddable":true,"href":"https:\/\/butikhome.pl\/index.php\/wp-json\/wp\/v2\/comments?post=9344"}],"wp:featuredmedia":[{"embeddable":true,"href":"https:\/\/butikhome.pl\/index.php\/wp-json\/wp\/v2\/media\/15788"}],"wp:attachment":[{"href":"https:\/\/butikhome.pl\/index.php\/wp-json\/wp\/v2\/media?parent=9344"}],"wp:term":[{"taxonomy":"product_brand","embeddable":true,"href":"https:\/\/butikhome.pl\/index.php\/wp-json\/wp\/v2\/product_brand?post=9344"},{"taxonomy":"product_cat","embeddable":true,"href":"https:\/\/butikhome.pl\/index.php\/wp-json\/wp\/v2\/product_cat?post=9344"},{"taxonomy":"product_tag","embeddable":true,"href":"https:\/\/butikhome.pl\/index.php\/wp-json\/wp\/v2\/product_tag?post=9344"}],"curies":[{"name":"wp","href":"https:\/\/api.w.org\/{rel}","templated":true}]}}