{"id":9377,"date":"2023-03-29T16:00:23","date_gmt":"2023-03-29T14:00:23","guid":{"rendered":"https:\/\/butikhome.pl\/index.php\/produkt\/pizama-proud-39735-65x-mietowa\/"},"modified":"2023-07-14T14:52:58","modified_gmt":"2023-07-14T12:52:58","slug":"pizama-proud-39735-65x-mietowa","status":"publish","type":"product","link":"https:\/\/butikhome.pl\/index.php\/produkt\/pizama-proud-39735-65x-mietowa\/","title":{"rendered":"Pi\u017cama Proud 39735-65X Mi\u0119towa"},"content":{"rendered":"<p>    -Bluzka z kr\u00f3tkim r\u0119kawem<br \/>\n    -Bluzka z napisem<br \/>\n    -Dekolt p\u00f3\u0142okr\u0105g\u0142y<br \/>\n    -Idealna tak\u017ce na prezent<br \/>\n    -Kr\u00f3tkie spodenki<br \/>\n    -Lu\u017any, komfortowy kr\u00f3j<br \/>\n    -Lu\u017any, wygodny kr\u00f3j spodni<br \/>\n    -Modna kolorystyka<br \/>\n    -Pakowany w pude\u0142ko<br \/>\n    -Troczki w talii<br \/>\n    -Wykonana z elastycznego materia\u0142u<br \/>\n    -Wysoka jako\u015b\u0107<br \/>\n    -D\u00f3\u0142 &#8211; Bawe\u0142na: 100%<br \/>\n    -G\u00f3ra &#8211; Bawe\u0142na: 98%<br \/>\n    -G\u00f3ra &#8211; Poliester: 2%<\/p>\n","protected":false},"excerpt":{"rendered":"<p>-Bluzka z kr\u00f3tkim r\u0119kawem -Bluzka z napisem -Dekolt p\u00f3\u0142okr\u0105g\u0142y -Idealna tak\u017ce na prezent -Kr\u00f3tkie spodenki -Lu\u017any, komfortowy kr\u00f3j -Lu\u017any, wygodny kr\u00f3j spodni -Modna kolorystyka -Pakowany w pude\u0142ko -Troczki w talii -Wykonana z elastycznego materia\u0142u -Wysoka jako\u015b\u0107 -D\u00f3\u0142 &#8211; Bawe\u0142na: 100% -G\u00f3ra &#8211; Bawe\u0142na: 98% -G\u00f3ra &#8211; Poliester: 2%<\/p>\n","protected":false},"featured_media":15842,"comment_status":"open","ping_status":"closed","template":"","meta":[],"product_brand":[],"product_cat":[2332,24,41,40,42],"product_tag":[2357,2362,1781,2374,2447,2373,2474,2475,2479,1297,2480,2391,301,2282,2266],"class_list":{"0":"post-9377","1":"product","2":"type-product","3":"status-publish","4":"has-post-thumbnail","6":"product_cat-pizama-meska","7":"product_cat-produkty","8":"product_cat-l","9":"product_cat-m","10":"product_cat-xl","11":"product_tag-dekolt-polokragly","12":"product_tag-firmy-henderson","13":"product_tag-idealna-na-prezent","14":"product_tag-idealne-po-domu","15":"product_tag-komfortowy-luzny-kroj","16":"product_tag-koszulka-z-krotkim-rekawem","17":"product_tag-koszulka-z-napisami","18":"product_tag-krotkie-spodenki","19":"product_tag-mietowy-m","20":"product_tag-pakowane-w-pudelko","21":"product_tag-pizama-proud-39735-65x-mietowa","22":"product_tag-troczki-w-talii","23":"product_tag-wysoka-jakosc","24":"product_tag-xl","25":"product_tag-xxl","27":"first","28":"instock","29":"taxable","30":"shipping-taxable","31":"purchasable","32":"product-type-simple"},"_links":{"self":[{"href":"https:\/\/butikhome.pl\/index.php\/wp-json\/wp\/v2\/product\/9377","targetHints":{"allow":["GET"]}}],"collection":[{"href":"https:\/\/butikhome.pl\/index.php\/wp-json\/wp\/v2\/product"}],"about":[{"href":"https:\/\/butikhome.pl\/index.php\/wp-json\/wp\/v2\/types\/product"}],"replies":[{"embeddable":true,"href":"https:\/\/butikhome.pl\/index.php\/wp-json\/wp\/v2\/comments?post=9377"}],"wp:featuredmedia":[{"embeddable":true,"href":"https:\/\/butikhome.pl\/index.php\/wp-json\/wp\/v2\/media\/15842"}],"wp:attachment":[{"href":"https:\/\/butikhome.pl\/index.php\/wp-json\/wp\/v2\/media?parent=9377"}],"wp:term":[{"taxonomy":"product_brand","embeddable":true,"href":"https:\/\/butikhome.pl\/index.php\/wp-json\/wp\/v2\/product_brand?post=9377"},{"taxonomy":"product_cat","embeddable":true,"href":"https:\/\/butikhome.pl\/index.php\/wp-json\/wp\/v2\/product_cat?post=9377"},{"taxonomy":"product_tag","embeddable":true,"href":"https:\/\/butikhome.pl\/index.php\/wp-json\/wp\/v2\/product_tag?post=9377"}],"curies":[{"name":"wp","href":"https:\/\/api.w.org\/{rel}","templated":true}]}}