{"id":9381,"date":"2023-03-29T16:00:24","date_gmt":"2023-03-29T14:00:24","guid":{"rendered":"https:\/\/butikhome.pl\/index.php\/produkt\/pizama-pulse-39738-18x-zolto-granatowy\/"},"modified":"2023-07-14T14:38:51","modified_gmt":"2023-07-14T12:38:51","slug":"pizama-pulse-39738-18x-zolto-granatowy","status":"publish","type":"product","link":"https:\/\/butikhome.pl\/index.php\/produkt\/pizama-pulse-39738-18x-zolto-granatowy\/","title":{"rendered":"Pi\u017cama Pulse 39738-18X \u017b\u00f3\u0142to-Granatowy"},"content":{"rendered":"<p>    -Bluzka z kr\u00f3tkim r\u0119kawem<br \/>\n    -Dekolt w szpic<br \/>\n    -Idealna tak\u017ce na prezent<br \/>\n    -Kr\u00f3tkie spodenki<br \/>\n    -Lu\u017any, komfortowy kr\u00f3j<br \/>\n    -Modna kolorystyka<br \/>\n    -Pakowany w pude\u0142ko<br \/>\n    -Przyjemna w dotyku, mi\u0119kka dzianina\/tkanina<br \/>\n    -Troczki w talii<br \/>\n    -Wysoka jako\u015b\u0107<br \/>\n    -D\u00f3\u0142 &#8211; Bawe\u0142na: 100%<br \/>\n    -G\u00f3ra &#8211; Bawe\u0142na: 60%<br \/>\n    -G\u00f3ra &#8211; Poliester: 40%<\/p>\n","protected":false},"excerpt":{"rendered":"<p>-Bluzka z kr\u00f3tkim r\u0119kawem -Dekolt w szpic -Idealna tak\u017ce na prezent -Kr\u00f3tkie spodenki -Lu\u017any, komfortowy kr\u00f3j -Modna kolorystyka -Pakowany w pude\u0142ko -Przyjemna w dotyku, mi\u0119kka dzianina\/tkanina -Troczki w talii -Wysoka jako\u015b\u0107 -D\u00f3\u0142 &#8211; Bawe\u0142na: 100% -G\u00f3ra &#8211; Bawe\u0142na: 60% -G\u00f3ra &#8211; Poliester: 40%<\/p>\n","protected":false},"featured_media":15841,"comment_status":"open","ping_status":"closed","template":"","meta":[],"product_brand":[],"product_cat":[2332,24,41,40],"product_tag":[2470,2362,1781,2374,2447,2373,2474,2475,2277,1297,2476,2391,2477,2478],"class_list":{"0":"post-9381","1":"product","2":"type-product","3":"status-publish","4":"has-post-thumbnail","6":"product_cat-pizama-meska","7":"product_cat-produkty","8":"product_cat-l","9":"product_cat-m","10":"product_tag-dekolt-w-szpic","11":"product_tag-firmy-henderson","12":"product_tag-idealna-na-prezent","13":"product_tag-idealne-po-domu","14":"product_tag-komfortowy-luzny-kroj","15":"product_tag-koszulka-z-krotkim-rekawem","16":"product_tag-koszulka-z-napisami","17":"product_tag-krotkie-spodenki","18":"product_tag-l","19":"product_tag-pakowane-w-pudelko","20":"product_tag-pizama-pulse-39738-18x-zolto-granatowy","21":"product_tag-troczki-w-talii","22":"product_tag-zolto-granatowy","23":"product_tag-zolto-granatowy-m","25":"first","26":"instock","27":"taxable","28":"shipping-taxable","29":"purchasable","30":"product-type-simple"},"_links":{"self":[{"href":"https:\/\/butikhome.pl\/index.php\/wp-json\/wp\/v2\/product\/9381","targetHints":{"allow":["GET"]}}],"collection":[{"href":"https:\/\/butikhome.pl\/index.php\/wp-json\/wp\/v2\/product"}],"about":[{"href":"https:\/\/butikhome.pl\/index.php\/wp-json\/wp\/v2\/types\/product"}],"replies":[{"embeddable":true,"href":"https:\/\/butikhome.pl\/index.php\/wp-json\/wp\/v2\/comments?post=9381"}],"wp:featuredmedia":[{"embeddable":true,"href":"https:\/\/butikhome.pl\/index.php\/wp-json\/wp\/v2\/media\/15841"}],"wp:attachment":[{"href":"https:\/\/butikhome.pl\/index.php\/wp-json\/wp\/v2\/media?parent=9381"}],"wp:term":[{"taxonomy":"product_brand","embeddable":true,"href":"https:\/\/butikhome.pl\/index.php\/wp-json\/wp\/v2\/product_brand?post=9381"},{"taxonomy":"product_cat","embeddable":true,"href":"https:\/\/butikhome.pl\/index.php\/wp-json\/wp\/v2\/product_cat?post=9381"},{"taxonomy":"product_tag","embeddable":true,"href":"https:\/\/butikhome.pl\/index.php\/wp-json\/wp\/v2\/product_tag?post=9381"}],"curies":[{"name":"wp","href":"https:\/\/api.w.org\/{rel}","templated":true}]}}