{"id":9385,"date":"2023-03-29T16:00:25","date_gmt":"2023-03-29T14:00:25","guid":{"rendered":"https:\/\/butikhome.pl\/index.php\/produkt\/pizama-pulse-39738-66x-turkusowo-grafitowy\/"},"modified":"2023-07-14T13:43:04","modified_gmt":"2023-07-14T11:43:04","slug":"pizama-pulse-39738-66x-turkusowo-grafitowy","status":"publish","type":"product","link":"https:\/\/butikhome.pl\/index.php\/produkt\/pizama-pulse-39738-66x-turkusowo-grafitowy\/","title":{"rendered":"Pi\u017cama Pulse 39738-66X Turkusowo-Grafitowy"},"content":{"rendered":"<p>    -Bluzka z kr\u00f3tkim r\u0119kawem<br \/>\n    -Bluzka z napisem<br \/>\n    -Dekolt w szpic<br \/>\n    -Idealna tak\u017ce na prezent<br \/>\n    -Kr\u00f3tkie spodenki<br \/>\n    -Lu\u017any, komfortowy kr\u00f3j<br \/>\n    -Modna kolorystyka<br \/>\n    -Pakowany w pude\u0142ko<br \/>\n    -Troczki w talii<br \/>\n    -Wysoka jako\u015b\u0107<br \/>\n    -D\u00f3\u0142 &#8211; Bawe\u0142na: 55%<br \/>\n    -D\u00f3\u0142 &#8211; Poliester: 45%<br \/>\n    -G\u00f3ra &#8211; Bawe\u0142na: 100%<\/p>\n","protected":false},"excerpt":{"rendered":"<p>-Bluzka z kr\u00f3tkim r\u0119kawem -Bluzka z napisem -Dekolt w szpic -Idealna tak\u017ce na prezent -Kr\u00f3tkie spodenki -Lu\u017any, komfortowy kr\u00f3j -Modna kolorystyka -Pakowany w pude\u0142ko -Troczki w talii -Wysoka jako\u015b\u0107 -D\u00f3\u0142 &#8211; Bawe\u0142na: 55% -D\u00f3\u0142 &#8211; Poliester: 45% -G\u00f3ra &#8211; Bawe\u0142na: 100%<\/p>\n","protected":false},"featured_media":15840,"comment_status":"open","ping_status":"closed","template":"","meta":[],"product_brand":[],"product_cat":[2332,24,41,40,42,43,44],"product_tag":[2470,2362,1781,2374,2447,2373,2474,2475,2277,1297,2472,2391,2473,2471,301,2282,2266,2267],"class_list":{"0":"post-9385","1":"product","2":"type-product","3":"status-publish","4":"has-post-thumbnail","6":"product_cat-pizama-meska","7":"product_cat-produkty","8":"product_cat-l","9":"product_cat-m","10":"product_cat-xl","11":"product_cat-2xl","12":"product_cat-3xl","13":"product_tag-dekolt-w-szpic","14":"product_tag-firmy-henderson","15":"product_tag-idealna-na-prezent","16":"product_tag-idealne-po-domu","17":"product_tag-komfortowy-luzny-kroj","18":"product_tag-koszulka-z-krotkim-rekawem","19":"product_tag-koszulka-z-napisami","20":"product_tag-krotkie-spodenki","21":"product_tag-l","22":"product_tag-pakowane-w-pudelko","23":"product_tag-pizama-pulse-39738-66x-turkusowo-grafitowy","24":"product_tag-troczki-w-talii","25":"product_tag-turkusowo-grafitowy","26":"product_tag-turkusowo-grafitowy-m","27":"product_tag-wysoka-jakosc","28":"product_tag-xl","29":"product_tag-xxl","30":"product_tag-xxxl","32":"first","33":"instock","34":"taxable","35":"shipping-taxable","36":"purchasable","37":"product-type-simple"},"_links":{"self":[{"href":"https:\/\/butikhome.pl\/index.php\/wp-json\/wp\/v2\/product\/9385","targetHints":{"allow":["GET"]}}],"collection":[{"href":"https:\/\/butikhome.pl\/index.php\/wp-json\/wp\/v2\/product"}],"about":[{"href":"https:\/\/butikhome.pl\/index.php\/wp-json\/wp\/v2\/types\/product"}],"replies":[{"embeddable":true,"href":"https:\/\/butikhome.pl\/index.php\/wp-json\/wp\/v2\/comments?post=9385"}],"wp:featuredmedia":[{"embeddable":true,"href":"https:\/\/butikhome.pl\/index.php\/wp-json\/wp\/v2\/media\/15840"}],"wp:attachment":[{"href":"https:\/\/butikhome.pl\/index.php\/wp-json\/wp\/v2\/media?parent=9385"}],"wp:term":[{"taxonomy":"product_brand","embeddable":true,"href":"https:\/\/butikhome.pl\/index.php\/wp-json\/wp\/v2\/product_brand?post=9385"},{"taxonomy":"product_cat","embeddable":true,"href":"https:\/\/butikhome.pl\/index.php\/wp-json\/wp\/v2\/product_cat?post=9385"},{"taxonomy":"product_tag","embeddable":true,"href":"https:\/\/butikhome.pl\/index.php\/wp-json\/wp\/v2\/product_tag?post=9385"}],"curies":[{"name":"wp","href":"https:\/\/api.w.org\/{rel}","templated":true}]}}