{"id":9390,"date":"2023-03-29T16:00:26","date_gmt":"2023-03-29T14:00:26","guid":{"rendered":"https:\/\/butikhome.pl\/index.php\/produkt\/pizama-town-40074-59x-granatowo-szara\/"},"modified":"2023-07-13T15:56:09","modified_gmt":"2023-07-13T13:56:09","slug":"pizama-town-40074-59x-granatowo-szara","status":"publish","type":"product","link":"https:\/\/butikhome.pl\/index.php\/produkt\/pizama-town-40074-59x-granatowo-szara\/","title":{"rendered":"Pi\u017cama Town 40074-59X Granatowo-Szara"},"content":{"rendered":"<p>    -Bluzka z d\u0142ugim r\u0119kawem<br \/>\n    -Bluzka z napisem<br \/>\n    -Dekolt w szpic<br \/>\n    -Lu\u017any, komfortowy kr\u00f3j<br \/>\n    -Model dost\u0119pny w wielu kolorach lub wzorach<br \/>\n    -Pakowany w pude\u0142ko<br \/>\n    -Przyjemna w dotyku, mi\u0119kka dzianina\/tkanina<br \/>\n    -Spodnie bez kieszeni<br \/>\n    -Spodnie d\u0142ugie<br \/>\n    -Troczki w talii<br \/>\n    -Bawe\u0142na: 100%<\/p>\n","protected":false},"excerpt":{"rendered":"<p>-Bluzka z d\u0142ugim r\u0119kawem -Bluzka z napisem -Dekolt w szpic -Lu\u017any, komfortowy kr\u00f3j -Model dost\u0119pny w wielu kolorach lub wzorach -Pakowany w pude\u0142ko -Przyjemna w dotyku, mi\u0119kka dzianina\/tkanina -Spodnie bez kieszeni -Spodnie d\u0142ugie -Troczki w talii -Bawe\u0142na: 100%<\/p>\n","protected":false},"featured_media":15839,"comment_status":"open","ping_status":"closed","template":"","meta":[],"product_brand":[],"product_cat":[2332,24,40,43,44],"product_tag":[2392,2386,2470,2458,2336,2459,2469,2467,1781,2460,2387,2359,2388,1297,2468,1679,2389,2462,2391,301,2266,2267],"class_list":{"0":"post-9390","1":"product","2":"type-product","3":"status-publish","4":"has-post-thumbnail","6":"product_cat-pizama-meska","7":"product_cat-produkty","8":"product_cat-m","9":"product_cat-2xl","10":"product_cat-3xl","11":"product_tag-bawelna-100","12":"product_tag-bluzka-z-dlugim-rekawem","13":"product_tag-dekolt-w-szpic","14":"product_tag-dlugie-spodnie","15":"product_tag-firma-henderson","16":"product_tag-gladka-struktura","17":"product_tag-granatowo-szara","18":"product_tag-granatowo-szary-m","19":"product_tag-idealna-na-prezent","20":"product_tag-idealna-na-zimne-wieczory","21":"product_tag-koszulka-z-nadrukiem","22":"product_tag-luzny-komfortowy-kroj","23":"product_tag-nogawki-wykonczone-sciagaczem","24":"product_tag-pakowane-w-pudelko","25":"product_tag-pizama-town-40074-59x-granatowo-szara","26":"product_tag-przyjemna-w-dotyku-miekka-dzianina-tkanina","27":"product_tag-rekawy-wykonczone-sciagaczem","28":"product_tag-spodnie-w-kratke","29":"product_tag-troczki-w-talii","30":"product_tag-wysoka-jakosc","31":"product_tag-xxl","32":"product_tag-xxxl","34":"first","35":"instock","36":"taxable","37":"shipping-taxable","38":"purchasable","39":"product-type-simple"},"_links":{"self":[{"href":"https:\/\/butikhome.pl\/index.php\/wp-json\/wp\/v2\/product\/9390","targetHints":{"allow":["GET"]}}],"collection":[{"href":"https:\/\/butikhome.pl\/index.php\/wp-json\/wp\/v2\/product"}],"about":[{"href":"https:\/\/butikhome.pl\/index.php\/wp-json\/wp\/v2\/types\/product"}],"replies":[{"embeddable":true,"href":"https:\/\/butikhome.pl\/index.php\/wp-json\/wp\/v2\/comments?post=9390"}],"wp:featuredmedia":[{"embeddable":true,"href":"https:\/\/butikhome.pl\/index.php\/wp-json\/wp\/v2\/media\/15839"}],"wp:attachment":[{"href":"https:\/\/butikhome.pl\/index.php\/wp-json\/wp\/v2\/media?parent=9390"}],"wp:term":[{"taxonomy":"product_brand","embeddable":true,"href":"https:\/\/butikhome.pl\/index.php\/wp-json\/wp\/v2\/product_brand?post=9390"},{"taxonomy":"product_cat","embeddable":true,"href":"https:\/\/butikhome.pl\/index.php\/wp-json\/wp\/v2\/product_cat?post=9390"},{"taxonomy":"product_tag","embeddable":true,"href":"https:\/\/butikhome.pl\/index.php\/wp-json\/wp\/v2\/product_tag?post=9390"}],"curies":[{"name":"wp","href":"https:\/\/api.w.org\/{rel}","templated":true}]}}