{"id":9393,"date":"2023-03-29T16:00:27","date_gmt":"2023-03-29T14:00:27","guid":{"rendered":"https:\/\/butikhome.pl\/index.php\/produkt\/pizama-town-40074-77x-zielono-szara\/"},"modified":"2023-07-13T14:55:33","modified_gmt":"2023-07-13T12:55:33","slug":"pizama-town-40074-77x-zielono-szara","status":"publish","type":"product","link":"https:\/\/butikhome.pl\/index.php\/produkt\/pizama-town-40074-77x-zielono-szara\/","title":{"rendered":"Pi\u017cama Town 40074-77X Zielono-Szara"},"content":{"rendered":"<p>    -Bluzka z d\u0142ugim r\u0119kawem<br \/>\n    -Bluzka z napisem<br \/>\n    -Dekolt w szpic<br \/>\n    -Lu\u017any, komfortowy kr\u00f3j<br \/>\n    -Model dost\u0119pny w wielu kolorach lub wzorach<br \/>\n    -Motyw \u015bwi\u0105teczny<br \/>\n    -Pakowany w pude\u0142ko<br \/>\n    -Przyjemna w dotyku, mi\u0119kka dzianina\/tkanina<br \/>\n    -Spodnie bez kieszeni<br \/>\n    -Spodnie d\u0142ugie<br \/>\n    -Troczki w talii<br \/>\n    -Bawe\u0142na: 100%<\/p>\n","protected":false},"excerpt":{"rendered":"<p>-Bluzka z d\u0142ugim r\u0119kawem -Bluzka z napisem -Dekolt w szpic -Lu\u017any, komfortowy kr\u00f3j -Model dost\u0119pny w wielu kolorach lub wzorach -Motyw \u015bwi\u0105teczny -Pakowany w pude\u0142ko -Przyjemna w dotyku, mi\u0119kka dzianina\/tkanina -Spodnie bez kieszeni -Spodnie d\u0142ugie -Troczki w talii -Bawe\u0142na: 100%<\/p>\n","protected":false},"featured_media":15838,"comment_status":"open","ping_status":"closed","template":"","meta":[],"product_brand":[],"product_cat":[2332,24,40,42],"product_tag":[2392,2386,2458,2336,2459,2334,1781,2460,2387,2359,2388,1297,2465,1679,2389,2380,2462,2391,301,2266,2466,2464],"class_list":{"0":"post-9393","1":"product","2":"type-product","3":"status-publish","4":"has-post-thumbnail","6":"product_cat-pizama-meska","7":"product_cat-produkty","8":"product_cat-m","9":"product_cat-xl","10":"product_tag-bawelna-100","11":"product_tag-bluzka-z-dlugim-rekawem","12":"product_tag-dlugie-spodnie","13":"product_tag-firma-henderson","14":"product_tag-gladka-struktura","15":"product_tag-granatowa","16":"product_tag-idealna-na-prezent","17":"product_tag-idealna-na-zimne-wieczory","18":"product_tag-koszulka-z-nadrukiem","19":"product_tag-luzny-komfortowy-kroj","20":"product_tag-nogawki-wykonczone-sciagaczem","21":"product_tag-pakowane-w-pudelko","22":"product_tag-pizama-town-40074-77x-zielono-szara","23":"product_tag-przyjemna-w-dotyku-miekka-dzianina-tkanina","24":"product_tag-rekawy-wykonczone-sciagaczem","25":"product_tag-rozpinana-pod-szyja","26":"product_tag-spodnie-w-kratke","27":"product_tag-troczki-w-talii","28":"product_tag-wysoka-jakosc","29":"product_tag-xxl","30":"product_tag-zielono-szara","31":"product_tag-zielono-szary-m","33":"first","34":"instock","35":"taxable","36":"shipping-taxable","37":"purchasable","38":"product-type-simple"},"_links":{"self":[{"href":"https:\/\/butikhome.pl\/index.php\/wp-json\/wp\/v2\/product\/9393","targetHints":{"allow":["GET"]}}],"collection":[{"href":"https:\/\/butikhome.pl\/index.php\/wp-json\/wp\/v2\/product"}],"about":[{"href":"https:\/\/butikhome.pl\/index.php\/wp-json\/wp\/v2\/types\/product"}],"replies":[{"embeddable":true,"href":"https:\/\/butikhome.pl\/index.php\/wp-json\/wp\/v2\/comments?post=9393"}],"wp:featuredmedia":[{"embeddable":true,"href":"https:\/\/butikhome.pl\/index.php\/wp-json\/wp\/v2\/media\/15838"}],"wp:attachment":[{"href":"https:\/\/butikhome.pl\/index.php\/wp-json\/wp\/v2\/media?parent=9393"}],"wp:term":[{"taxonomy":"product_brand","embeddable":true,"href":"https:\/\/butikhome.pl\/index.php\/wp-json\/wp\/v2\/product_brand?post=9393"},{"taxonomy":"product_cat","embeddable":true,"href":"https:\/\/butikhome.pl\/index.php\/wp-json\/wp\/v2\/product_cat?post=9393"},{"taxonomy":"product_tag","embeddable":true,"href":"https:\/\/butikhome.pl\/index.php\/wp-json\/wp\/v2\/product_tag?post=9393"}],"curies":[{"name":"wp","href":"https:\/\/api.w.org\/{rel}","templated":true}]}}