{"id":9396,"date":"2023-03-29T16:00:29","date_gmt":"2023-03-29T14:00:29","guid":{"rendered":"https:\/\/butikhome.pl\/index.php\/produkt\/pizama-trade-40049-59x-granatowa\/"},"modified":"2023-07-13T14:49:33","modified_gmt":"2023-07-13T12:49:33","slug":"pizama-trade-40049-59x-granatowa","status":"publish","type":"product","link":"https:\/\/butikhome.pl\/index.php\/produkt\/pizama-trade-40049-59x-granatowa\/","title":{"rendered":"Pi\u017cama Trade 40049-59X Granatowa"},"content":{"rendered":"<p>    -Bluzka z d\u0142ugim r\u0119kawem<br \/>\n    -Dekolt p\u00f3\u0142okr\u0105g\u0142y<br \/>\n    -Idealna tak\u017ce na prezent<br \/>\n    -Lu\u017any, komfortowy kr\u00f3j<br \/>\n    -Materia\u0142 z nadrukiem<br \/>\n    -Modna kolorystyka<br \/>\n    -Nogawki wyko\u0144czone \u015bci\u0105gaczem<br \/>\n    -Pakowany w pude\u0142ko<br \/>\n    -Przyjemna w dotyku, mi\u0119kka dzianina\/tkanina<br \/>\n    -R\u0119kawy wyko\u0144czone \u015bci\u0105gaczem<br \/>\n    -Spodnie bez kieszeni<br \/>\n    -Spodnie d\u0142ugie<br \/>\n    -Szeroka guma w pasie<br \/>\n    -Troczki w talii<br \/>\n    -Bawe\u0142na: 100%<\/p>\n","protected":false},"excerpt":{"rendered":"<p>-Bluzka z d\u0142ugim r\u0119kawem -Dekolt p\u00f3\u0142okr\u0105g\u0142y -Idealna tak\u017ce na prezent -Lu\u017any, komfortowy kr\u00f3j -Materia\u0142 z nadrukiem -Modna kolorystyka -Nogawki wyko\u0144czone \u015bci\u0105gaczem -Pakowany w pude\u0142ko -Przyjemna w dotyku, mi\u0119kka dzianina\/tkanina -R\u0119kawy wyko\u0144czone \u015bci\u0105gaczem -Spodnie bez kieszeni -Spodnie d\u0142ugie -Szeroka guma w pasie -Troczki w talii -Bawe\u0142na: 100%<\/p>\n","protected":false},"featured_media":15837,"comment_status":"open","ping_status":"closed","template":"","meta":[],"product_brand":[],"product_cat":[24,41,42,43,44],"product_tag":[2392,2386,2458,2336,2459,2334,2444,1781,2460,2463,2359,2388,1297,2461,1679,2389,2380,2462,2391,301,2282,2266,2267],"class_list":{"0":"post-9396","1":"product","2":"type-product","3":"status-publish","4":"has-post-thumbnail","6":"product_cat-produkty","7":"product_cat-l","8":"product_cat-xl","9":"product_cat-2xl","10":"product_cat-3xl","11":"product_tag-bawelna-100","12":"product_tag-bluzka-z-dlugim-rekawem","13":"product_tag-dlugie-spodnie","14":"product_tag-firma-henderson","15":"product_tag-gladka-struktura","16":"product_tag-granatowa","17":"product_tag-granatowy-l","18":"product_tag-idealna-na-prezent","19":"product_tag-idealna-na-zimne-wieczory","20":"product_tag-kratka-niebiesko-zolto-granatowa","21":"product_tag-luzny-komfortowy-kroj","22":"product_tag-nogawki-wykonczone-sciagaczem","23":"product_tag-pakowane-w-pudelko","24":"product_tag-pizama-trade-40049-59x-granatowa","25":"product_tag-przyjemna-w-dotyku-miekka-dzianina-tkanina","26":"product_tag-rekawy-wykonczone-sciagaczem","27":"product_tag-rozpinana-pod-szyja","28":"product_tag-spodnie-w-kratke","29":"product_tag-troczki-w-talii","30":"product_tag-wysoka-jakosc","31":"product_tag-xl","32":"product_tag-xxl","33":"product_tag-xxxl","35":"first","36":"instock","37":"taxable","38":"shipping-taxable","39":"purchasable","40":"product-type-simple"},"_links":{"self":[{"href":"https:\/\/butikhome.pl\/index.php\/wp-json\/wp\/v2\/product\/9396","targetHints":{"allow":["GET"]}}],"collection":[{"href":"https:\/\/butikhome.pl\/index.php\/wp-json\/wp\/v2\/product"}],"about":[{"href":"https:\/\/butikhome.pl\/index.php\/wp-json\/wp\/v2\/types\/product"}],"replies":[{"embeddable":true,"href":"https:\/\/butikhome.pl\/index.php\/wp-json\/wp\/v2\/comments?post=9396"}],"wp:featuredmedia":[{"embeddable":true,"href":"https:\/\/butikhome.pl\/index.php\/wp-json\/wp\/v2\/media\/15837"}],"wp:attachment":[{"href":"https:\/\/butikhome.pl\/index.php\/wp-json\/wp\/v2\/media?parent=9396"}],"wp:term":[{"taxonomy":"product_brand","embeddable":true,"href":"https:\/\/butikhome.pl\/index.php\/wp-json\/wp\/v2\/product_brand?post=9396"},{"taxonomy":"product_cat","embeddable":true,"href":"https:\/\/butikhome.pl\/index.php\/wp-json\/wp\/v2\/product_cat?post=9396"},{"taxonomy":"product_tag","embeddable":true,"href":"https:\/\/butikhome.pl\/index.php\/wp-json\/wp\/v2\/product_tag?post=9396"}],"curies":[{"name":"wp","href":"https:\/\/api.w.org\/{rel}","templated":true}]}}