{"id":9400,"date":"2023-03-29T16:00:29","date_gmt":"2023-03-29T14:00:29","guid":{"rendered":"https:\/\/butikhome.pl\/index.php\/produkt\/pizama-tune-40073-59x-granatowa\/"},"modified":"2023-07-13T14:23:11","modified_gmt":"2023-07-13T12:23:11","slug":"pizama-tune-40073-59x-granatowa","status":"publish","type":"product","link":"https:\/\/butikhome.pl\/index.php\/produkt\/pizama-tune-40073-59x-granatowa\/","title":{"rendered":"Pi\u017cama Tune 40073-59X Granatowa"},"content":{"rendered":"<p>    -Bluzka z d\u0142ugim r\u0119kawem<br \/>\n    -Dekolt p\u00f3\u0142okr\u0105g\u0142y<br \/>\n    -Idealna tak\u017ce na prezent<br \/>\n    -Lu\u017any, komfortowy kr\u00f3j<br \/>\n    -Nogawki wyko\u0144czone \u015bci\u0105gaczem<br \/>\n    -Pakowany w pude\u0142ko<br \/>\n    -Przyjemna w dotyku, mi\u0119kka dzianina\/tkanina<br \/>\n    -R\u0119kawy wyko\u0144czone \u015bci\u0105gaczem<br \/>\n    -Spodnie d\u0142ugie<br \/>\n    -Troczki w talii<br \/>\n    -Bawe\u0142na: 100%<\/p>\n","protected":false},"excerpt":{"rendered":"<p>-Bluzka z d\u0142ugim r\u0119kawem -Dekolt p\u00f3\u0142okr\u0105g\u0142y -Idealna tak\u017ce na prezent -Lu\u017any, komfortowy kr\u00f3j -Nogawki wyko\u0144czone \u015bci\u0105gaczem -Pakowany w pude\u0142ko -Przyjemna w dotyku, mi\u0119kka dzianina\/tkanina -R\u0119kawy wyko\u0144czone \u015bci\u0105gaczem -Spodnie d\u0142ugie -Troczki w talii -Bawe\u0142na: 100%<\/p>\n","protected":false},"featured_media":15836,"comment_status":"open","ping_status":"closed","template":"","meta":[],"product_brand":[],"product_cat":[2332,24,42,43,44],"product_tag":[2392,2386,2458,2336,2459,2334,2456,1781,2460,2359,2388,1297,2457,1679,2389,2391,301,2266,2267],"class_list":{"0":"post-9400","1":"product","2":"type-product","3":"status-publish","4":"has-post-thumbnail","6":"product_cat-pizama-meska","7":"product_cat-produkty","8":"product_cat-xl","9":"product_cat-2xl","10":"product_cat-3xl","11":"product_tag-bawelna-100","12":"product_tag-bluzka-z-dlugim-rekawem","13":"product_tag-dlugie-spodnie","14":"product_tag-firma-henderson","15":"product_tag-gladka-struktura","16":"product_tag-granatowa","17":"product_tag-granatowy-xl","18":"product_tag-idealna-na-prezent","19":"product_tag-idealna-na-zimne-wieczory","20":"product_tag-luzny-komfortowy-kroj","21":"product_tag-nogawki-wykonczone-sciagaczem","22":"product_tag-pakowane-w-pudelko","23":"product_tag-pizama-tune-40073-59x-granatowa","24":"product_tag-przyjemna-w-dotyku-miekka-dzianina-tkanina","25":"product_tag-rekawy-wykonczone-sciagaczem","26":"product_tag-troczki-w-talii","27":"product_tag-wysoka-jakosc","28":"product_tag-xxl","29":"product_tag-xxxl","31":"first","32":"instock","33":"taxable","34":"shipping-taxable","35":"purchasable","36":"product-type-simple"},"_links":{"self":[{"href":"https:\/\/butikhome.pl\/index.php\/wp-json\/wp\/v2\/product\/9400","targetHints":{"allow":["GET"]}}],"collection":[{"href":"https:\/\/butikhome.pl\/index.php\/wp-json\/wp\/v2\/product"}],"about":[{"href":"https:\/\/butikhome.pl\/index.php\/wp-json\/wp\/v2\/types\/product"}],"replies":[{"embeddable":true,"href":"https:\/\/butikhome.pl\/index.php\/wp-json\/wp\/v2\/comments?post=9400"}],"wp:featuredmedia":[{"embeddable":true,"href":"https:\/\/butikhome.pl\/index.php\/wp-json\/wp\/v2\/media\/15836"}],"wp:attachment":[{"href":"https:\/\/butikhome.pl\/index.php\/wp-json\/wp\/v2\/media?parent=9400"}],"wp:term":[{"taxonomy":"product_brand","embeddable":true,"href":"https:\/\/butikhome.pl\/index.php\/wp-json\/wp\/v2\/product_brand?post=9400"},{"taxonomy":"product_cat","embeddable":true,"href":"https:\/\/butikhome.pl\/index.php\/wp-json\/wp\/v2\/product_cat?post=9400"},{"taxonomy":"product_tag","embeddable":true,"href":"https:\/\/butikhome.pl\/index.php\/wp-json\/wp\/v2\/product_tag?post=9400"}],"curies":[{"name":"wp","href":"https:\/\/api.w.org\/{rel}","templated":true}]}}