{"id":9409,"date":"2023-03-29T16:00:32","date_gmt":"2023-03-29T14:00:32","guid":{"rendered":"https:\/\/butikhome.pl\/index.php\/produkt\/pizama-wend-40662-09x-melanz-granat\/"},"modified":"2023-07-13T12:10:37","modified_gmt":"2023-07-13T10:10:37","slug":"pizama-wend-40662-09x-melanz-granat","status":"publish","type":"product","link":"https:\/\/butikhome.pl\/index.php\/produkt\/pizama-wend-40662-09x-melanz-granat\/","title":{"rendered":"Pi\u017cama Wend 40662-09X Melan\u017c-Granat"},"content":{"rendered":"<p>    -Bluzka z kr\u00f3tkim r\u0119kawem<br \/>\n    -Dekolt p\u00f3\u0142okr\u0105g\u0142y<br \/>\n    -Idealna tak\u017ce na prezent<br \/>\n    -Kr\u00f3tkie spodenki<br \/>\n    -Lu\u017any, komfortowy kr\u00f3j<br \/>\n    -Pakowany w pude\u0142ko<br \/>\n    -Przyjemna w dotyku, mi\u0119kka dzianina\/tkanina<br \/>\n    -Spodnie bez kieszeni<br \/>\n    -Troczki w talii<br \/>\n    -Wysoka jako\u015b\u0107<br \/>\n    -D\u00f3\u0142 &#8211; Bawe\u0142na: 100%<br \/>\n    -G\u00f3ra &#8211; Bawe\u0142na: 90%<br \/>\n    -Wiskoza: 10%<\/p>\n","protected":false},"excerpt":{"rendered":"<p>-Bluzka z kr\u00f3tkim r\u0119kawem -Dekolt p\u00f3\u0142okr\u0105g\u0142y -Idealna tak\u017ce na prezent -Kr\u00f3tkie spodenki -Lu\u017any, komfortowy kr\u00f3j -Pakowany w pude\u0142ko -Przyjemna w dotyku, mi\u0119kka dzianina\/tkanina -Spodnie bez kieszeni -Troczki w talii -Wysoka jako\u015b\u0107 -D\u00f3\u0142 &#8211; Bawe\u0142na: 100% -G\u00f3ra &#8211; Bawe\u0142na: 90% -Wiskoza: 10%<\/p>\n","protected":false},"featured_media":15831,"comment_status":"open","ping_status":"closed","template":"","meta":[],"product_brand":[],"product_cat":[2332,24,41],"product_tag":[2357,2438,2336,2334,2434,2447,2423,2277,2428,2452,1390,2335,2451,2450,2433,1679,2449,2429,2430,2391,152,301],"class_list":{"0":"post-9409","1":"product","2":"type-product","3":"status-publish","4":"has-post-thumbnail","6":"product_cat-pizama-meska","7":"product_cat-produkty","8":"product_cat-l","9":"product_tag-dekolt-polokragly","10":"product_tag-dwuczesciowa-pizama","11":"product_tag-firma-henderson","12":"product_tag-granatowa","13":"product_tag-komfortowa","14":"product_tag-komfortowy-luzny-kroj","15":"product_tag-krotki-rekawek","16":"product_tag-l","17":"product_tag-linia-premium","18":"product_tag-melanz-granat","19":"product_tag-pakowany-w-pudelko","20":"product_tag-pizama-meska","21":"product_tag-pizama-wend-40662-09x-melanz-granat","22":"product_tag-pizama-weston-40663-59x-granatowa","23":"product_tag-ponadczasowa","24":"product_tag-przyjemna-w-dotyku-miekka-dzianina-tkanina","25":"product_tag-spodnie-bez-kieszeni","26":"product_tag-sportowy-styl","27":"product_tag-t-shirt-i-spodnie-do-kolan","28":"product_tag-troczki-w-talii","29":"product_tag-wygodna","30":"product_tag-wysoka-jakosc","32":"first","33":"instock","34":"taxable","35":"shipping-taxable","36":"purchasable","37":"product-type-simple"},"_links":{"self":[{"href":"https:\/\/butikhome.pl\/index.php\/wp-json\/wp\/v2\/product\/9409","targetHints":{"allow":["GET"]}}],"collection":[{"href":"https:\/\/butikhome.pl\/index.php\/wp-json\/wp\/v2\/product"}],"about":[{"href":"https:\/\/butikhome.pl\/index.php\/wp-json\/wp\/v2\/types\/product"}],"replies":[{"embeddable":true,"href":"https:\/\/butikhome.pl\/index.php\/wp-json\/wp\/v2\/comments?post=9409"}],"wp:featuredmedia":[{"embeddable":true,"href":"https:\/\/butikhome.pl\/index.php\/wp-json\/wp\/v2\/media\/15831"}],"wp:attachment":[{"href":"https:\/\/butikhome.pl\/index.php\/wp-json\/wp\/v2\/media?parent=9409"}],"wp:term":[{"taxonomy":"product_brand","embeddable":true,"href":"https:\/\/butikhome.pl\/index.php\/wp-json\/wp\/v2\/product_brand?post=9409"},{"taxonomy":"product_cat","embeddable":true,"href":"https:\/\/butikhome.pl\/index.php\/wp-json\/wp\/v2\/product_cat?post=9409"},{"taxonomy":"product_tag","embeddable":true,"href":"https:\/\/butikhome.pl\/index.php\/wp-json\/wp\/v2\/product_tag?post=9409"}],"curies":[{"name":"wp","href":"https:\/\/api.w.org\/{rel}","templated":true}]}}