{"id":9414,"date":"2023-03-29T16:00:34","date_gmt":"2023-03-29T14:00:34","guid":{"rendered":"https:\/\/butikhome.pl\/index.php\/produkt\/pizama-weston-40663-59x-granatowa\/"},"modified":"2023-07-13T11:02:23","modified_gmt":"2023-07-13T09:02:23","slug":"pizama-weston-40663-59x-granatowa","status":"publish","type":"product","link":"https:\/\/butikhome.pl\/index.php\/produkt\/pizama-weston-40663-59x-granatowa\/","title":{"rendered":"Pi\u017cama Weston 40663-59X Granatowa"},"content":{"rendered":"<p>    -Bluzka z kr\u00f3tkim r\u0119kawem<br \/>\n    -Dekolt p\u00f3\u0142okr\u0105g\u0142y<br \/>\n    -Idealna tak\u017ce na prezent<br \/>\n    -Lu\u017any, komfortowy kr\u00f3j<br \/>\n    -Modna kolorystyka<br \/>\n    -Pakowany w pude\u0142ko<br \/>\n    -Przyjemna w dotyku, mi\u0119kka dzianina\/tkanina<br \/>\n    -Spodenki z nadrukiem<br \/>\n    -Troczki w talii<br \/>\n    -Wysoka jako\u015b\u0107<br \/>\n    -Bawe\u0142na: 100%<\/p>\n","protected":false},"excerpt":{"rendered":"<p>-Bluzka z kr\u00f3tkim r\u0119kawem -Dekolt p\u00f3\u0142okr\u0105g\u0142y -Idealna tak\u017ce na prezent -Lu\u017any, komfortowy kr\u00f3j -Modna kolorystyka -Pakowany w pude\u0142ko -Przyjemna w dotyku, mi\u0119kka dzianina\/tkanina -Spodenki z nadrukiem -Troczki w talii -Wysoka jako\u015b\u0107 -Bawe\u0142na: 100%<\/p>\n","protected":false},"featured_media":15827,"comment_status":"open","ping_status":"closed","template":"","meta":[],"product_brand":[],"product_cat":[2332,24,41,40,42,43,44],"product_tag":[2357,2438,2336,2334,2292,2434,2447,2423,2277,2428,1390,2335,2450,2433,1679,2448,2449,2429,2430,2391,152,301,2282,2266,2267],"class_list":{"0":"post-9414","1":"product","2":"type-product","3":"status-publish","4":"has-post-thumbnail","6":"product_cat-pizama-meska","7":"product_cat-produkty","8":"product_cat-l","9":"product_cat-m","10":"product_cat-xl","11":"product_cat-2xl","12":"product_cat-3xl","13":"product_tag-dekolt-polokragly","14":"product_tag-dwuczesciowa-pizama","15":"product_tag-firma-henderson","16":"product_tag-granatowa","17":"product_tag-granatowy-m","18":"product_tag-komfortowa","19":"product_tag-komfortowy-luzny-kroj","20":"product_tag-krotki-rekawek","21":"product_tag-l","22":"product_tag-linia-premium","23":"product_tag-pakowany-w-pudelko","24":"product_tag-pizama-meska","25":"product_tag-pizama-weston-40663-59x-granatowa","26":"product_tag-ponadczasowa","27":"product_tag-przyjemna-w-dotyku-miekka-dzianina-tkanina","28":"product_tag-spodenki-z-nadrukiem","29":"product_tag-spodnie-bez-kieszeni","30":"product_tag-sportowy-styl","31":"product_tag-t-shirt-i-spodnie-do-kolan","32":"product_tag-troczki-w-talii","33":"product_tag-wygodna","34":"product_tag-wysoka-jakosc","35":"product_tag-xl","36":"product_tag-xxl","37":"product_tag-xxxl","39":"first","40":"instock","41":"taxable","42":"shipping-taxable","43":"purchasable","44":"product-type-simple"},"_links":{"self":[{"href":"https:\/\/butikhome.pl\/index.php\/wp-json\/wp\/v2\/product\/9414","targetHints":{"allow":["GET"]}}],"collection":[{"href":"https:\/\/butikhome.pl\/index.php\/wp-json\/wp\/v2\/product"}],"about":[{"href":"https:\/\/butikhome.pl\/index.php\/wp-json\/wp\/v2\/types\/product"}],"replies":[{"embeddable":true,"href":"https:\/\/butikhome.pl\/index.php\/wp-json\/wp\/v2\/comments?post=9414"}],"wp:featuredmedia":[{"embeddable":true,"href":"https:\/\/butikhome.pl\/index.php\/wp-json\/wp\/v2\/media\/15827"}],"wp:attachment":[{"href":"https:\/\/butikhome.pl\/index.php\/wp-json\/wp\/v2\/media?parent=9414"}],"wp:term":[{"taxonomy":"product_brand","embeddable":true,"href":"https:\/\/butikhome.pl\/index.php\/wp-json\/wp\/v2\/product_brand?post=9414"},{"taxonomy":"product_cat","embeddable":true,"href":"https:\/\/butikhome.pl\/index.php\/wp-json\/wp\/v2\/product_cat?post=9414"},{"taxonomy":"product_tag","embeddable":true,"href":"https:\/\/butikhome.pl\/index.php\/wp-json\/wp\/v2\/product_tag?post=9414"}],"curies":[{"name":"wp","href":"https:\/\/api.w.org\/{rel}","templated":true}]}}