{"id":9419,"date":"2023-03-29T16:00:35","date_gmt":"2023-03-29T14:00:35","guid":{"rendered":"https:\/\/butikhome.pl\/index.php\/produkt\/pizama-widget-40665-59x-granatowa\/"},"modified":"2023-07-12T14:33:22","modified_gmt":"2023-07-12T12:33:22","slug":"pizama-widget-40665-59x-granatowa","status":"publish","type":"product","link":"https:\/\/butikhome.pl\/index.php\/produkt\/pizama-widget-40665-59x-granatowa\/","title":{"rendered":"Pi\u017cama Widget 40665-59X Granatowa"},"content":{"rendered":"<p>    -Bluzka z kr\u00f3tkim r\u0119kawem<br \/>\n    -Dekolt p\u00f3\u0142okr\u0105g\u0142y<br \/>\n    -Guziki rozpinane<br \/>\n    -Kr\u00f3tkie spodenki<br \/>\n    -Lu\u017any, komfortowy kr\u00f3j<br \/>\n    -Pakowany w pude\u0142ko<br \/>\n    -Przyjemna w dotyku, mi\u0119kka dzianina\/tkanina<br \/>\n    -Spodenki z nadrukiem<br \/>\n    -Spodnie bez kieszeni<br \/>\n    -Stonowana kolorystyka<br \/>\n    -Troczki w talii<br \/>\n    -Wysoka jako\u015b\u0107<br \/>\n    -Bawe\u0142na: 100%<\/p>\n","protected":false},"excerpt":{"rendered":"<p>-Bluzka z kr\u00f3tkim r\u0119kawem -Dekolt p\u00f3\u0142okr\u0105g\u0142y -Guziki rozpinane -Kr\u00f3tkie spodenki -Lu\u017any, komfortowy kr\u00f3j -Pakowany w pude\u0142ko -Przyjemna w dotyku, mi\u0119kka dzianina\/tkanina -Spodenki z nadrukiem -Spodnie bez kieszeni -Stonowana kolorystyka -Troczki w talii -Wysoka jako\u015b\u0107 -Bawe\u0142na: 100%<\/p>\n","protected":false},"featured_media":15823,"comment_status":"open","ping_status":"closed","template":"","meta":[],"product_brand":[],"product_cat":[2332,24,41],"product_tag":[2357,2438,2336,2334,2444,2446,2434,2447,2387,2423,2428,1390,2335,2445,2433,1679,2448,2449,2429,2430,2391,152,301],"class_list":{"0":"post-9419","1":"product","2":"type-product","3":"status-publish","4":"has-post-thumbnail","6":"product_cat-pizama-meska","7":"product_cat-produkty","8":"product_cat-l","9":"product_tag-dekolt-polokragly","10":"product_tag-dwuczesciowa-pizama","11":"product_tag-firma-henderson","12":"product_tag-granatowa","13":"product_tag-granatowy-l","14":"product_tag-guziki-rozpinane","15":"product_tag-komfortowa","16":"product_tag-komfortowy-luzny-kroj","17":"product_tag-koszulka-z-nadrukiem","18":"product_tag-krotki-rekawek","19":"product_tag-linia-premium","20":"product_tag-pakowany-w-pudelko","21":"product_tag-pizama-meska","22":"product_tag-pizama-widget-40665-59x-granatowa","23":"product_tag-ponadczasowa","24":"product_tag-przyjemna-w-dotyku-miekka-dzianina-tkanina","25":"product_tag-spodenki-z-nadrukiem","26":"product_tag-spodnie-bez-kieszeni","27":"product_tag-sportowy-styl","28":"product_tag-t-shirt-i-spodnie-do-kolan","29":"product_tag-troczki-w-talii","30":"product_tag-wygodna","31":"product_tag-wysoka-jakosc","33":"first","34":"instock","35":"taxable","36":"shipping-taxable","37":"purchasable","38":"product-type-simple"},"_links":{"self":[{"href":"https:\/\/butikhome.pl\/index.php\/wp-json\/wp\/v2\/product\/9419","targetHints":{"allow":["GET"]}}],"collection":[{"href":"https:\/\/butikhome.pl\/index.php\/wp-json\/wp\/v2\/product"}],"about":[{"href":"https:\/\/butikhome.pl\/index.php\/wp-json\/wp\/v2\/types\/product"}],"replies":[{"embeddable":true,"href":"https:\/\/butikhome.pl\/index.php\/wp-json\/wp\/v2\/comments?post=9419"}],"wp:featuredmedia":[{"embeddable":true,"href":"https:\/\/butikhome.pl\/index.php\/wp-json\/wp\/v2\/media\/15823"}],"wp:attachment":[{"href":"https:\/\/butikhome.pl\/index.php\/wp-json\/wp\/v2\/media?parent=9419"}],"wp:term":[{"taxonomy":"product_brand","embeddable":true,"href":"https:\/\/butikhome.pl\/index.php\/wp-json\/wp\/v2\/product_brand?post=9419"},{"taxonomy":"product_cat","embeddable":true,"href":"https:\/\/butikhome.pl\/index.php\/wp-json\/wp\/v2\/product_cat?post=9419"},{"taxonomy":"product_tag","embeddable":true,"href":"https:\/\/butikhome.pl\/index.php\/wp-json\/wp\/v2\/product_tag?post=9419"}],"curies":[{"name":"wp","href":"https:\/\/api.w.org\/{rel}","templated":true}]}}