{"id":9427,"date":"2023-03-29T16:00:38","date_gmt":"2023-03-29T14:00:38","guid":{"rendered":"https:\/\/butikhome.pl\/index.php\/produkt\/pizama-zander-38363-59x-granatowa\/"},"modified":"2023-07-07T15:11:06","modified_gmt":"2023-07-07T13:11:06","slug":"pizama-zander-38363-59x-granatowa","status":"publish","type":"product","link":"https:\/\/butikhome.pl\/index.php\/produkt\/pizama-zander-38363-59x-granatowa\/","title":{"rendered":"Pi\u017cama Zander 38363-59X Granatowa"},"content":{"rendered":"<p>\u015awietny pomys\u0142 na prezent &#8211; Zander to dwucz\u0119\u015bciowa pi\u017cama m\u0119ska utrzymana w klasycznym stylu. Zamiast t-shirtu elegancka, zapinana na guziki koszulka z ko\u0142nierzykiem i kieszonkami. Na tkaninie drobny, delikatny dese\u0144. Spodnie d\u0142ugie i g\u0142adkie, zapewni\u0105 komfort w najlepszym wydaniu. W pasie gumka. Pi\u017cama z nowej kolekcji Henderson, z linii Premium. Sk\u0142ad: 100% bawe\u0142na.<\/p>\n","protected":false},"excerpt":{"rendered":"<p>\u015awietny pomys\u0142 na prezent &#8211; Zander to dwucz\u0119\u015bciowa pi\u017cama m\u0119ska utrzymana w klasycznym stylu. Zamiast t-shirtu elegancka, zapinana na guziki koszulka z ko\u0142nierzykiem i kieszonkami. Na tkaninie drobny, delikatny dese\u0144. Spodnie d\u0142ugie i g\u0142adkie, zapewni\u0105 komfort w najlepszym wydaniu. W pasie gumka. Pi\u017cama z nowej kolekcji Henderson, z linii Premium. Sk\u0142ad: 100% bawe\u0142na.<\/p>\n","protected":false},"featured_media":15786,"comment_status":"open","ping_status":"closed","template":"","meta":[],"product_brand":[],"product_cat":[2332,24,40],"product_tag":[494,2339,2340,2337,2336,2334,2292,1781,2335,2333,1078,2341,2338,2342,2343],"class_list":{"0":"post-9427","1":"product","2":"type-product","3":"status-publish","4":"has-post-thumbnail","6":"product_cat-pizama-meska","7":"product_cat-produkty","8":"product_cat-m","9":"product_tag-bardzo-komfortowe","10":"product_tag-bluza-zapinana-z-kolnierzykiem-i-kieszonkami","11":"product_tag-delikatny-desen","12":"product_tag-dwuczasciowa-pizama","13":"product_tag-firma-henderson","14":"product_tag-granatowa","15":"product_tag-granatowy-m","16":"product_tag-idealna-na-prezent","17":"product_tag-pizama-meska","18":"product_tag-pizama-zander-38363-59x-granatowa","19":"product_tag-polski-produkt","20":"product_tag-spodnie-dlugie-i-gladkie","21":"product_tag-w-klasycznym-stylu","22":"product_tag-w-pasie-gumka","23":"product_tag-z-linii-premium","25":"first","26":"instock","27":"taxable","28":"shipping-taxable","29":"purchasable","30":"product-type-simple"},"_links":{"self":[{"href":"https:\/\/butikhome.pl\/index.php\/wp-json\/wp\/v2\/product\/9427","targetHints":{"allow":["GET"]}}],"collection":[{"href":"https:\/\/butikhome.pl\/index.php\/wp-json\/wp\/v2\/product"}],"about":[{"href":"https:\/\/butikhome.pl\/index.php\/wp-json\/wp\/v2\/types\/product"}],"replies":[{"embeddable":true,"href":"https:\/\/butikhome.pl\/index.php\/wp-json\/wp\/v2\/comments?post=9427"}],"wp:featuredmedia":[{"embeddable":true,"href":"https:\/\/butikhome.pl\/index.php\/wp-json\/wp\/v2\/media\/15786"}],"wp:attachment":[{"href":"https:\/\/butikhome.pl\/index.php\/wp-json\/wp\/v2\/media?parent=9427"}],"wp:term":[{"taxonomy":"product_brand","embeddable":true,"href":"https:\/\/butikhome.pl\/index.php\/wp-json\/wp\/v2\/product_brand?post=9427"},{"taxonomy":"product_cat","embeddable":true,"href":"https:\/\/butikhome.pl\/index.php\/wp-json\/wp\/v2\/product_cat?post=9427"},{"taxonomy":"product_tag","embeddable":true,"href":"https:\/\/butikhome.pl\/index.php\/wp-json\/wp\/v2\/product_tag?post=9427"}],"curies":[{"name":"wp","href":"https:\/\/api.w.org\/{rel}","templated":true}]}}