{"id":9428,"date":"2023-03-29T16:00:38","date_gmt":"2023-03-29T14:00:38","guid":{"rendered":"https:\/\/butikhome.pl\/index.php\/produkt\/pizama-zed-38366-55x-niebiesko-szara\/"},"modified":"2023-07-12T14:19:55","modified_gmt":"2023-07-12T12:19:55","slug":"pizama-zed-38366-55x-niebiesko-szara","status":"publish","type":"product","link":"https:\/\/butikhome.pl\/index.php\/produkt\/pizama-zed-38366-55x-niebiesko-szara\/","title":{"rendered":"Pi\u017cama Zed 38366-55X Niebiesko-Szara"},"content":{"rendered":"<p>Wygodna, dwucz\u0119\u015bciowa pi\u017cama m\u0119ska z nowej kolekcji marki Henderson, w \u015bwietnej kolorystyce. G\u00f3ra w formie wygodnego t-shirtu z nadrukiem, zwraca uwag\u0119 sw\u0105 przyjemn\u0105 barw\u0105. Spodnie szare, do okolic kolan, z modnym akcentem w postaci drukowanej gumy w pasie. \u015awietny, sportowy Look, w kt\u00f3rym ka\u017cdy m\u0119\u017cczyzna poczuje si\u0119 komfortowo i swobodnie. <\/p>\n","protected":false},"excerpt":{"rendered":"<p>Wygodna, dwucz\u0119\u015bciowa pi\u017cama m\u0119ska z nowej kolekcji marki Henderson, w \u015bwietnej kolorystyce. G\u00f3ra w formie wygodnego t-shirtu z nadrukiem, zwraca uwag\u0119 sw\u0105 przyjemn\u0105 barw\u0105. Spodnie szare, do okolic kolan, z modnym akcentem w postaci drukowanej gumy w pasie. \u015awietny, sportowy Look, w kt\u00f3rym ka\u017cdy m\u0119\u017cczyzna poczuje si\u0119 komfortowo i swobodnie.<\/p>\n","protected":false},"featured_media":15822,"comment_status":"open","ping_status":"closed","template":"","meta":[],"product_brand":[],"product_cat":[2332,24,41,40,42,43],"product_tag":[2438,2336,2434,2387,2277,2428,2442,2443,2335,2441,2433,2440,2429,2430,2431,152,2427,2282,2266],"class_list":{"0":"post-9428","1":"product","2":"type-product","3":"status-publish","4":"has-post-thumbnail","6":"product_cat-pizama-meska","7":"product_cat-produkty","8":"product_cat-l","9":"product_cat-m","10":"product_cat-xl","11":"product_cat-2xl","12":"product_tag-dwuczesciowa-pizama","13":"product_tag-firma-henderson","14":"product_tag-komfortowa","15":"product_tag-koszulka-z-nadrukiem","16":"product_tag-l","17":"product_tag-linia-premium","18":"product_tag-niebiesko-szara","19":"product_tag-niebiesko-szary-m","20":"product_tag-pizama-meska","21":"product_tag-pizama-zed-38366-55x-niebiesko-szara","22":"product_tag-ponadczasowa","23":"product_tag-spodnie-grafitowe","24":"product_tag-sportowy-styl","25":"product_tag-t-shirt-i-spodnie-do-kolan","26":"product_tag-w-kratke","27":"product_tag-wygodna","28":"product_tag-wygodna-pizama","29":"product_tag-xl","30":"product_tag-xxl","32":"first","33":"instock","34":"taxable","35":"shipping-taxable","36":"purchasable","37":"product-type-simple"},"_links":{"self":[{"href":"https:\/\/butikhome.pl\/index.php\/wp-json\/wp\/v2\/product\/9428","targetHints":{"allow":["GET"]}}],"collection":[{"href":"https:\/\/butikhome.pl\/index.php\/wp-json\/wp\/v2\/product"}],"about":[{"href":"https:\/\/butikhome.pl\/index.php\/wp-json\/wp\/v2\/types\/product"}],"replies":[{"embeddable":true,"href":"https:\/\/butikhome.pl\/index.php\/wp-json\/wp\/v2\/comments?post=9428"}],"wp:featuredmedia":[{"embeddable":true,"href":"https:\/\/butikhome.pl\/index.php\/wp-json\/wp\/v2\/media\/15822"}],"wp:attachment":[{"href":"https:\/\/butikhome.pl\/index.php\/wp-json\/wp\/v2\/media?parent=9428"}],"wp:term":[{"taxonomy":"product_brand","embeddable":true,"href":"https:\/\/butikhome.pl\/index.php\/wp-json\/wp\/v2\/product_brand?post=9428"},{"taxonomy":"product_cat","embeddable":true,"href":"https:\/\/butikhome.pl\/index.php\/wp-json\/wp\/v2\/product_cat?post=9428"},{"taxonomy":"product_tag","embeddable":true,"href":"https:\/\/butikhome.pl\/index.php\/wp-json\/wp\/v2\/product_tag?post=9428"}],"curies":[{"name":"wp","href":"https:\/\/api.w.org\/{rel}","templated":true}]}}