{"id":9432,"date":"2023-03-29T16:00:38","date_gmt":"2023-03-29T14:00:38","guid":{"rendered":"https:\/\/butikhome.pl\/index.php\/produkt\/pizama-zed-38366-99x-czarno-grafitowa\/"},"modified":"2023-07-12T14:14:40","modified_gmt":"2023-07-12T12:14:40","slug":"pizama-zed-38366-99x-czarno-grafitowa","status":"publish","type":"product","link":"https:\/\/butikhome.pl\/index.php\/produkt\/pizama-zed-38366-99x-czarno-grafitowa\/","title":{"rendered":"Pi\u017cama Zed 38366-99X Czarno-grafitowa"},"content":{"rendered":"<p>Wygodna, dwucz\u0119\u015bciowa pi\u017cama m\u0119ska z nowej kolekcji marki Henderson, w \u015bwietnej kolorystyce. G\u00f3ra w formie czarnego, wygodnego t-shirtu z nadrukiem. Spodnie grafitowe, do okolic kolan, z modnym akcentem w postaci drukowanej gumy w pasie. \u015awietny, sportowy Look, w kt\u00f3rym ka\u017cdy m\u0119\u017cczyzna poczuje si\u0119 komfortowo i swobodnie. <\/p>\n","protected":false},"excerpt":{"rendered":"<p>Wygodna, dwucz\u0119\u015bciowa pi\u017cama m\u0119ska z nowej kolekcji marki Henderson, w \u015bwietnej kolorystyce. G\u00f3ra w formie czarnego, wygodnego t-shirtu z nadrukiem. Spodnie grafitowe, do okolic kolan, z modnym akcentem w postaci drukowanej gumy w pasie. \u015awietny, sportowy Look, w kt\u00f3rym ka\u017cdy m\u0119\u017cczyzna poczuje si\u0119 komfortowo i swobodnie.<\/p>\n","protected":false},"featured_media":15821,"comment_status":"open","ping_status":"closed","template":"","meta":[],"product_brand":[],"product_cat":[2332,24,41,40,42,43],"product_tag":[2436,2435,2438,2336,2434,2387,2277,2428,2335,2437,2433,2440,2429,2430,2431,152,2427,2439,2282,2266],"class_list":{"0":"post-9432","1":"product","2":"type-product","3":"status-publish","4":"has-post-thumbnail","6":"product_cat-pizama-meska","7":"product_cat-produkty","8":"product_cat-l","9":"product_cat-m","10":"product_cat-xl","11":"product_cat-2xl","12":"product_tag-czarno-grafitowy","13":"product_tag-czarno-grafitowy-m","14":"product_tag-dwuczesciowa-pizama","15":"product_tag-firma-henderson","16":"product_tag-komfortowa","17":"product_tag-koszulka-z-nadrukiem","18":"product_tag-l","19":"product_tag-linia-premium","20":"product_tag-pizama-meska","21":"product_tag-pizama-zed-38366-99x-czarno-grafitowa","22":"product_tag-ponadczasowa","23":"product_tag-spodnie-grafitowe","24":"product_tag-sportowy-styl","25":"product_tag-t-shirt-i-spodnie-do-kolan","26":"product_tag-w-kratke","27":"product_tag-wygodna","28":"product_tag-wygodna-pizama","29":"product_tag-wygodny-t-shirt","30":"product_tag-xl","31":"product_tag-xxl","33":"first","34":"instock","35":"taxable","36":"shipping-taxable","37":"purchasable","38":"product-type-simple"},"_links":{"self":[{"href":"https:\/\/butikhome.pl\/index.php\/wp-json\/wp\/v2\/product\/9432","targetHints":{"allow":["GET"]}}],"collection":[{"href":"https:\/\/butikhome.pl\/index.php\/wp-json\/wp\/v2\/product"}],"about":[{"href":"https:\/\/butikhome.pl\/index.php\/wp-json\/wp\/v2\/types\/product"}],"replies":[{"embeddable":true,"href":"https:\/\/butikhome.pl\/index.php\/wp-json\/wp\/v2\/comments?post=9432"}],"wp:featuredmedia":[{"embeddable":true,"href":"https:\/\/butikhome.pl\/index.php\/wp-json\/wp\/v2\/media\/15821"}],"wp:attachment":[{"href":"https:\/\/butikhome.pl\/index.php\/wp-json\/wp\/v2\/media?parent=9432"}],"wp:term":[{"taxonomy":"product_brand","embeddable":true,"href":"https:\/\/butikhome.pl\/index.php\/wp-json\/wp\/v2\/product_brand?post=9432"},{"taxonomy":"product_cat","embeddable":true,"href":"https:\/\/butikhome.pl\/index.php\/wp-json\/wp\/v2\/product_cat?post=9432"},{"taxonomy":"product_tag","embeddable":true,"href":"https:\/\/butikhome.pl\/index.php\/wp-json\/wp\/v2\/product_tag?post=9432"}],"curies":[{"name":"wp","href":"https:\/\/api.w.org\/{rel}","templated":true}]}}