{"id":9436,"date":"2023-03-29T16:00:39","date_gmt":"2023-03-29T14:00:39","guid":{"rendered":"https:\/\/butikhome.pl\/index.php\/produkt\/pizama-zeroth-38364-59x-granatowa\/"},"modified":"2023-07-12T14:07:17","modified_gmt":"2023-07-12T12:07:17","slug":"pizama-zeroth-38364-59x-granatowa","status":"publish","type":"product","link":"https:\/\/butikhome.pl\/index.php\/produkt\/pizama-zeroth-38364-59x-granatowa\/","title":{"rendered":"Pi\u017cama Zeroth 38364-59X Granatowa"},"content":{"rendered":"<p>Wygodna, dwucz\u0119\u015bciowa pi\u017cama marki Henderson z linii Premium, utrzymana w sportowym stylu. W roli g\u0142\u00f3wnej t-shirt i spodnie do kolan w lekk\u0105, przyjemn\u0105 krat\u0119. Kolorystyka oparta na bazie niebieskiego koloru z wstawkami z czerwieni. Ponadczasowo i komfortowo. Najnowsza kolekcja.<\/p>\n","protected":false},"excerpt":{"rendered":"<p>Wygodna, dwucz\u0119\u015bciowa pi\u017cama marki Henderson z linii Premium, utrzymana w sportowym stylu. W roli g\u0142\u00f3wnej t-shirt i spodnie do kolan w lekk\u0105, przyjemn\u0105 krat\u0119. Kolorystyka oparta na bazie niebieskiego koloru z wstawkami z czerwieni. Ponadczasowo i komfortowo. Najnowsza kolekcja.<\/p>\n","protected":false},"featured_media":15819,"comment_status":"open","ping_status":"closed","template":"","meta":[],"product_brand":[],"product_cat":[2332,24,41,40,42,43],"product_tag":[2336,2334,2292,2434,2277,2428,2432,2335,2426,2433,2429,2430,2431,2427,2282,2266],"class_list":{"0":"post-9436","1":"product","2":"type-product","3":"status-publish","4":"has-post-thumbnail","6":"product_cat-pizama-meska","7":"product_cat-produkty","8":"product_cat-l","9":"product_cat-m","10":"product_cat-xl","11":"product_cat-2xl","12":"product_tag-firma-henderson","13":"product_tag-granatowa","14":"product_tag-granatowy-m","15":"product_tag-komfortowa","16":"product_tag-l","17":"product_tag-linia-premium","18":"product_tag-niebiesko-czerwona","19":"product_tag-pizama-meska","20":"product_tag-pizama-zeroth-38364-59x-granatowa","21":"product_tag-ponadczasowa","22":"product_tag-sportowy-styl","23":"product_tag-t-shirt-i-spodnie-do-kolan","24":"product_tag-w-kratke","25":"product_tag-wygodna-pizama","26":"product_tag-xl","27":"product_tag-xxl","29":"first","30":"instock","31":"taxable","32":"shipping-taxable","33":"purchasable","34":"product-type-simple"},"_links":{"self":[{"href":"https:\/\/butikhome.pl\/index.php\/wp-json\/wp\/v2\/product\/9436","targetHints":{"allow":["GET"]}}],"collection":[{"href":"https:\/\/butikhome.pl\/index.php\/wp-json\/wp\/v2\/product"}],"about":[{"href":"https:\/\/butikhome.pl\/index.php\/wp-json\/wp\/v2\/types\/product"}],"replies":[{"embeddable":true,"href":"https:\/\/butikhome.pl\/index.php\/wp-json\/wp\/v2\/comments?post=9436"}],"wp:featuredmedia":[{"embeddable":true,"href":"https:\/\/butikhome.pl\/index.php\/wp-json\/wp\/v2\/media\/15819"}],"wp:attachment":[{"href":"https:\/\/butikhome.pl\/index.php\/wp-json\/wp\/v2\/media?parent=9436"}],"wp:term":[{"taxonomy":"product_brand","embeddable":true,"href":"https:\/\/butikhome.pl\/index.php\/wp-json\/wp\/v2\/product_brand?post=9436"},{"taxonomy":"product_cat","embeddable":true,"href":"https:\/\/butikhome.pl\/index.php\/wp-json\/wp\/v2\/product_cat?post=9436"},{"taxonomy":"product_tag","embeddable":true,"href":"https:\/\/butikhome.pl\/index.php\/wp-json\/wp\/v2\/product_tag?post=9436"}],"curies":[{"name":"wp","href":"https:\/\/api.w.org\/{rel}","templated":true}]}}