{"id":9448,"date":"2023-03-29T16:00:42","date_gmt":"2023-03-29T14:00:42","guid":{"rendered":"https:\/\/butikhome.pl\/index.php\/produkt\/podkoszulek-1480-j27-popiel\/"},"modified":"2023-07-21T11:35:21","modified_gmt":"2023-07-21T09:35:21","slug":"podkoszulek-1480-j27-popiel","status":"publish","type":"product","link":"https:\/\/butikhome.pl\/index.php\/produkt\/podkoszulek-1480-j27-popiel\/","title":{"rendered":"Podkoszulek 1480 J27 Popiel"},"content":{"rendered":"<p>Po prostu Basic &#8211; popielaty podkoszulek m\u0119ski na szerokich rami\u0105czkach, nr 1480 marki Henderson. Prawdziwa klasyka, o kt\u00f3rej \u017caden m\u0119\u017cczyzna nie powinien zapomnie\u0107. Dopasowany do cia\u0142a, elastyczny,\u00a0wykonany w\u00a0technologii Body Fit.\u00a0Dobra jako\u015b\u0107 oraz sprawdzony, sportowy kr\u00f3j. Idealny na upalne dni, dobry jako pi\u017cama, homewear czy pod sweter. Uniwersalny i ponadczasowy.\u00a0Sk\u0142ad: 100% bawe\u0142na.<\/p>\n<p>&nbsp;<\/p>\n","protected":false},"excerpt":{"rendered":"<p>Po prostu Basic &#8211; popielaty podkoszulek m\u0119ski na szerokich rami\u0105czkach, nr 1480 marki Henderson. Prawdziwa klasyka, o kt\u00f3rej \u017caden m\u0119\u017cczyzna nie powinien zapomnie\u0107. Dopasowany do cia\u0142a, elastyczny,\u00a0wykonany w\u00a0technologii Body Fit.\u00a0Dobra jako\u015b\u0107 oraz sprawdzony, sportowy kr\u00f3j. Idealny na upalne dni, dobry jako pi\u017cama, homewear czy pod sweter. Uniwersalny i ponadczasowy.\u00a0Sk\u0142ad: 100% bawe\u0142na. &nbsp;<\/p>\n","protected":false},"featured_media":15851,"comment_status":"open","ping_status":"closed","template":"","meta":[],"product_brand":[],"product_cat":[29,990,24,41,42,43,44,45],"product_tag":[2363,2498,2495,2496,2336,2500,2168,2277,2503,2492,2504,2502,2494,2499,993,2501,2497,2282,2266,2267,2491],"class_list":{"0":"post-9448","1":"product","2":"type-product","3":"status-publish","4":"has-post-thumbnail","6":"product_cat-bielizna","7":"product_cat-koszulki","8":"product_cat-produkty","9":"product_cat-l","10":"product_cat-xl","11":"product_cat-2xl","12":"product_cat-3xl","13":"product_cat-4xl","14":"product_tag-100-bawelny","15":"product_tag-dobra-jakosc","16":"product_tag-dopasowany-do-ciala","17":"product_tag-elastyczny","18":"product_tag-firma-henderson","19":"product_tag-idealny-na-upaly","20":"product_tag-idealny-pod-jesiennymi-sweterkami","21":"product_tag-l","22":"product_tag-podkoszulek-1480-j27-popiel","23":"product_tag-podkoszulka-basic","24":"product_tag-popiel","25":"product_tag-popiel-j27-m","26":"product_tag-prawdziwa-klasyka","27":"product_tag-sportowy-kroj","28":"product_tag-szerokie-ramiaczka","29":"product_tag-uniwersalny-i-ponadczasowy","30":"product_tag-w-technologii-body-fit","31":"product_tag-xl","32":"product_tag-xxl","33":"product_tag-xxxl","34":"product_tag-xxxxl","36":"first","37":"instock","38":"taxable","39":"shipping-taxable","40":"purchasable","41":"product-type-simple"},"_links":{"self":[{"href":"https:\/\/butikhome.pl\/index.php\/wp-json\/wp\/v2\/product\/9448","targetHints":{"allow":["GET"]}}],"collection":[{"href":"https:\/\/butikhome.pl\/index.php\/wp-json\/wp\/v2\/product"}],"about":[{"href":"https:\/\/butikhome.pl\/index.php\/wp-json\/wp\/v2\/types\/product"}],"replies":[{"embeddable":true,"href":"https:\/\/butikhome.pl\/index.php\/wp-json\/wp\/v2\/comments?post=9448"}],"wp:featuredmedia":[{"embeddable":true,"href":"https:\/\/butikhome.pl\/index.php\/wp-json\/wp\/v2\/media\/15851"}],"wp:attachment":[{"href":"https:\/\/butikhome.pl\/index.php\/wp-json\/wp\/v2\/media?parent=9448"}],"wp:term":[{"taxonomy":"product_brand","embeddable":true,"href":"https:\/\/butikhome.pl\/index.php\/wp-json\/wp\/v2\/product_brand?post=9448"},{"taxonomy":"product_cat","embeddable":true,"href":"https:\/\/butikhome.pl\/index.php\/wp-json\/wp\/v2\/product_cat?post=9448"},{"taxonomy":"product_tag","embeddable":true,"href":"https:\/\/butikhome.pl\/index.php\/wp-json\/wp\/v2\/product_tag?post=9448"}],"curies":[{"name":"wp","href":"https:\/\/api.w.org\/{rel}","templated":true}]}}