{"id":9576,"date":"2023-03-29T16:01:22","date_gmt":"2023-03-29T14:01:22","guid":{"rendered":"https:\/\/butikhome.pl\/index.php\/produkt\/biustonosz-hebe-b4\/"},"modified":"2023-07-03T14:04:27","modified_gmt":"2023-07-03T12:04:27","slug":"biustonosz-hebe-b4","status":"publish","type":"product","link":"https:\/\/butikhome.pl\/index.php\/produkt\/biustonosz-hebe-b4\/","title":{"rendered":"Biustonosz Hebe\/B4"},"content":{"rendered":"<p>    -Biustonosz usztywniany<br \/>\n    -Fiszbiny dolne<br \/>\n    -Kobieca stylistyka<br \/>\n    -Koronkowe zdobienia<br \/>\n    -Nieodpinane rami\u0105czka<br \/>\n    -Pakowany w pude\u0142ko<br \/>\n    -Produkt polski<br \/>\n    -Przyjemna w dotyku, mi\u0119kka dzianina\/tkanina<br \/>\n    -Rami\u0105czka regulowane<br \/>\n    -Wewn\u0119trzna cz\u0119\u015b\u0107 miseczek pokryta bawe\u0142n\u0105<br \/>\n    -Wysoka jako\u015b\u0107<br \/>\n    -Elastan: 5%<br \/>\n    -Poliamid: 70%<br \/>\n    -Poliester: 25%<\/p>\n","protected":false},"excerpt":{"rendered":"<p>-Biustonosz usztywniany -Fiszbiny dolne -Kobieca stylistyka -Koronkowe zdobienia -Nieodpinane rami\u0105czka -Pakowany w pude\u0142ko -Produkt polski -Przyjemna w dotyku, mi\u0119kka dzianina\/tkanina -Rami\u0105czka regulowane -Wewn\u0119trzna cz\u0119\u015b\u0107 miseczek pokryta bawe\u0142n\u0105 -Wysoka jako\u015b\u0107 -Elastan: 5% -Poliamid: 70% -Poliester: 25%<\/p>\n","protected":false},"featured_media":15741,"comment_status":"open","ping_status":"closed","template":"","meta":[],"product_brand":[],"product_cat":[1556,1557,1560,1564,1568,1569,1577,1578,629,24],"product_tag":[1482,1485,1488,1492,1493,1499,1500,2258,1835,1673,1873,681,2176,1479,206,1480,1297,1078,1679,664,668,301],"class_list":{"0":"post-9576","1":"product","2":"type-product","3":"status-publish","4":"has-post-thumbnail","6":"product_cat-75-c","7":"product_cat-75-d","8":"product_cat-75-g","9":"product_cat-80-b","10":"product_cat-80-f","11":"product_cat-80-g","12":"product_cat-85-f","13":"product_cat-85-g","14":"product_cat-biustonosze-podkategoria-do-bielizny","15":"product_cat-produkty","16":"product_tag-75-d","17":"product_tag-75-g","18":"product_tag-80-b","19":"product_tag-80-f","20":"product_tag-80-g","21":"product_tag-85-f","22":"product_tag-85-g","23":"product_tag-biustonosz-hebe-b4-fioletowy","24":"product_tag-biustonosz-usztywniany","25":"product_tag-fioletowy","26":"product_tag-fioletowy-75-c","27":"product_tag-fiszbiny-dolne","28":"product_tag-gortex","29":"product_tag-kobieca-stylistyka","30":"product_tag-koronkowe-zdobienia","31":"product_tag-nieodpinane-ramiaczka","32":"product_tag-pakowane-w-pudelko","33":"product_tag-polski-produkt","34":"product_tag-przyjemna-w-dotyku-miekka-dzianina-tkanina","35":"product_tag-ramiaczka-regulowane","36":"product_tag-wewnetrzna-czesc-miseczek-wyscielana-bawelna","37":"product_tag-wysoka-jakosc","39":"first","40":"instock","41":"taxable","42":"shipping-taxable","43":"purchasable","44":"product-type-simple"},"_links":{"self":[{"href":"https:\/\/butikhome.pl\/index.php\/wp-json\/wp\/v2\/product\/9576","targetHints":{"allow":["GET"]}}],"collection":[{"href":"https:\/\/butikhome.pl\/index.php\/wp-json\/wp\/v2\/product"}],"about":[{"href":"https:\/\/butikhome.pl\/index.php\/wp-json\/wp\/v2\/types\/product"}],"replies":[{"embeddable":true,"href":"https:\/\/butikhome.pl\/index.php\/wp-json\/wp\/v2\/comments?post=9576"}],"wp:featuredmedia":[{"embeddable":true,"href":"https:\/\/butikhome.pl\/index.php\/wp-json\/wp\/v2\/media\/15741"}],"wp:attachment":[{"href":"https:\/\/butikhome.pl\/index.php\/wp-json\/wp\/v2\/media?parent=9576"}],"wp:term":[{"taxonomy":"product_brand","embeddable":true,"href":"https:\/\/butikhome.pl\/index.php\/wp-json\/wp\/v2\/product_brand?post=9576"},{"taxonomy":"product_cat","embeddable":true,"href":"https:\/\/butikhome.pl\/index.php\/wp-json\/wp\/v2\/product_cat?post=9576"},{"taxonomy":"product_tag","embeddable":true,"href":"https:\/\/butikhome.pl\/index.php\/wp-json\/wp\/v2\/product_tag?post=9576"}],"curies":[{"name":"wp","href":"https:\/\/api.w.org\/{rel}","templated":true}]}}