{"id":9585,"date":"2023-03-29T16:01:26","date_gmt":"2023-03-29T14:01:26","guid":{"rendered":"https:\/\/butikhome.pl\/index.php\/produkt\/biustonosz-jackson-b4\/"},"modified":"2023-07-03T13:50:15","modified_gmt":"2023-07-03T11:50:15","slug":"biustonosz-jackson-b4","status":"publish","type":"product","link":"https:\/\/butikhome.pl\/index.php\/produkt\/biustonosz-jackson-b4\/","title":{"rendered":"Biustonosz Jackson\/B4"},"content":{"rendered":"<p>    -Biustonosz usztywniany<br \/>\n    -Fiszbiny boczne<br \/>\n    -Fiszbiny dolne<br \/>\n    -G\u0142\u0119bokie, wygodne miseczki<br \/>\n    -Koronkowe zdobienia<br \/>\n    -Na wi\u0119ksze biusty<br \/>\n    -Nieodpinane rami\u0105czka<br \/>\n    -Obw\u00f3d biustonosza regulowany<br \/>\n    -Pakowany w pude\u0142ko<br \/>\n    -Produkt polski<br \/>\n    -Przyjemna w dotyku, mi\u0119kka dzianina\/tkanina<br \/>\n    -Rami\u0105czka regulowane<br \/>\n    -Wewn\u0119trzna cz\u0119\u015b\u0107 miseczek pokryta bawe\u0142n\u0105<br \/>\n    -Wykonana z elastycznego materia\u0142u<br \/>\n    -Wysoka jako\u015b\u0107<br \/>\n    -Zbiera piersi z bok\u00f3w do \u015brodka dekoltu<br \/>\n    -Bawe\u0142na: 10%<br \/>\n    -Elastan: 5%<br \/>\n    -Poliamid: 65%<br \/>\n    -Poliester: 20%<\/p>\n","protected":false},"excerpt":{"rendered":"<p>-Biustonosz usztywniany -Fiszbiny boczne -Fiszbiny dolne -G\u0142\u0119bokie, wygodne miseczki -Koronkowe zdobienia -Na wi\u0119ksze biusty -Nieodpinane rami\u0105czka -Obw\u00f3d biustonosza regulowany -Pakowany w pude\u0142ko -Produkt polski -Przyjemna w dotyku, mi\u0119kka dzianina\/tkanina -Rami\u0105czka regulowane -Wewn\u0119trzna cz\u0119\u015b\u0107 miseczek pokryta bawe\u0142n\u0105 -Wykonana z elastycznego materia\u0142u -Wysoka jako\u015b\u0107 -Zbiera piersi z bok\u00f3w do \u015brodka dekoltu -Bawe\u0142na: 10% -Elastan: 5% -Poliamid: 65% &hellip; <\/p>\n","protected":false},"featured_media":15738,"comment_status":"open","ping_status":"closed","template":"","meta":[],"product_brand":[],"product_cat":[1556,1557,1558,1559,629,24],"product_tag":[1482,1483,1484,2257,1835,1650,2256,1684,1875,1618,2176,206,1601,1480,661,1297,1679,1658,1622,1703,301],"class_list":{"0":"post-9585","1":"product","2":"type-product","3":"status-publish","4":"has-post-thumbnail","6":"product_cat-75-c","7":"product_cat-75-d","8":"product_cat-75-e","9":"product_cat-75-f","10":"product_cat-biustonosze-podkategoria-do-bielizny","11":"product_cat-produkty","12":"product_tag-75-d","13":"product_tag-75-e","14":"product_tag-75-f","15":"product_tag-biustonosz-jackson-b4-czarno-bezowy","16":"product_tag-biustonosz-usztywniany","17":"product_tag-czarno-bezowy","18":"product_tag-czarno-bezowy-75-c","19":"product_tag-dobrze-zbiera-piersi-i-przesuwa-je-do-srodka","20":"product_tag-fiszbiny-boczne-i-dolne","21":"product_tag-glebokie-wygodne-miseczki","22":"product_tag-gortex","23":"product_tag-koronkowe-zdobienia","24":"product_tag-na-wieksze-biusty","25":"product_tag-nieodpinane-ramiaczka","26":"product_tag-obwod-biustonosza-regulowany","27":"product_tag-pakowane-w-pudelko","28":"product_tag-przyjemna-w-dotyku-miekka-dzianina-tkanina","29":"product_tag-regulowane-ramiaczka","30":"product_tag-wewnetrzna-czesc-miseczek-pokryta-bawelna","31":"product_tag-wykonany-z-elastycznego-materialu","32":"product_tag-wysoka-jakosc","34":"first","35":"instock","36":"taxable","37":"shipping-taxable","38":"purchasable","39":"product-type-simple"},"_links":{"self":[{"href":"https:\/\/butikhome.pl\/index.php\/wp-json\/wp\/v2\/product\/9585","targetHints":{"allow":["GET"]}}],"collection":[{"href":"https:\/\/butikhome.pl\/index.php\/wp-json\/wp\/v2\/product"}],"about":[{"href":"https:\/\/butikhome.pl\/index.php\/wp-json\/wp\/v2\/types\/product"}],"replies":[{"embeddable":true,"href":"https:\/\/butikhome.pl\/index.php\/wp-json\/wp\/v2\/comments?post=9585"}],"wp:featuredmedia":[{"embeddable":true,"href":"https:\/\/butikhome.pl\/index.php\/wp-json\/wp\/v2\/media\/15738"}],"wp:attachment":[{"href":"https:\/\/butikhome.pl\/index.php\/wp-json\/wp\/v2\/media?parent=9585"}],"wp:term":[{"taxonomy":"product_brand","embeddable":true,"href":"https:\/\/butikhome.pl\/index.php\/wp-json\/wp\/v2\/product_brand?post=9585"},{"taxonomy":"product_cat","embeddable":true,"href":"https:\/\/butikhome.pl\/index.php\/wp-json\/wp\/v2\/product_cat?post=9585"},{"taxonomy":"product_tag","embeddable":true,"href":"https:\/\/butikhome.pl\/index.php\/wp-json\/wp\/v2\/product_tag?post=9585"}],"curies":[{"name":"wp","href":"https:\/\/api.w.org\/{rel}","templated":true}]}}