{"id":9590,"date":"2023-03-29T16:01:28","date_gmt":"2023-03-29T14:01:28","guid":{"rendered":"https:\/\/butikhome.pl\/index.php\/produkt\/biustonosz-lana-b4\/"},"modified":"2023-07-03T11:40:40","modified_gmt":"2023-07-03T09:40:40","slug":"biustonosz-lana-b4","status":"publish","type":"product","link":"https:\/\/butikhome.pl\/index.php\/produkt\/biustonosz-lana-b4\/","title":{"rendered":"Biustonosz Lana\/B4"},"content":{"rendered":"<p>Zmys\u0142owy i zjawiskowy biustonosz w czarno-r\u00f3\u017cowym kolorze. R\u00f3\u017c w wersji przygaszonej, stonowanej, \u015bwietnie komponuje si\u0119 z lekko\u015bci\u0105 czarnego tiulu. Miseczki w kropki, z koronkowym dekorem. Dekolt r\u00f3wnie\u017c z koronkow\u0105 lam\u00f3wk\u0105. Konstrukcja usztywniana, na fiszbinach. Nowa kolekcja marki Gorteks. Sk\u0142ad: 65% poliamid, 20% poliester, 10% bawe\u0142na, 5% elastan.<\/p>\n","protected":false},"excerpt":{"rendered":"<p>Zmys\u0142owy i zjawiskowy biustonosz w czarno-r\u00f3\u017cowym kolorze. R\u00f3\u017c w wersji przygaszonej, stonowanej, \u015bwietnie komponuje si\u0119 z lekko\u015bci\u0105 czarnego tiulu. Miseczki w kropki, z koronkowym dekorem. Dekolt r\u00f3wnie\u017c z koronkow\u0105 lam\u00f3wk\u0105. Konstrukcja usztywniana, na fiszbinach. Nowa kolekcja marki Gorteks. Sk\u0142ad: 65% poliamid, 20% poliester, 10% bawe\u0142na, 5% elastan.<\/p>\n","protected":false},"featured_media":15734,"comment_status":"open","ping_status":"closed","template":"","meta":[],"product_brand":[],"product_cat":[1594,629,24],"product_tag":[2246,1835,1910,2245,2176,138,2249,2248,1078,1999,2247,2250,1986,2234,2077],"class_list":{"0":"post-9590","1":"product","2":"type-product","3":"status-publish","4":"has-post-thumbnail","6":"product_cat-95-e","7":"product_cat-biustonosze-podkategoria-do-bielizny","8":"product_cat-produkty","9":"product_tag-biustonosz-lana-b4","10":"product_tag-biustonosz-usztywniany","11":"product_tag-czarno-rozowy","12":"product_tag-czarno-rozowy-95-e","13":"product_tag-gortex","14":"product_tag-koronkowa-lamowka","15":"product_tag-koronkowy-dekor","16":"product_tag-miseczki-w-kropki","17":"product_tag-polski-produkt","18":"product_tag-ramiaczka-nieodpinane","19":"product_tag-rozowy-przygaszony-z-lekkoscia-czarnego-tiulu","20":"product_tag-typu-balkonetka","21":"product_tag-z-fiszbinami-bocznymi-i-dolnymi","22":"product_tag-zjawiskowy","23":"product_tag-zmyslowy","25":"first","26":"instock","27":"taxable","28":"shipping-taxable","29":"purchasable","30":"product-type-simple"},"_links":{"self":[{"href":"https:\/\/butikhome.pl\/index.php\/wp-json\/wp\/v2\/product\/9590","targetHints":{"allow":["GET"]}}],"collection":[{"href":"https:\/\/butikhome.pl\/index.php\/wp-json\/wp\/v2\/product"}],"about":[{"href":"https:\/\/butikhome.pl\/index.php\/wp-json\/wp\/v2\/types\/product"}],"replies":[{"embeddable":true,"href":"https:\/\/butikhome.pl\/index.php\/wp-json\/wp\/v2\/comments?post=9590"}],"wp:featuredmedia":[{"embeddable":true,"href":"https:\/\/butikhome.pl\/index.php\/wp-json\/wp\/v2\/media\/15734"}],"wp:attachment":[{"href":"https:\/\/butikhome.pl\/index.php\/wp-json\/wp\/v2\/media?parent=9590"}],"wp:term":[{"taxonomy":"product_brand","embeddable":true,"href":"https:\/\/butikhome.pl\/index.php\/wp-json\/wp\/v2\/product_brand?post=9590"},{"taxonomy":"product_cat","embeddable":true,"href":"https:\/\/butikhome.pl\/index.php\/wp-json\/wp\/v2\/product_cat?post=9590"},{"taxonomy":"product_tag","embeddable":true,"href":"https:\/\/butikhome.pl\/index.php\/wp-json\/wp\/v2\/product_tag?post=9590"}],"curies":[{"name":"wp","href":"https:\/\/api.w.org\/{rel}","templated":true}]}}