{"id":9594,"date":"2023-03-29T16:01:29","date_gmt":"2023-03-29T14:01:29","guid":{"rendered":"https:\/\/butikhome.pl\/index.php\/produkt\/biustonosz-lima-b4\/"},"modified":"2023-06-30T15:17:12","modified_gmt":"2023-06-30T13:17:12","slug":"biustonosz-lima-b4","status":"publish","type":"product","link":"https:\/\/butikhome.pl\/index.php\/produkt\/biustonosz-lima-b4\/","title":{"rendered":"Biustonosz Lima\/B4"},"content":{"rendered":"<p>    -Biustonosz usztywniany<br \/>\n    -Fiszbiny boczne<br \/>\n    -G\u0142\u0119bokie, wygodne miseczki<br \/>\n    -Kobieca stylistyka<br \/>\n    -Koronkowe zdobienia<br \/>\n    -Nieodpinane rami\u0105czka<br \/>\n    -Obw\u00f3d biustonosza regulowany<br \/>\n    -Pakowany w pude\u0142ko<br \/>\n    -Produkt polski<br \/>\n    -Przyjemna w dotyku, mi\u0119kka dzianina\/tkanina<br \/>\n    -Rami\u0105czka regulowane<br \/>\n    -Stonowana kolorystyka<br \/>\n    -Wewn\u0119trzna cz\u0119\u015b\u0107 miseczek pokryta bawe\u0142n\u0105<br \/>\n    -Wykonana z elastycznego materia\u0142u<br \/>\n    -Wysoka jako\u015b\u0107<br \/>\n    -Bawe\u0142na: 10%<br \/>\n    -Elastan: 5%<br \/>\n    -Poliamid: 65%<br \/>\n    -Poliester: 20%<\/p>\n","protected":false},"excerpt":{"rendered":"<p>-Biustonosz usztywniany -Fiszbiny boczne -G\u0142\u0119bokie, wygodne miseczki -Kobieca stylistyka -Koronkowe zdobienia -Nieodpinane rami\u0105czka -Obw\u00f3d biustonosza regulowany -Pakowany w pude\u0142ko -Produkt polski -Przyjemna w dotyku, mi\u0119kka dzianina\/tkanina -Rami\u0105czka regulowane -Stonowana kolorystyka -Wewn\u0119trzna cz\u0119\u015b\u0107 miseczek pokryta bawe\u0142n\u0105 -Wykonana z elastycznego materia\u0142u -Wysoka jako\u015b\u0107 -Bawe\u0142na: 10% -Elastan: 5% -Poliamid: 65% -Poliester: 20%<\/p>\n","protected":false},"featured_media":15732,"comment_status":"open","ping_status":"closed","template":"","meta":[],"product_brand":[],"product_cat":[1558,1569,629,24],"product_tag":[1493,2243,1835,1469,1618,2176,1479,206,2242,1480,661,1297,1078,1679,664,2244,1622,301,1339],"class_list":{"0":"post-9594","1":"product","2":"type-product","3":"status-publish","4":"has-post-thumbnail","6":"product_cat-75-e","7":"product_cat-80-g","8":"product_cat-biustonosze-podkategoria-do-bielizny","9":"product_cat-produkty","10":"product_tag-80-g","11":"product_tag-biustonosz-lima-b4","12":"product_tag-biustonosz-usztywniany","13":"product_tag-fiszbiny-boczne","14":"product_tag-glebokie-wygodne-miseczki","15":"product_tag-gortex","16":"product_tag-kobieca-stylistyka","17":"product_tag-koronkowe-zdobienia","18":"product_tag-kremowo-rozowy-75-e","19":"product_tag-nieodpinane-ramiaczka","20":"product_tag-obwod-biustonosza-regulowany","21":"product_tag-pakowane-w-pudelko","22":"product_tag-polski-produkt","23":"product_tag-przyjemna-w-dotyku-miekka-dzianina-tkanina","24":"product_tag-ramiaczka-regulowane","25":"product_tag-rozowo-kremowy","26":"product_tag-wewnetrzna-czesc-miseczek-pokryta-bawelna","27":"product_tag-wysoka-jakosc","28":"product_tag-z-elastycznego-materialu","30":"first","31":"instock","32":"taxable","33":"shipping-taxable","34":"purchasable","35":"product-type-simple"},"_links":{"self":[{"href":"https:\/\/butikhome.pl\/index.php\/wp-json\/wp\/v2\/product\/9594","targetHints":{"allow":["GET"]}}],"collection":[{"href":"https:\/\/butikhome.pl\/index.php\/wp-json\/wp\/v2\/product"}],"about":[{"href":"https:\/\/butikhome.pl\/index.php\/wp-json\/wp\/v2\/types\/product"}],"replies":[{"embeddable":true,"href":"https:\/\/butikhome.pl\/index.php\/wp-json\/wp\/v2\/comments?post=9594"}],"wp:featuredmedia":[{"embeddable":true,"href":"https:\/\/butikhome.pl\/index.php\/wp-json\/wp\/v2\/media\/15732"}],"wp:attachment":[{"href":"https:\/\/butikhome.pl\/index.php\/wp-json\/wp\/v2\/media?parent=9594"}],"wp:term":[{"taxonomy":"product_brand","embeddable":true,"href":"https:\/\/butikhome.pl\/index.php\/wp-json\/wp\/v2\/product_brand?post=9594"},{"taxonomy":"product_cat","embeddable":true,"href":"https:\/\/butikhome.pl\/index.php\/wp-json\/wp\/v2\/product_cat?post=9594"},{"taxonomy":"product_tag","embeddable":true,"href":"https:\/\/butikhome.pl\/index.php\/wp-json\/wp\/v2\/product_tag?post=9594"}],"curies":[{"name":"wp","href":"https:\/\/api.w.org\/{rel}","templated":true}]}}