{"id":9597,"date":"2023-03-29T16:01:30","date_gmt":"2023-03-29T14:01:30","guid":{"rendered":"https:\/\/butikhome.pl\/index.php\/produkt\/biustonosz-linda-ii-bialy\/"},"modified":"2023-06-30T13:36:10","modified_gmt":"2023-06-30T11:36:10","slug":"biustonosz-linda-ii-bialy","status":"publish","type":"product","link":"https:\/\/butikhome.pl\/index.php\/produkt\/biustonosz-linda-ii-bialy\/","title":{"rendered":"Biustonosz Linda II Bia\u0142y"},"content":{"rendered":"<p>Zjawiskowy, bia\u0142y biustonosz Linda II. Pokryty per\u0142owym blaskiem, ozdobiony stylowymi kwiatami. Biustonosz zdecydowanie wyr\u00f3\u017cnia si\u0119 swym wzornictwem. Wspania\u0142y fason szczeg\u00f3lnie podkre\u015bli pi\u0119kno pe\u0142niejszych biust\u00f3w. Miseczki \u0142adnie unosz\u0105 i przybli\u017caj\u0105 piersi zmys\u0142owo je modeluj\u0105c. Koronka seksownie dope\u0142nia ca\u0142o\u015bci. Polecany wymagaj\u0105cym kobietom.<\/p>\n","protected":false},"excerpt":{"rendered":"<p>Zjawiskowy, bia\u0142y biustonosz Linda II. Pokryty per\u0142owym blaskiem, ozdobiony stylowymi kwiatami. Biustonosz zdecydowanie wyr\u00f3\u017cnia si\u0119 swym wzornictwem. Wspania\u0142y fason szczeg\u00f3lnie podkre\u015bli pi\u0119kno pe\u0142niejszych biust\u00f3w. Miseczki \u0142adnie unosz\u0105 i przybli\u017caj\u0105 piersi zmys\u0142owo je modeluj\u0105c. Koronka seksownie dope\u0142nia ca\u0142o\u015bci. Polecany wymagaj\u0105cym kobietom.<\/p>\n","protected":false},"featured_media":15730,"comment_status":"open","ping_status":"closed","template":"","meta":[],"product_brand":[],"product_cat":[629,24],"product_tag":[1798,1789,1790,1791,1606,1610,1611,1599,1482,1483,1484,1485,1488,1489,1490,1491,1492,1494,1495,1496,1497,1498,1499,1500,1630,1501,1502,1503,1504,1505,1633,1634,1506,1507,1508,1637,1704,2183,2241,2176,199,2238,2239,2236,2237,2235,2234,2240],"class_list":{"0":"post-9597","1":"product","2":"type-product","3":"status-publish","4":"has-post-thumbnail","6":"product_cat-biustonosze-podkategoria-do-bielizny","7":"product_cat-produkty","8":"product_tag-65-e","9":"product_tag-65-f","10":"product_tag-65-g","11":"product_tag-65-h","12":"product_tag-70-f","13":"product_tag-70-g","14":"product_tag-70-h","15":"product_tag-75-c","16":"product_tag-75-d","17":"product_tag-75-e","18":"product_tag-75-f","19":"product_tag-75-g","20":"product_tag-80-b","21":"product_tag-80-c","22":"product_tag-80-d","23":"product_tag-80-e","24":"product_tag-80-f","25":"product_tag-80-h","26":"product_tag-85-b","27":"product_tag-85-c","28":"product_tag-85-d","29":"product_tag-85-e","30":"product_tag-85-f","31":"product_tag-85-g","32":"product_tag-85-h","33":"product_tag-90-b","34":"product_tag-90-c","35":"product_tag-90-d","36":"product_tag-90-e","37":"product_tag-90-f","38":"product_tag-90-g","39":"product_tag-90-h","40":"product_tag-95-b","41":"product_tag-95-c","42":"product_tag-95-d","43":"product_tag-95-f","44":"product_tag-95-g","45":"product_tag-bialy-65-d","46":"product_tag-dla-wymagajacych-kobiet","47":"product_tag-gortex","48":"product_tag-koronkowe-wstawki","49":"product_tag-miseczki-ladnie-unosza-piersi","50":"product_tag-miseczki-przyblizaja-piersi","51":"product_tag-ozdobiony-stolowymi-kwiatami","52":"product_tag-pieknie-podkresla-biust","53":"product_tag-pokryty-perlowym-blaskiem","54":"product_tag-zjawiskowy","55":"product_tag-zmyslowo-modeluje-biust","57":"first","58":"instock","59":"taxable","60":"shipping-taxable","61":"purchasable","62":"product-type-simple"},"_links":{"self":[{"href":"https:\/\/butikhome.pl\/index.php\/wp-json\/wp\/v2\/product\/9597","targetHints":{"allow":["GET"]}}],"collection":[{"href":"https:\/\/butikhome.pl\/index.php\/wp-json\/wp\/v2\/product"}],"about":[{"href":"https:\/\/butikhome.pl\/index.php\/wp-json\/wp\/v2\/types\/product"}],"replies":[{"embeddable":true,"href":"https:\/\/butikhome.pl\/index.php\/wp-json\/wp\/v2\/comments?post=9597"}],"wp:featuredmedia":[{"embeddable":true,"href":"https:\/\/butikhome.pl\/index.php\/wp-json\/wp\/v2\/media\/15730"}],"wp:attachment":[{"href":"https:\/\/butikhome.pl\/index.php\/wp-json\/wp\/v2\/media?parent=9597"}],"wp:term":[{"taxonomy":"product_brand","embeddable":true,"href":"https:\/\/butikhome.pl\/index.php\/wp-json\/wp\/v2\/product_brand?post=9597"},{"taxonomy":"product_cat","embeddable":true,"href":"https:\/\/butikhome.pl\/index.php\/wp-json\/wp\/v2\/product_cat?post=9597"},{"taxonomy":"product_tag","embeddable":true,"href":"https:\/\/butikhome.pl\/index.php\/wp-json\/wp\/v2\/product_tag?post=9597"}],"curies":[{"name":"wp","href":"https:\/\/api.w.org\/{rel}","templated":true}]}}